{"id":2716,"date":"2022-10-16T21:20:56","date_gmt":"2022-10-16T21:20:56","guid":{"rendered":"https:\/\/encinardeljamon.com\/?post_type=product&#038;p=2716"},"modified":"2024-04-04T21:27:21","modified_gmt":"2024-04-04T21:27:21","slug":"kasteel-4-cervezas-33-cl-1-copa","status":"publish","type":"product","link":"https:\/\/encinardeljamon.com\/it\/product\/kasteel-4-cervezas-33-cl-1-copa\/","title":{"rendered":"Kasteel 4 birre 33 cl 1 bicchiere"},"content":{"rendered":"<p>Confezione Kasteel 4 birre 33 cl 1 bicchiere<\/p>\n<p>Cercate una birra da regalare? Questa confezione di Kasteelbier \u00e8 il regalo perfetto per ogni amante della birra belga. Questa confezione contiene quattro bottiglie da 33 cl di birra Kasteel (2 Kasteel Triple e 2 Kasteel Donker) e un bicchiere originale.<\/p>\n<p>Kasteel Tripel<\/p>\n<p>Kasteel Tripel \u00e8 una lager belga in stile Triple. Ha un colore dorato con riflessi arancioni e una testa densa e cremosa. Il suo aroma presenta note di luppolo, erbe, vaniglia e malto con un tocco fruttato. Al palato \u00e8 robusta, con un sapore agrumato e fruttato. Gradazione alcolica: 11 gradi.<\/p>\n<p>Kasteel Donker<\/p>\n<p>Kasteel Donker \u00e8 stata lanciata nel 1989 ed \u00e8 stata la prima birra della gamma Kasteel a essere prodotta da Kasteel Brouwerij Van Honsebrouck. \u00c8 una birra belga scura in stile Quadrupel con un profilo forte e robusto e un aroma di malto tostato e caff\u00e8. Il sapore \u00e8 dolce con note tostate di caramello, caff\u00e8 e cioccolato. Gradazione alcolica: 11 gradi.<\/p>\n<p>Casella Brouwerij Van Honsebrouck<\/p>\n<p>Kasteel Brouwerij Van Honsebrouck \u00e8 un birrificio belga a conduzione familiare situato a Emelgem, noto come il birrificio pi\u00f9 moderno d'Europa. Oltre alle birre Kasteel, il suo catalogo comprende altre grandi birre come Bacchus, Brigand e Filou, tra le altre.<\/p>","protected":false},"excerpt":{"rendered":"<p>Confezione Kasteel 4 birre 33 cl 1 bicchiere Siete alla ricerca di una birra da regalare? Questa confezione di Kasteelbier \u00e8 il regalo perfetto per ogni amante della birra belga. Questa confezione contiene quattro bottiglie da 33 cl di birra Kasteel (2 Kasteel Triple e 2 Kasteel Donker) e un bicchiere originale. Kasteel Tripel Kasteel Tripel Kasteel Tripel ...<\/p>\n<p class=\"read-more\"> <a class=\"\" href=\"https:\/\/encinardeljamon.com\/it\/product\/kasteel-4-cervezas-33-cl-1-copa\/\"> <span class=\"screen-reader-text\">Kasteel 4 birre 33 cl 1 bicchiere<\/span> Per saperne di pi\u00f9 \"<\/a><\/p>","protected":false},"featured_media":2718,"comment_status":"closed","ping_status":"closed","template":"","meta":{"site-sidebar-layout":"default","site-content-layout":"","ast-site-content-layout":"default","site-content-style":"default","site-sidebar-style":"default","ast-global-header-display":"","ast-banner-title-visibility":"","ast-main-header-display":"","ast-hfb-above-header-display":"","ast-hfb-below-header-display":"","ast-hfb-mobile-header-display":"","site-post-title":"","ast-breadcrumbs-content":"","ast-featured-img":"","footer-sml-layout":"","theme-transparent-header-meta":"default","adv-header-id-meta":"","stick-header-meta":"","header-above-stick-meta":"","header-main-stick-meta":"","header-below-stick-meta":"","astra-migrate-meta-layouts":"set","_joinchat":[]},"product_brand":[],"product_cat":[27,29],"product_tag":[],"yst_prominent_words":[],"class_list":{"0":"post-2716","1":"product","2":"type-product","3":"status-publish","4":"has-post-thumbnail","6":"product_cat-licores-vinos-y-cervezas","7":"product_cat-eventos-especiales","8":"desktop-align-left","9":"tablet-align-left","10":"mobile-align-left","12":"first","13":"instock","14":"taxable","15":"shipping-taxable","16":"purchasable","17":"product-type-simple"},"_links":{"self":[{"href":"https:\/\/encinardeljamon.com\/it\/wp-json\/wp\/v2\/product\/2716","targetHints":{"allow":["GET"]}}],"collection":[{"href":"https:\/\/encinardeljamon.com\/it\/wp-json\/wp\/v2\/product"}],"about":[{"href":"https:\/\/encinardeljamon.com\/it\/wp-json\/wp\/v2\/types\/product"}],"replies":[{"embeddable":true,"href":"https:\/\/encinardeljamon.com\/it\/wp-json\/wp\/v2\/comments?post=2716"}],"wp:featuredmedia":[{"embeddable":true,"href":"https:\/\/encinardeljamon.com\/it\/wp-json\/wp\/v2\/media\/2718"}],"wp:attachment":[{"href":"https:\/\/encinardeljamon.com\/it\/wp-json\/wp\/v2\/media?parent=2716"}],"wp:term":[{"taxonomy":"product_brand","embeddable":true,"href":"https:\/\/encinardeljamon.com\/it\/wp-json\/wp\/v2\/product_brand?post=2716"},{"taxonomy":"product_cat","embeddable":true,"href":"https:\/\/encinardeljamon.com\/it\/wp-json\/wp\/v2\/product_cat?post=2716"},{"taxonomy":"product_tag","embeddable":true,"href":"https:\/\/encinardeljamon.com\/it\/wp-json\/wp\/v2\/product_tag?post=2716"},{"taxonomy":"yst_prominent_words","embeddable":true,"href":"https:\/\/encinardeljamon.com\/it\/wp-json\/wp\/v2\/yst_prominent_words?post=2716"}],"curies":[{"name":"wp","href":"https:\/\/api.w.org\/{rel}","templated":true}]}}