{"id":2714,"date":"2022-10-16T21:18:43","date_gmt":"2022-10-16T21:18:43","guid":{"rendered":"https:\/\/encinardeljamon.com\/?post_type=product&#038;p=2714"},"modified":"2024-04-04T21:27:44","modified_gmt":"2024-04-04T21:27:44","slug":"gulden-draak-5-cervezas-33-cl-1-vaso","status":"publish","type":"product","link":"https:\/\/encinardeljamon.com\/it\/product\/gulden-draak-5-cervezas-33-cl-1-vaso\/","title":{"rendered":"Gulden Draak 5 birre 33 cl 1 bicchiere"},"content":{"rendered":"<blockquote><p>Confezione Gulden Draak 5 birre 33 cl 1 bicchiere<\/p><\/blockquote>\n<p>Cercate una birra da regalare? Questa confezione di birra Gulden Draak \u00e8 il regalo perfetto per ogni amante della birra belga. La confezione contiene cinque bottiglie da 33 cl di birra Gulden Draak e la tipica coppa Gulden Draak Dragon Egg.<\/p>\n<p>1 Gulden Draak classico<\/p>\n<p>1 Gulden Draak 9000<\/p>\n<p>1 Gulden Draak affumicato<\/p>\n<p>1 Gulden Draak Imperial Stout<\/p>\n<p>1 Gulden Draak Brewmaster<\/p>\n<p>Gulden Draak Classico<\/p>\n<p>Gulden Draak Classic \u00e8 il fiore all'occhiello di Brouwerij Van Steenberge. Questa Strong Dark Ale \u00e8 prodotta con materie prime di altissima qualit\u00e0, come acqua, malto, lieviti esclusivi e luppolo nobile. Durante il processo di birrificazione viene aggiunto il lievito di vino, che le conferisce il suo gusto unico e caratteristico. Gulden Draak ha un colore scuro e una testa densa e cremosa. Ha un aroma complesso di malto, caff\u00e8 e lievito e un gusto dolce di toffee e caramello con un finale amaro. 10,5% ABV.<\/p>\n<p>Gulden Draak 9000<\/p>\n<p>Gulden Draak 9000 \u00e8 una tipica birra quadrupla belga prodotta con fermentazione superiore e secondaria in bottiglia con quattro variet\u00e0 di malto. Il risultato \u00e8 una birra ambrata con una testa cremosa e un aroma complesso e fruttato. Al palato \u00e8 dolce con un sapore di malto tostato. 10,5% ABV.<\/p>\n<p>Gulden Draak affumicato<\/p>\n<p>Gulden Draak Smoked \u00e8 prodotta con un processo di affumicatura. Questo antico metodo di affumicatura del malto conferisce alla birra un sapore caratteristico che la rende unica. Ha un colore mogano scuro con una ricca schiuma. Il suo aroma affumicato con una nota di malto tostato si combina perfettamente con il suo sapore affumicato, di caramello e di cioccolato. 10,5% ABV.<\/p>\n<p>Stout imperiale Gulden Draak<\/p>\n<p>Gulden Draak Imperial Stout \u00e8 una Stout dal profilo potente, con alta fermentazione e fermentazione secondaria in bottiglia. Il malto caramellato le conferisce il caratteristico sapore di malto tostato. \u00c8 una birra di colore scuro con una testa beige e un aroma fruttato di banana e cioccolato. Al palato \u00e8 una birra scura con un sapore complesso di cereali tostati, cioccolato e vaniglia. 12% ABV.<\/p>\n<p>Mastro birraio Gulden Draak<\/p>\n<p>Gulden Draak Brewmaster \u00e8 una birra prodotta con una base di Gulden Draak Classic maturata in botti di whisky. Ha un colore ambrato, un aroma di legno, vaniglia e malto e un sapore intenso e dolce di caramello e vaniglia. Questa birra \u00e8 stata creata in onore dei mastri birrai della Brouwerij Van Steenberge in generale e di Josef Van Steenberge in particolare, il mastro birraio di quinta generazione. 10,5% ABV.<\/p>","protected":false},"excerpt":{"rendered":"<p>Confezione Gulden Draak 5 birre 33 cl 1 bicchiere Siete alla ricerca di una birra da regalare? Questa confezione di birra Gulden Draak \u00e8 il regalo perfetto per ogni amante della birra belga. La confezione contiene cinque bottiglie da 33 cl di birra Gulden Draak e il tipico bicchiere Gulden Draak Dragon Egg Cup. 1 Gulden Draak ...<\/p>\n<p class=\"read-more\"> <a class=\"\" href=\"https:\/\/encinardeljamon.com\/it\/product\/gulden-draak-5-cervezas-33-cl-1-vaso\/\"> <span class=\"screen-reader-text\">Gulden Draak 5 birre 33 cl 1 bicchiere<\/span> Per saperne di pi\u00f9 \"<\/a><\/p>","protected":false},"featured_media":2715,"comment_status":"closed","ping_status":"closed","template":"","meta":{"site-sidebar-layout":"default","site-content-layout":"","ast-site-content-layout":"default","site-content-style":"default","site-sidebar-style":"default","ast-global-header-display":"","ast-banner-title-visibility":"","ast-main-header-display":"","ast-hfb-above-header-display":"","ast-hfb-below-header-display":"","ast-hfb-mobile-header-display":"","site-post-title":"","ast-breadcrumbs-content":"","ast-featured-img":"","footer-sml-layout":"","theme-transparent-header-meta":"default","adv-header-id-meta":"","stick-header-meta":"","header-above-stick-meta":"","header-main-stick-meta":"","header-below-stick-meta":"","astra-migrate-meta-layouts":"set","_joinchat":[]},"product_brand":[],"product_cat":[27,29],"product_tag":[],"yst_prominent_words":[],"class_list":{"0":"post-2714","1":"product","2":"type-product","3":"status-publish","4":"has-post-thumbnail","6":"product_cat-licores-vinos-y-cervezas","7":"product_cat-eventos-especiales","8":"desktop-align-left","9":"tablet-align-left","10":"mobile-align-left","12":"first","13":"instock","14":"taxable","15":"shipping-taxable","16":"purchasable","17":"product-type-simple"},"_links":{"self":[{"href":"https:\/\/encinardeljamon.com\/it\/wp-json\/wp\/v2\/product\/2714","targetHints":{"allow":["GET"]}}],"collection":[{"href":"https:\/\/encinardeljamon.com\/it\/wp-json\/wp\/v2\/product"}],"about":[{"href":"https:\/\/encinardeljamon.com\/it\/wp-json\/wp\/v2\/types\/product"}],"replies":[{"embeddable":true,"href":"https:\/\/encinardeljamon.com\/it\/wp-json\/wp\/v2\/comments?post=2714"}],"wp:featuredmedia":[{"embeddable":true,"href":"https:\/\/encinardeljamon.com\/it\/wp-json\/wp\/v2\/media\/2715"}],"wp:attachment":[{"href":"https:\/\/encinardeljamon.com\/it\/wp-json\/wp\/v2\/media?parent=2714"}],"wp:term":[{"taxonomy":"product_brand","embeddable":true,"href":"https:\/\/encinardeljamon.com\/it\/wp-json\/wp\/v2\/product_brand?post=2714"},{"taxonomy":"product_cat","embeddable":true,"href":"https:\/\/encinardeljamon.com\/it\/wp-json\/wp\/v2\/product_cat?post=2714"},{"taxonomy":"product_tag","embeddable":true,"href":"https:\/\/encinardeljamon.com\/it\/wp-json\/wp\/v2\/product_tag?post=2714"},{"taxonomy":"yst_prominent_words","embeddable":true,"href":"https:\/\/encinardeljamon.com\/it\/wp-json\/wp\/v2\/yst_prominent_words?post=2714"}],"curies":[{"name":"wp","href":"https:\/\/api.w.org\/{rel}","templated":true}]}}