{"id":2708,"date":"2022-10-16T21:13:55","date_gmt":"2022-10-16T21:13:55","guid":{"rendered":"https:\/\/encinardeljamon.com\/?post_type=product&#038;p=2708"},"modified":"2024-04-04T21:30:24","modified_gmt":"2024-04-04T21:30:24","slug":"grimbergen-4-cervezas-1-vaso","status":"publish","type":"product","link":"https:\/\/encinardeljamon.com\/it\/product\/grimbergen-4-cervezas-1-vaso\/","title":{"rendered":"Grimbergen 4 birre 1 bicchiere"},"content":{"rendered":"<p>Confezione di birra Grimbergen 4 birre da 33 cl 1 bicchiere<\/p>\n<p>Vi state chiedendo cosa regalare a un amante della birra belga? Questa confezione contiene 4 bottiglie di birra Grimbergen Abbey e un bicchiere originale: 1 bottiglia di Grimbergen Dubbel, 1 bottiglia di Grimbergen Tripel, 1 bottiglia di Grimbergen Blonde e 1 bottiglia di Grimbergen Caract\u00e9re Houblon. Ideale come omaggio o regalo di birra. Le birre dell'Abbazia di Grimbergen sono note anche come le birre della Fenice.<\/p>\n<p>Grimbergen Dubbel<\/p>\n<p>Grimbergen Double \/ Dubbel \u00e8 una birra scura d'abbazia prodotta con una prima fermentazione in serbatoio e una seconda fermentazione nei barili situati nella cantina del birrificio. Il risultato \u00e8 una birra doppia dal colore ambrato scuro, con aromi di caramello, liquirizia, frutta e malto tostato e un gusto dolce, agrumato e fruttato con note di malto tostato. Gradazione alcolica: 6,5 gradi.<\/p>\n<p>Grimbergen Tripel<\/p>\n<p>Grimbergen Triple \u00e8 una lager d'abbazia prodotta con ingredienti di altissima qualit\u00e0, tra cui acqua, malto d'orzo, malto di frumento, estratto di coriandolo e luppolo. \u00c8 una birra di colore dorato con una testa densa, un aroma fruttato e speziato e un sapore intenso ed equilibrato con una punta di acidit\u00e0. Gradazione alcolica: 8 proof.<\/p>\n<p>Bionda Grimbergen<\/p>\n<p>Pale Ale bionda dorata prodotta con orzo G\u00e2tinais e luppoli selezionati. Ha un aroma complesso di frutta, erbe e spezie di vaniglia, chiodi di garofano, liquirizia e miele. Al palato \u00e8 una birra piacevole e rinfrescante con una sottile amarezza. Il suo carattere unico e l'ottimo gusto la rendono una birra molto popolare. Gradazione alcolica: 6,7 gradi.<\/p>\n<p>Grimbergen Caract\u00e9re Houblon<\/p>\n<p>Grimbergen Hop Karakter \u00e8 una lager d'abbazia prodotta con una grande quantit\u00e0 di luppolo aromatico mediante fermentazione in bottiglia. Presenta un colore dorato con schiuma persistente, un aroma di erbe e agrumi con note fruttate e un sapore complesso e intenso con un grande amaro grazie al luppolo. Gradazione alcolica: 8 proof.<\/p>","protected":false},"excerpt":{"rendered":"<p>Confezione di birra Grimbergen 4 birre 33 cl 1 bicchiere Vi state chiedendo cosa regalare a un amante della birra belga? Questa confezione contiene 4 bottiglie di birra d'abbazia Grimbergen e un bicchiere originale: 1 bottiglia di Grimbergen Dubbel, 1 bottiglia di Grimbergen Tripel, 1 bottiglia di Grimbergen Blonde e 1 bottiglia di Grimbergen ...<\/p>\n<p class=\"read-more\"> <a class=\"\" href=\"https:\/\/encinardeljamon.com\/it\/product\/grimbergen-4-cervezas-1-vaso\/\"> <span class=\"screen-reader-text\">Grimbergen 4 birre 1 bicchiere<\/span> Per saperne di pi\u00f9 \"<\/a><\/p>","protected":false},"featured_media":2709,"comment_status":"closed","ping_status":"closed","template":"","meta":{"site-sidebar-layout":"default","site-content-layout":"","ast-site-content-layout":"default","site-content-style":"default","site-sidebar-style":"default","ast-global-header-display":"","ast-banner-title-visibility":"","ast-main-header-display":"","ast-hfb-above-header-display":"","ast-hfb-below-header-display":"","ast-hfb-mobile-header-display":"","site-post-title":"","ast-breadcrumbs-content":"","ast-featured-img":"","footer-sml-layout":"","theme-transparent-header-meta":"default","adv-header-id-meta":"","stick-header-meta":"","header-above-stick-meta":"","header-main-stick-meta":"","header-below-stick-meta":"","astra-migrate-meta-layouts":"set","_joinchat":[]},"product_brand":[],"product_cat":[27,29],"product_tag":[],"yst_prominent_words":[],"class_list":{"0":"post-2708","1":"product","2":"type-product","3":"status-publish","4":"has-post-thumbnail","6":"product_cat-licores-vinos-y-cervezas","7":"product_cat-eventos-especiales","8":"desktop-align-left","9":"tablet-align-left","10":"mobile-align-left","12":"first","13":"outofstock","14":"taxable","15":"shipping-taxable","16":"purchasable","17":"product-type-simple"},"_links":{"self":[{"href":"https:\/\/encinardeljamon.com\/it\/wp-json\/wp\/v2\/product\/2708","targetHints":{"allow":["GET"]}}],"collection":[{"href":"https:\/\/encinardeljamon.com\/it\/wp-json\/wp\/v2\/product"}],"about":[{"href":"https:\/\/encinardeljamon.com\/it\/wp-json\/wp\/v2\/types\/product"}],"replies":[{"embeddable":true,"href":"https:\/\/encinardeljamon.com\/it\/wp-json\/wp\/v2\/comments?post=2708"}],"wp:featuredmedia":[{"embeddable":true,"href":"https:\/\/encinardeljamon.com\/it\/wp-json\/wp\/v2\/media\/2709"}],"wp:attachment":[{"href":"https:\/\/encinardeljamon.com\/it\/wp-json\/wp\/v2\/media?parent=2708"}],"wp:term":[{"taxonomy":"product_brand","embeddable":true,"href":"https:\/\/encinardeljamon.com\/it\/wp-json\/wp\/v2\/product_brand?post=2708"},{"taxonomy":"product_cat","embeddable":true,"href":"https:\/\/encinardeljamon.com\/it\/wp-json\/wp\/v2\/product_cat?post=2708"},{"taxonomy":"product_tag","embeddable":true,"href":"https:\/\/encinardeljamon.com\/it\/wp-json\/wp\/v2\/product_tag?post=2708"},{"taxonomy":"yst_prominent_words","embeddable":true,"href":"https:\/\/encinardeljamon.com\/it\/wp-json\/wp\/v2\/yst_prominent_words?post=2708"}],"curies":[{"name":"wp","href":"https:\/\/api.w.org\/{rel}","templated":true}]}}