{"id":2692,"date":"2022-10-16T20:59:23","date_gmt":"2022-10-16T20:59:23","guid":{"rendered":"https:\/\/encinardeljamon.com\/?post_type=product&#038;p=2692"},"modified":"2024-04-04T21:39:13","modified_gmt":"2024-04-04T21:39:13","slug":"chouffe-coffee-2-vasos","status":"publish","type":"product","link":"https:\/\/encinardeljamon.com\/it\/product\/chouffe-coffee-2-vasos\/","title":{"rendered":"Caff\u00e8 Chouffe + 2 tazze"},"content":{"rendered":"<p>Confezione di caff\u00e8 Chouffe<\/p>\n<p>Cofanetto contenente una bottiglia da 70 cl di liquore Chouffe Coffee e due bicchieri originali. Chouffe Coffee \u00e8 un liquore al caff\u00e8 prodotto con una base di acquavite di birra Espirit d'Achouffe - ottenuta dalla distillazione della birra Chouffee -, alcol di cereali ed estratto naturale di caff\u00e8. Il risultato \u00e8 un delizioso liquore al caff\u00e8 che pu\u00f2 essere bevuto caldo o freddo e a cui si pu\u00f2 aggiungere della panna. \u00c8 prodotto dalla birreria belga Brasserie d'Achouffe in collaborazione con la distilleria Rubbens.<\/p>\n<p>Brasserie d'Achouffe \/ Rubbens<\/p>\n<p>Rubbens \u00e8 una distilleria fondata nel 1817 nella citt\u00e0 di Zele, nelle Fiandre Orientali. Inizialmente azienda agricola, inizi\u00f2 presto a dedicare parte delle sue risorse alla distillazione di gin da cereali e malto. Nel 1872, Charles Rubbens invest\u00ec nell'ampliamento degli impianti e dedic\u00f2 ancora pi\u00f9 risorse alla distillazione. Nel 2008, la famiglia Rubbens vendette la distilleria a Dirk Beck, un agricoltore di Sint-Gillis-Waas, che la trasfer\u00ec a Wichele.<\/p>\n<p>La Brasserie d'Achouffe \u00e8 un birrificio belga fondato alla fine degli anni '80 da Pierre Gobron e Chris Bauweraerts con un budget di soli 5000 euro. Gradualmente le loro birre hanno iniziato a guadagnare prestigio e hanno dovuto aumentare la produzione. Oggi, le loro birre di gnomi dal cappello rosso sono conosciute in tutto il mondo. Sebbene la Brasserie d'Achouffe appartenga al gruppo belga Duvel Moortgat, le sue birre sono ancora prodotte nei locali originali nelle Ardenne belghe.<\/p>\n<p>Note di degustazione<\/p>\n<p>Colore ramato, aroma di cacao e cioccolato con note di vaniglia e noci. Al palato \u00e8 dolce con una nota di cioccolato e un retrogusto amaro. Gradazione alcolica: 20\u00b0.<\/p>","protected":false},"excerpt":{"rendered":"<p>Confezione Chouffe Coffee Cofanetto contenente una bottiglia da 70 cl di liquore Chouffe Coffee e due bicchieri originali. Chouffe Coffee \u00e8 un liquore al caff\u00e8 prodotto con una base di acquavite di birra Espirit d'Achouffe - ottenuta dalla distillazione della birra Chouffee -, alcol di cereali ed estratto naturale di caff\u00e8. Il risultato \u00e8 ...<\/p>\n<p class=\"read-more\"> <a class=\"\" href=\"https:\/\/encinardeljamon.com\/it\/product\/chouffe-coffee-2-vasos\/\"> <span class=\"screen-reader-text\">Caff\u00e8 Chouffe + 2 tazze<\/span> Per saperne di pi\u00f9 \"<\/a><\/p>","protected":false},"featured_media":2693,"comment_status":"closed","ping_status":"closed","template":"","meta":{"site-sidebar-layout":"default","site-content-layout":"","ast-site-content-layout":"default","site-content-style":"default","site-sidebar-style":"default","ast-global-header-display":"","ast-banner-title-visibility":"","ast-main-header-display":"","ast-hfb-above-header-display":"","ast-hfb-below-header-display":"","ast-hfb-mobile-header-display":"","site-post-title":"","ast-breadcrumbs-content":"","ast-featured-img":"","footer-sml-layout":"","theme-transparent-header-meta":"default","adv-header-id-meta":"","stick-header-meta":"","header-above-stick-meta":"","header-main-stick-meta":"","header-below-stick-meta":"","astra-migrate-meta-layouts":"set","_joinchat":[]},"product_brand":[],"product_cat":[27,29],"product_tag":[],"yst_prominent_words":[],"class_list":{"0":"post-2692","1":"product","2":"type-product","3":"status-publish","4":"has-post-thumbnail","6":"product_cat-licores-vinos-y-cervezas","7":"product_cat-eventos-especiales","8":"desktop-align-left","9":"tablet-align-left","10":"mobile-align-left","12":"first","13":"instock","14":"taxable","15":"shipping-taxable","16":"purchasable","17":"product-type-simple"},"_links":{"self":[{"href":"https:\/\/encinardeljamon.com\/it\/wp-json\/wp\/v2\/product\/2692","targetHints":{"allow":["GET"]}}],"collection":[{"href":"https:\/\/encinardeljamon.com\/it\/wp-json\/wp\/v2\/product"}],"about":[{"href":"https:\/\/encinardeljamon.com\/it\/wp-json\/wp\/v2\/types\/product"}],"replies":[{"embeddable":true,"href":"https:\/\/encinardeljamon.com\/it\/wp-json\/wp\/v2\/comments?post=2692"}],"wp:featuredmedia":[{"embeddable":true,"href":"https:\/\/encinardeljamon.com\/it\/wp-json\/wp\/v2\/media\/2693"}],"wp:attachment":[{"href":"https:\/\/encinardeljamon.com\/it\/wp-json\/wp\/v2\/media?parent=2692"}],"wp:term":[{"taxonomy":"product_brand","embeddable":true,"href":"https:\/\/encinardeljamon.com\/it\/wp-json\/wp\/v2\/product_brand?post=2692"},{"taxonomy":"product_cat","embeddable":true,"href":"https:\/\/encinardeljamon.com\/it\/wp-json\/wp\/v2\/product_cat?post=2692"},{"taxonomy":"product_tag","embeddable":true,"href":"https:\/\/encinardeljamon.com\/it\/wp-json\/wp\/v2\/product_tag?post=2692"},{"taxonomy":"yst_prominent_words","embeddable":true,"href":"https:\/\/encinardeljamon.com\/it\/wp-json\/wp\/v2\/yst_prominent_words?post=2692"}],"curies":[{"name":"wp","href":"https:\/\/api.w.org\/{rel}","templated":true}]}}