{"id":2686,"date":"2022-10-16T20:48:27","date_gmt":"2022-10-16T20:48:27","guid":{"rendered":"https:\/\/encinardeljamon.com\/?post_type=product&#038;p=2686"},"modified":"2024-04-04T21:39:40","modified_gmt":"2024-04-04T21:39:40","slug":"karmeliet-1-cerveza-2-vasos","status":"publish","type":"product","link":"https:\/\/encinardeljamon.com\/it\/product\/karmeliet-1-cerveza-2-vasos\/","title":{"rendered":"Karmeliet 1 birra 2 bicchieri"},"content":{"rendered":"<p>Confezione di birra belga Tripel Karmeliet 1 birra 2 bicchieri<\/p>\n<p>Questa valigetta di legno contiene una bottiglia da 75 cl di birra Tripel Karmeliet e due bicchieri originali da 20 cl appositamente progettati per la degustazione della birra.<\/p>\n<p>La Tripel Karmeliet \u00e8 una birra lager belga in stile Tripel prodotta con tre diversi tipi di cereali: frumento, avena e orzo. L'idea di produrre una birra che combinasse tre cereali \u00e8 nata alla fine degli anni '90, in seguito al successo dei pani multicereali dell'epoca. La ricetta si ispira a una ricetta del 1680 proveniente da un convento carmelitano di Dendermode.<\/p>\n<p>Questa birra ha un colore dorato con una testa ricca e cremosa e presenta aromi di caramello tostato, malto e fiori. Il palato \u00e8 morbido e molto equilibrato, con una nota di grano e malto. Finale amaro. 8,4% di alcol.<br \/>\nBrouwerij Bosteels<\/p>\n<p>La Brouwerij Bosteels \u00e8 stata fondata nel 1791 da Jean-Baptist Bosteels ed \u00e8 ancora oggi un'azienda familiare. La storia della famiglia Bosteels \u00e8 stata legata alla politica, in quanto tre Bosteels hanno ricoperto la carica di sindaco. Nel 1930, Antoine Bosteels, la quinta generazione, inizi\u00f2 a esportare la sua birra a Gand, Anversa e Bruxelles. Anni dopo, suo figlio Ivo fece rivivere l'iconica birra Kwak. Negli anni '90, il figlio di Ivo, Antoine, si dedic\u00f2 alla produzione di lager forti, che port\u00f2 alla creazione della Tripel Karmeliet.<\/p>","protected":false},"excerpt":{"rendered":"<p>Tripel Karmeliet Belgian Beer Pack 1 birra 2 bicchieri Questo cofanetto in legno contiene una bottiglia da 75 cl di birra Tripel Karmeliet e due originali bicchieri da 20 cl appositamente studiati per la degustazione della birra. La Tripel Karmeliet \u00e8 una birra lager belga in stile Tripel prodotta con tre diversi tipi di cereali: grano, farina di ...<\/p>\n<p class=\"read-more\"> <a class=\"\" href=\"https:\/\/encinardeljamon.com\/it\/product\/karmeliet-1-cerveza-2-vasos\/\"> <span class=\"screen-reader-text\">Karmeliet 1 birra 2 bicchieri<\/span> Per saperne di pi\u00f9 \"<\/a><\/p>","protected":false},"featured_media":2687,"comment_status":"closed","ping_status":"closed","template":"","meta":{"site-sidebar-layout":"default","site-content-layout":"","ast-site-content-layout":"default","site-content-style":"default","site-sidebar-style":"default","ast-global-header-display":"","ast-banner-title-visibility":"","ast-main-header-display":"","ast-hfb-above-header-display":"","ast-hfb-below-header-display":"","ast-hfb-mobile-header-display":"","site-post-title":"","ast-breadcrumbs-content":"","ast-featured-img":"","footer-sml-layout":"","theme-transparent-header-meta":"default","adv-header-id-meta":"","stick-header-meta":"","header-above-stick-meta":"","header-main-stick-meta":"","header-below-stick-meta":"","astra-migrate-meta-layouts":"set","_joinchat":[]},"product_brand":[],"product_cat":[27,29],"product_tag":[],"yst_prominent_words":[],"class_list":{"0":"post-2686","1":"product","2":"type-product","3":"status-publish","4":"has-post-thumbnail","6":"product_cat-licores-vinos-y-cervezas","7":"product_cat-eventos-especiales","8":"desktop-align-left","9":"tablet-align-left","10":"mobile-align-left","12":"first","13":"instock","14":"taxable","15":"shipping-taxable","16":"purchasable","17":"product-type-simple"},"_links":{"self":[{"href":"https:\/\/encinardeljamon.com\/it\/wp-json\/wp\/v2\/product\/2686","targetHints":{"allow":["GET"]}}],"collection":[{"href":"https:\/\/encinardeljamon.com\/it\/wp-json\/wp\/v2\/product"}],"about":[{"href":"https:\/\/encinardeljamon.com\/it\/wp-json\/wp\/v2\/types\/product"}],"replies":[{"embeddable":true,"href":"https:\/\/encinardeljamon.com\/it\/wp-json\/wp\/v2\/comments?post=2686"}],"wp:featuredmedia":[{"embeddable":true,"href":"https:\/\/encinardeljamon.com\/it\/wp-json\/wp\/v2\/media\/2687"}],"wp:attachment":[{"href":"https:\/\/encinardeljamon.com\/it\/wp-json\/wp\/v2\/media?parent=2686"}],"wp:term":[{"taxonomy":"product_brand","embeddable":true,"href":"https:\/\/encinardeljamon.com\/it\/wp-json\/wp\/v2\/product_brand?post=2686"},{"taxonomy":"product_cat","embeddable":true,"href":"https:\/\/encinardeljamon.com\/it\/wp-json\/wp\/v2\/product_cat?post=2686"},{"taxonomy":"product_tag","embeddable":true,"href":"https:\/\/encinardeljamon.com\/it\/wp-json\/wp\/v2\/product_tag?post=2686"},{"taxonomy":"yst_prominent_words","embeddable":true,"href":"https:\/\/encinardeljamon.com\/it\/wp-json\/wp\/v2\/yst_prominent_words?post=2686"}],"curies":[{"name":"wp","href":"https:\/\/api.w.org\/{rel}","templated":true}]}}