{"id":2682,"date":"2022-10-16T20:41:13","date_gmt":"2022-10-16T20:41:13","guid":{"rendered":"https:\/\/encinardeljamon.com\/?post_type=product&#038;p=2682"},"modified":"2024-03-24T17:50:03","modified_gmt":"2024-03-24T17:50:03","slug":"delirium-tremens-2-cervezas-1-vaso","status":"publish","type":"product","link":"https:\/\/encinardeljamon.com\/it\/product\/delirium-tremens-2-cervezas-1-vaso\/","title":{"rendered":"Delirium Tremens 2 birre 1 bicchiere"},"content":{"rendered":"<p>Confezione 2 Delirium Tremens 75 cl e un bicchiere<\/p>\n<p>Cofanetto Delirium Tremens contenente due bottiglie da 75 cl di birra Delirium Tremens e un bicchiere originale appositamente progettato per la degustazione di questa birra.<\/p>\n<p>La Delirium Tremens \u00e8 una nota Belgian Strong Ale prodotta miscelando tre diversi tipi di lievito. Ha un colore giallo pallido con riflessi dorati e una testa fine e persistente. L'aroma \u00e8 caratterizzato da note maltate e speziate. Al palato \u00e8 una birra calda e robusta con un fondo fruttato e balsamico. Finale lungo, secco e amaro. 8,5% alc\/vol.<\/p>\n<p>La Brouwerij Huyghe fu fondata nel 1906, quando Leon Huyghe acquist\u00f2 un birrificio nella citt\u00e0 di Melle. Nel 1936 fu costruito un nuovo complesso birrario e nel 1938 il birrificio cambi\u00f2 nome in PVBA Leon Huyghe. La birra di punta di Huyghe, la Delirium Tremens, \u00e8 stata messa in commercio per la prima volta il 26 dicembre 1988. Questa birra \u00e8 nota per la sua caratteristica bottiglia di ceramica e per l'elefante rosa del suo logo. Nel corso degli anni ha ricevuto numerosi riconoscimenti in prestigiosi festival e concorsi di birra.<\/p>","protected":false},"excerpt":{"rendered":"<p>Confezione 2 Delirium Tremens 75 cl e un bicchiere Astuccio Delirium Tremens contenente due bottiglie di birra Delirium Tremens 75 cl e un bicchiere originale appositamente studiato per degustare questa birra. La Delirium Tremens \u00e8 una nota birra belga in stile Strong Ale prodotta miscelando tre diversi tipi di Belgian Strong Ale e ...<\/p>\n<p class=\"read-more\"> <a class=\"\" href=\"https:\/\/encinardeljamon.com\/it\/product\/delirium-tremens-2-cervezas-1-vaso\/\"> <span class=\"screen-reader-text\">Delirium Tremens 2 birre 1 bicchiere<\/span> Per saperne di pi\u00f9 \"<\/a><\/p>","protected":false},"featured_media":2683,"comment_status":"closed","ping_status":"closed","template":"","meta":{"site-sidebar-layout":"default","site-content-layout":"default","ast-site-content-layout":"default","site-content-style":"default","site-sidebar-style":"default","ast-global-header-display":"","ast-banner-title-visibility":"","ast-main-header-display":"","ast-hfb-above-header-display":"","ast-hfb-below-header-display":"","ast-hfb-mobile-header-display":"","site-post-title":"","ast-breadcrumbs-content":"","ast-featured-img":"","footer-sml-layout":"","theme-transparent-header-meta":"default","adv-header-id-meta":"","stick-header-meta":"","header-above-stick-meta":"","header-main-stick-meta":"","header-below-stick-meta":"","astra-migrate-meta-layouts":"set","_joinchat":[]},"product_brand":[],"product_cat":[27,29],"product_tag":[],"yst_prominent_words":[],"class_list":{"0":"post-2682","1":"product","2":"type-product","3":"status-publish","4":"has-post-thumbnail","6":"product_cat-licores-vinos-y-cervezas","7":"product_cat-eventos-especiales","8":"desktop-align-left","9":"tablet-align-left","10":"mobile-align-left","12":"first","13":"instock","14":"taxable","15":"shipping-taxable","16":"purchasable","17":"product-type-simple"},"_links":{"self":[{"href":"https:\/\/encinardeljamon.com\/it\/wp-json\/wp\/v2\/product\/2682","targetHints":{"allow":["GET"]}}],"collection":[{"href":"https:\/\/encinardeljamon.com\/it\/wp-json\/wp\/v2\/product"}],"about":[{"href":"https:\/\/encinardeljamon.com\/it\/wp-json\/wp\/v2\/types\/product"}],"replies":[{"embeddable":true,"href":"https:\/\/encinardeljamon.com\/it\/wp-json\/wp\/v2\/comments?post=2682"}],"wp:featuredmedia":[{"embeddable":true,"href":"https:\/\/encinardeljamon.com\/it\/wp-json\/wp\/v2\/media\/2683"}],"wp:attachment":[{"href":"https:\/\/encinardeljamon.com\/it\/wp-json\/wp\/v2\/media?parent=2682"}],"wp:term":[{"taxonomy":"product_brand","embeddable":true,"href":"https:\/\/encinardeljamon.com\/it\/wp-json\/wp\/v2\/product_brand?post=2682"},{"taxonomy":"product_cat","embeddable":true,"href":"https:\/\/encinardeljamon.com\/it\/wp-json\/wp\/v2\/product_cat?post=2682"},{"taxonomy":"product_tag","embeddable":true,"href":"https:\/\/encinardeljamon.com\/it\/wp-json\/wp\/v2\/product_tag?post=2682"},{"taxonomy":"yst_prominent_words","embeddable":true,"href":"https:\/\/encinardeljamon.com\/it\/wp-json\/wp\/v2\/yst_prominent_words?post=2682"}],"curies":[{"name":"wp","href":"https:\/\/api.w.org\/{rel}","templated":true}]}}