{"id":1853,"date":"2022-08-09T10:23:37","date_gmt":"2022-08-09T10:23:37","guid":{"rendered":"https:\/\/encinardeljamon.com\/?page_id=1853"},"modified":"2022-08-29T11:13:18","modified_gmt":"2022-08-29T11:13:18","slug":"aviso-legal-y-politica-de-privacidad","status":"publish","type":"page","link":"https:\/\/encinardeljamon.com\/it\/aviso-legal-y-politica-de-privacidad\/","title":{"rendered":"Avviso legale"},"content":{"rendered":"<div data-elementor-type=\"wp-page\" data-elementor-id=\"1853\" class=\"elementor elementor-1853\">\n\t\t\t\t\t\t<section class=\"elementor-section elementor-top-section elementor-element elementor-element-6a9e1053 elementor-section-boxed elementor-section-height-default elementor-section-height-default\" data-id=\"6a9e1053\" data-element_type=\"section\" data-e-type=\"section\">\n\t\t\t\t\t\t<div class=\"elementor-container elementor-column-gap-default\">\n\t\t\t\t\t<div class=\"elementor-column elementor-col-100 elementor-top-column elementor-element elementor-element-27516565\" data-id=\"27516565\" data-element_type=\"column\" data-e-type=\"column\">\n\t\t\t<div class=\"elementor-widget-wrap elementor-element-populated\">\n\t\t\t\t\t\t<div class=\"elementor-element elementor-element-12bf7b78 elementor-widget elementor-widget-text-editor\" data-id=\"12bf7b78\" data-element_type=\"widget\" data-e-type=\"widget\" data-widget_type=\"text-editor.default\">\n\t\t\t\t<div class=\"elementor-widget-container\">\n\t\t\t\t\t\t\t\t\t<h3>AVVISO LEGALE E CONDIZIONI GENERALI DI UTILIZZO<\/h3><h4>I. INFORMAZIONI GENERALI<\/h4><p>In ottemperanza all'obbligo di informazione previsto dalla Legge 34\/2002 sui Servizi della Societ\u00e0 dell'Informazione e del Commercio Elettronico (LSSI-CE) dell'11 luglio, si forniscono di seguito le informazioni generali su questo sito web:<\/p><p>La propriet\u00e0 di questo sito web www.<strong>encinardeljamon.com<\/strong>(di seguito Sito Web) \u00e8 detenuto da: Francisca Amores Calder\u00f3n, titolare del D.N.I.: 25691216 D, e registrato a: Malaga, con i seguenti dati di registrazione:<\/p><p>Indirizzo: Lope de Rueda, 280, Cp. 29190-M\u00e1laga<\/p><p>Numero di telefono di contatto: 617511841<\/p><p>Email di contatto:\u00a0<u>info@encinardeljamon.com<\/u><\/p><h3>II. TERMINI E CONDIZIONI GENERALI DI UTILIZZO<\/h3><h4>LO SCOPO DELLE CONDIZIONI: IL SITO WEB<\/h4><p>Lo scopo delle presenti Condizioni generali d'uso (di seguito, Condizioni) \u00e8 quello di regolamentare l'accesso e l'utilizzo del Sito web. Ai fini dei presenti Termini e Condizioni, per Sito Web si intende: l'aspetto esterno delle interfacce dello schermo, sia statiche che dinamiche, ovvero l'albero di navigazione; e tutti gli elementi integrati sia nelle interfacce dello schermo che nell'albero di navigazione (di seguito, Contenuti) e tutti i servizi o le risorse online che possono essere offerti agli Utenti (di seguito, Servizi).<\/p><p>Si riserva il diritto di modificare, in qualsiasi momento e senza preavviso, la presentazione e la configurazione del Sito web e dei Contenuti e Servizi che possono essere incorporati. L'Utente riconosce e accetta che in qualsiasi momento pu\u00f2 interrompere, disattivare e\/o annullare uno qualsiasi di questi elementi integrati nel Sito web o l'accesso ad essi.<\/p><h4>L'UTENTE<\/h4><p>L'accesso, la navigazione e l'utilizzo del Sito conferiscono la condizione di Utente, e pertanto, dal momento in cui inizia la navigazione del Sito, l'Utente accetta tutte le Condizioni qui stabilite, nonch\u00e9 le eventuali successive modifiche, fatta salva l'applicazione delle corrispondenti norme di legge che dovranno essere rispettate a seconda dei casi. Data la rilevanza di quanto sopra, si raccomanda all'Utente di leggerlo ogni volta che visita il Sito.<\/p><p>Il Sito web fornisce un'ampia gamma di informazioni, servizi e dati. L'Utente si assume la responsabilit\u00e0 del corretto utilizzo del Sito. Questa responsabilit\u00e0 si estende a:<\/p><p>Qualsiasi uso delle informazioni, dei Contenuti e\/o dei Servizi e dei dati offerti dal Sito Web che sia contrario alle disposizioni delle presenti Condizioni, alla Legge, al buon costume o all'ordine pubblico, o che in qualsiasi altro modo possa pregiudicare i diritti di terzi o il funzionamento del Sito Web.<\/p><p>La veridicit\u00e0 e la legalit\u00e0 delle informazioni fornite dall'Utente nei moduli previsti per l'accesso a determinati Contenuti o Servizi offerti dal Sito web. In ogni caso, l'Utente \u00e8 tenuto a comunicare immediatamente qualsiasi evento che consenta l'uso improprio delle informazioni registrate su tali moduli, quali, a titolo esemplificativo e non esaustivo, il furto, lo smarrimento o l'accesso non autorizzato a identificativi e\/o password, al fine di procedere alla loro immediata cancellazione.<\/p><p>Il semplice accesso a questo Sito non implica l'instaurazione di alcun tipo di rapporto commerciale tra l'Utente e questo Sito.<\/p><p>III. ACCESSO E NAVIGAZIONE SUL SITO WEB: ESCLUSIONE DI GARANZIE E RESPONSABILIT\u00c0<\/p><p>Non garantisce la continuit\u00e0, la disponibilit\u00e0 e l'utilit\u00e0 del Sito web, n\u00e9 dei Contenuti o dei Servizi. far\u00e0 ogni sforzo per assicurare il corretto funzionamento del Sito web, tuttavia non fornisce alcuna dichiarazione o garanzia che l'accesso al Sito web sar\u00e0 ininterrotto o privo di errori.<\/p><p>N\u00e9 rilascia alcuna dichiarazione o garanzia che il contenuto o il software a cui si pu\u00f2 accedere attraverso questo Sito Web sia privo di virus o bug.\u00a0<strong>www.encinardeljamon.com<\/strong> \u00e8 privo di errori o provoca danni al sistema informatico dell'Utente (software e hardware). In nessun caso sar\u00e0 responsabile di eventuali perdite, danni o pregiudizi di qualsiasi tipo derivanti dall'accesso, dalla navigazione e dall'utilizzo del Sito, compresi, ma non solo, quelli causati ai sistemi informatici o quelli causati dall'introduzione di virus.<\/p><p>Inoltre, non sar\u00e0 responsabile di eventuali danni causati agli utenti dall'uso improprio di questo sito web. In particolare, non \u00e8 responsabile in alcun modo di eventuali guasti, interruzioni, errori o difetti di telecomunicazione che potrebbero verificarsi.<\/p><h3>IV. POLITICA DI COLLEGAMENTO<\/h3><p>Non offre o commercializza, direttamente o tramite terzi, i prodotti e\/o i servizi disponibili su tali siti collegati.<\/p><p>L'Utente o il terzo che effettua un collegamento ipertestuale da una pagina web di un altro sito, diverso, al Sito, deve essere consapevole che:<\/p><p>Nessuno dei Contenuti e\/o Servizi del Sito pu\u00f2 essere riprodotto, in tutto o in parte, senza l'espressa autorizzazione di<strong> Encinar del Jam\u00f3n<\/strong>.<\/p><p>Nessuna dichiarazione falsa, imprecisa o inesatta sul sito web di\u00a0<strong>Encinar del Jam\u00f3n<\/strong>n\u00e9 sui Contenuti e\/o Servizi dello stesso.<\/p><p>Ad eccezione del collegamento ipertestuale, il sito web sul quale viene stabilito il collegamento ipertestuale non conterr\u00e0 alcun elemento di questo sito web che sia protetto come propriet\u00e0 intellettuale dalla legge spagnola, a meno che non sia espressamente autorizzato da\u00a0<strong>Encinar del Jam\u00f3n<\/strong>.<\/p><p>La creazione del collegamento ipertestuale non implica l'esistenza di un rapporto tra il titolare del sito web da cui \u00e8 effettuato, n\u00e9 la conoscenza e l'accettazione dei contenuti, dei servizi e\/o delle attivit\u00e0 offerte su tale sito web, e viceversa.<\/p><h3>V. PROPRIET\u00c0 INTELLETTUALE E INDUSTRIALE<\/h3><p>Per conto proprio o in qualit\u00e0 di cessionario, \u00e8 titolare di tutti i diritti di propriet\u00e0 intellettuale e industriale del Sito web, nonch\u00e9 degli elementi in esso contenuti (tra cui, a titolo esemplificativo e non esaustivo, immagini, suoni, audio, video, software o testi, marchi o loghi, combinazioni di colori, struttura e design, selezione dei materiali utilizzati, programmi informatici necessari per il funzionamento, l'accesso e l'utilizzo, ecc.) Si tratta, quindi, di opere protette come propriet\u00e0 intellettuale dall'ordinamento giuridico spagnolo, essendo ad esse applicabili sia la normativa spagnola e comunitaria in materia, sia i trattati internazionali relativi alla materia e firmati dalla Spagna.<\/p><p>Tutti i diritti riservati. In conformit\u00e0 con le disposizioni della Legge sulla Propriet\u00e0 Intellettuale, la riproduzione, la distribuzione e la comunicazione pubblica, compresa la messa a disposizione, di tutto o parte del contenuto di questo sito web, a fini commerciali, su qualsiasi supporto e con qualsiasi mezzo tecnico, sono espressamente vietate senza l'autorizzazione di\u00a0<strong>Encinar del jam\u00f3n<\/strong>.<\/p><p>L'Utente si impegna a rispettare i diritti di propriet\u00e0 intellettuale e industriale di\u00a0<strong>Encinar del jam\u00f3n<\/strong>. \u00c8 possibile visualizzare gli elementi del Sito o anche stamparli, copiarli e memorizzarli sul disco rigido del proprio computer o su qualsiasi altro supporto fisico, a condizione che ci\u00f2 avvenga esclusivamente per uso personale. L'Utente, tuttavia, non pu\u00f2 rimuovere, alterare o manipolare alcun dispositivo di protezione o sistema di sicurezza installato sul Sito.<\/p><p>Nel caso in cui l'Utente o un terzo ritenga che uno qualsiasi dei Contenuti del Sito web comporti una violazione dei diritti di protezione della propriet\u00e0 intellettuale, dovr\u00e0 comunicarlo immediatamente tramite i recapiti indicati nella sezione INFORMAZIONI GENERALI del presente Avviso legale e Condizioni generali d'uso.<\/p><h3>VI. AZIONI LEGALI, LEGGE APPLICABILE E GIURISDIZIONE<\/h3><p>Si riserva il diritto di intraprendere qualsiasi azione civile o penale che ritenga necessaria per l'uso improprio del Sito e dei suoi Contenuti, o per la violazione delle presenti Condizioni.<\/p><p>Il rapporto tra l'Utente e l'Utente sar\u00e0 regolato dalle norme vigenti e applicabili in territorio spagnolo. In caso di controversie relative all'interpretazione e\/o all'applicazione delle presenti Condizioni, le parti sottoporranno le loro controversie alla giurisdizione ordinaria, sottoponendosi ai giudici e ai tribunali corrispondenti secondo la legge.<\/p>\t\t\t\t\t\t\t\t<\/div>\n\t\t\t\t<\/div>\n\t\t\t\t\t<\/div>\n\t\t<\/div>\n\t\t\t\t\t<\/div>\n\t\t<\/section>\n\t\t\t\t<\/div>","protected":false},"excerpt":{"rendered":"<p>AVVISO LEGALE E CONDIZIONI GENERALI DI UTILIZZO I. INFORMAZIONI GENERALI In ottemperanza all'obbligo di informazione previsto dalla Legge 34\/2002 sui Servizi della Societ\u00e0 dell'Informazione e del Commercio Elettronico (LSSI-CE) dell'11 luglio, vengono fornite le seguenti informazioni generali su questo sito web: La propriet\u00e0 ...<\/p>\n<p class=\"read-more\"> <a class=\"\" href=\"https:\/\/encinardeljamon.com\/it\/aviso-legal-y-politica-de-privacidad\/\"> <span class=\"screen-reader-text\">Avviso legale<\/span> Per saperne di pi\u00f9 \"<\/a><\/p>","protected":false},"author":1,"featured_media":0,"parent":0,"menu_order":0,"comment_status":"closed","ping_status":"closed","template":"","meta":{"site-sidebar-layout":"default","site-content-layout":"","ast-site-content-layout":"","site-content-style":"default","site-sidebar-style":"default","ast-global-header-display":"","ast-banner-title-visibility":"","ast-main-header-display":"","ast-hfb-above-header-display":"","ast-hfb-below-header-display":"","ast-hfb-mobile-header-display":"","site-post-title":"","ast-breadcrumbs-content":"","ast-featured-img":"","footer-sml-layout":"","theme-transparent-header-meta":"","adv-header-id-meta":null,"stick-header-meta":null,"header-above-stick-meta":null,"header-main-stick-meta":null,"header-below-stick-meta":null,"astra-migrate-meta-layouts":"","_joinchat":[],"footnotes":""},"yst_prominent_words":[],"class_list":["post-1853","page","type-page","status-publish","hentry"],"_links":{"self":[{"href":"https:\/\/encinardeljamon.com\/it\/wp-json\/wp\/v2\/pages\/1853","targetHints":{"allow":["GET"]}}],"collection":[{"href":"https:\/\/encinardeljamon.com\/it\/wp-json\/wp\/v2\/pages"}],"about":[{"href":"https:\/\/encinardeljamon.com\/it\/wp-json\/wp\/v2\/types\/page"}],"author":[{"embeddable":true,"href":"https:\/\/encinardeljamon.com\/it\/wp-json\/wp\/v2\/users\/1"}],"replies":[{"embeddable":true,"href":"https:\/\/encinardeljamon.com\/it\/wp-json\/wp\/v2\/comments?post=1853"}],"version-history":[{"count":9,"href":"https:\/\/encinardeljamon.com\/it\/wp-json\/wp\/v2\/pages\/1853\/revisions"}],"predecessor-version":[{"id":2500,"href":"https:\/\/encinardeljamon.com\/it\/wp-json\/wp\/v2\/pages\/1853\/revisions\/2500"}],"wp:attachment":[{"href":"https:\/\/encinardeljamon.com\/it\/wp-json\/wp\/v2\/media?parent=1853"}],"wp:term":[{"taxonomy":"yst_prominent_words","embeddable":true,"href":"https:\/\/encinardeljamon.com\/it\/wp-json\/wp\/v2\/yst_prominent_words?post=1853"}],"curies":[{"name":"wp","href":"https:\/\/api.w.org\/{rel}","templated":true}]}}