{"id":4882,"date":"2025-08-06T19:08:00","date_gmt":"2025-08-06T19:08:00","guid":{"rendered":"https:\/\/encinardeljamon.com\/?post_type=product&#038;p=4882"},"modified":"2025-08-06T19:27:56","modified_gmt":"2025-08-06T19:27:56","slug":"chinitas-blanco-suave-abocado","status":"publish","type":"product","link":"https:\/\/encinardeljamon.com\/fr\/product\/chinitas-blanco-suave-abocado\/","title":{"rendered":"CHINITAS BLANCO SUAVE ABOCADO"},"content":{"rendered":"<div class=\"elementor-element elementor-element-1ef9760 e-flex e-con-boxed e-con e-child\" data-id=\"1ef9760\" data-element_type=\"container\">\n<div class=\"e-con-inner\">\n<div class=\"elementor-element elementor-element-8427322 e-flex e-con-boxed e-con e-child\" data-id=\"8427322\" data-element_type=\"container\">\n<div class=\"e-con-inner\">\n<div class=\"elementor-element elementor-element-84969bb elementor-widget elementor-widget-heading\" data-id=\"84969bb\" data-element_type=\"widget\" data-widget_type=\"heading.default\">\n<div class=\"elementor-widget-container\">\n<h2><\/h2>\n<h3 class=\"elementor-icon-box-title\" style=\"font-style: normal;\">UVAS<\/h3>\n<h2 class=\"elementor-heading-title elementor-size-default\"><span style=\"font-size: 16px;\">Moscatel de Alejandr\u00eda.<\/span><\/h2>\n<\/div>\n<\/div>\n<div class=\"elementor-element elementor-element-367ba70 elementor-position-left elementor-view-default elementor-mobile-position-top elementor-vertical-align-top elementor-widget elementor-widget-icon-box\" data-id=\"367ba70\" data-element_type=\"widget\" data-widget_type=\"icon-box.default\">\n<div class=\"elementor-widget-container\">\n<div class=\"elementor-icon-box-wrapper\">\n<div class=\"elementor-icon-box-content\">\n<h3><\/h3>\n<h3 class=\"elementor-icon-box-title\" style=\"font-style: normal;\">Ubicaci\u00f3n de los vi\u00f1edos<\/h3>\n<\/div>\n<\/div>\n<\/div>\n<\/div>\n<div class=\"elementor-element elementor-element-c8a60b9 elementor-position-left elementor-view-default elementor-mobile-position-top elementor-vertical-align-top elementor-widget elementor-widget-icon-box\" data-id=\"c8a60b9\" data-element_type=\"widget\" data-widget_type=\"icon-box.default\">\n<div class=\"elementor-widget-container\">\n<div class=\"elementor-icon-box-wrapper\">\n<div class=\"elementor-icon-box-icon\"><span style=\"font-size: 16px;\">Las uvas para este vino son Moscatel de Alejandr\u00eda. Proceden de la Axarqu\u00eda, al este de la provincia de M\u00e1laga. Plantados a 600 metros sobre el nivel del mar en suelos de pizarra, estas vi\u00f1as viejas de 70 a\u00f1os de media dan un bajo rendimiento, de apenas 1.700 kg de uva por Ha. Su principal caracter\u00edstica es la mineralidad y su acidez, dando a este vino dulce un perfectoequilibrio.<\/span><\/div>\n<\/div>\n<\/div>\n<\/div>\n<div class=\"elementor-element elementor-element-491c290 elementor-position-left elementor-view-default elementor-mobile-position-top elementor-vertical-align-top elementor-widget elementor-widget-icon-box\" data-id=\"491c290\" data-element_type=\"widget\" data-widget_type=\"icon-box.default\">\n<div class=\"elementor-widget-container\">\n<div class=\"elementor-icon-box-wrapper\">\n<div class=\"elementor-icon-box-icon\"><\/div>\n<div class=\"elementor-icon-box-content\">\n<h3 class=\"elementor-icon-box-title\">\u00c9laboration<\/h3>\n<p class=\"elementor-icon-box-description\">Es un blanco suave abocado elaborado con uvas parcialmente fermentadas, obteniendo su dulzor de forma natural y sin az\u00facares a\u00f1adidos. Tras la vendimia, las uvas son sometidas a una maceraci\u00f3n prefermentativa en fr\u00edo durante 12 horas. Prensado suave para la extracci\u00f3n del mosto. Defangado est\u00e1tico y posterior fermentaci\u00f3n alcoh\u00f3lica a temperatura controlada de unos 14\u00baC.<\/p>\n<\/div>\n<\/div>\n<\/div>\n<\/div>\n<\/div>\n<\/div>\n<\/div>\n<\/div>\n<div class=\"elementor-element elementor-element-0b6dd16 e-flex e-con-boxed e-con e-child\" data-id=\"0b6dd16\" data-element_type=\"container\">\n<div class=\"e-con-inner\">\n<div class=\"elementor-element elementor-element-6be903e e-flex e-con-boxed e-con e-child\" data-id=\"6be903e\" data-element_type=\"container\">\n<div class=\"e-con-inner\">\n<div class=\"elementor-element elementor-element-2c57a52 elementor-position-left elementor-view-default elementor-mobile-position-top elementor-vertical-align-top elementor-widget elementor-widget-icon-box\" data-id=\"2c57a52\" data-element_type=\"widget\" data-widget_type=\"icon-box.default\">\n<div class=\"elementor-widget-container\">\n<div class=\"elementor-icon-box-wrapper\">\n<div class=\"elementor-icon-box-icon\"><\/div>\n<div class=\"elementor-icon-box-content\">\n<h3 class=\"elementor-icon-box-title\">Cata<\/h3>\n<p class=\"elementor-icon-box-description\">Color amarillo p\u00e1lido con ribetes verdosos. Aromas a fruta madura de hueso (membrillo y pera) contoques dulces. En paladar destaca el equilibrio entre el dulzor natural y la acidez de la propia uva con que se elabora. Muy fresco y elegante.<\/p>\n<\/div>\n<\/div>\n<\/div>\n<\/div>\n<div class=\"elementor-element elementor-element-1c9a3e9 elementor-align-center elementor-widget elementor-widget-button\" data-id=\"1c9a3e9\" data-element_type=\"widget\" data-widget_type=\"button.default\">\n<div class=\"elementor-widget-container\">\n<div class=\"elementor-button-wrapper\"><a class=\"elementor-button elementor-button-link elementor-size-xs\" href=\"https:\/\/bodegasantakira.com\/wp-content\/uploads\/2025\/06\/CHINITAS-BLANCO.pdf\" target=\"_blank\" rel=\"noopener\"><span class=\"elementor-button-content-wrapper\"><span class=\"elementor-button-text\">FICHA T\u00c9CNICA<\/span><\/span><\/a><\/div>\n<\/div>\n<\/div>\n<\/div>\n<\/div>\n<div class=\"elementor-element elementor-element-31e5008 e-flex e-con-boxed e-con e-child\" data-id=\"31e5008\" data-element_type=\"container\">\n<div class=\"e-con-inner\">\n<div class=\"elementor-element elementor-element-c07acfa elementor-position-left elementor-view-default elementor-mobile-position-top elementor-vertical-align-top elementor-widget elementor-widget-icon-box\" data-id=\"c07acfa\" data-element_type=\"widget\" data-widget_type=\"icon-box.default\">\n<div class=\"elementor-widget-container\">\n<div class=\"elementor-icon-box-wrapper\">\n<div class=\"elementor-icon-box-icon\"><\/div>\n<div class=\"elementor-icon-box-content\">\n<h3 class=\"elementor-icon-box-title\">Maridaje<\/h3>\n<p class=\"elementor-icon-box-description\">Chinitas Blanco Suave Abocado es perfecto para combinarlo con pastas y comida japonesa.<\/p>\n<\/div>\n<\/div>\n<\/div>\n<\/div>\n<div class=\"elementor-element elementor-element-e5c882d elementor-align-center elementor-widget elementor-widget-button\" data-id=\"e5c882d\" data-element_type=\"widget\" data-widget_type=\"button.default\">\n<div class=\"elementor-widget-container\">\n<div class=\"elementor-button-wrapper\"><\/div>\n<\/div>\n<\/div>\n<\/div>\n<\/div>\n<\/div>\n<\/div>","protected":false},"excerpt":{"rendered":"<div class=\"elementor-element elementor-element-1ef9760 e-flex e-con-boxed e-con e-child\" data-id=\"1ef9760\" data-element_type=\"container\">\n<div class=\"e-con-inner\">\n<div class=\"elementor-element elementor-element-8427322 e-flex e-con-boxed e-con e-child\" data-id=\"8427322\" data-element_type=\"container\">\n<div class=\"e-con-inner\">\n<div class=\"elementor-element elementor-element-84969bb elementor-widget elementor-widget-heading\" data-id=\"84969bb\" data-element_type=\"widget\" data-widget_type=\"heading.default\">\n<div class=\"elementor-widget-container\">\n<h2 class=\"elementor-heading-title elementor-size-default\"><\/h2>\n<\/div>\n<\/div>\n<div class=\"elementor-element elementor-element-c8a60b9 elementor-position-left elementor-view-default elementor-mobile-position-top elementor-vertical-align-top elementor-widget elementor-widget-icon-box\" data-id=\"c8a60b9\" data-element_type=\"widget\" data-widget_type=\"icon-box.default\">\n<div class=\"elementor-widget-container\">\n<div class=\"elementor-icon-box-wrapper\">\n<div class=\"elementor-icon-box-content\">\n<p class=\"elementor-icon-box-description\">Las uvas para este vino son Moscatel de Alejandr\u00eda. Proceden de la Axarqu\u00eda, al este de la provincia de M\u00e1laga.<\/p>\n<p class=\"elementor-icon-box-description\"><span style=\"font-size: 16px;\">Es un blanco suave abocado elaborado con uvas parcialmente fermentadas, obteniendo su dulzor de forma natural y sin az\u00facares a\u00f1adidos. Tras la vendimia, las uvas son sometidas a una maceraci\u00f3n prefermentativa en fr\u00edo durante 12 horas. Prensado suave para la extracci\u00f3n del mosto. Defangado est\u00e1tico y posterior fermentaci\u00f3n alcoh\u00f3lica a temperatura controlada de unos 14\u00baC.<\/span><\/p>\n<\/div>\n<\/div>\n<\/div>\n<\/div>\n<\/div>\n<\/div>\n<\/div>\n<\/div>\n<div class=\"elementor-element elementor-element-0b6dd16 e-flex e-con-boxed e-con e-child\" data-id=\"0b6dd16\" data-element_type=\"container\">\n<div class=\"e-con-inner\">\n<div class=\"elementor-element elementor-element-31e5008 e-flex e-con-boxed e-con e-child\" data-id=\"31e5008\" data-element_type=\"container\">\n<div class=\"e-con-inner\">\n<div class=\"elementor-element elementor-element-e5c882d elementor-align-center elementor-widget elementor-widget-button\" data-id=\"e5c882d\" data-element_type=\"widget\" data-widget_type=\"button.default\">\n<div class=\"elementor-widget-container\">\n<div class=\"elementor-button-wrapper\"><\/div>\n<\/div>\n<\/div>\n<\/div>\n<\/div>\n<\/div>\n<\/div>","protected":false},"featured_media":4883,"comment_status":"closed","ping_status":"closed","template":"","meta":{"site-sidebar-layout":"default","site-content-layout":"","ast-site-content-layout":"default","site-content-style":"default","site-sidebar-style":"default","ast-global-header-display":"","ast-banner-title-visibility":"","ast-main-header-display":"","ast-hfb-above-header-display":"","ast-hfb-below-header-display":"","ast-hfb-mobile-header-display":"","site-post-title":"","ast-breadcrumbs-content":"","ast-featured-img":"","footer-sml-layout":"","theme-transparent-header-meta":"default","adv-header-id-meta":"","stick-header-meta":"","header-above-stick-meta":"","header-main-stick-meta":"","header-below-stick-meta":"","astra-migrate-meta-layouts":"set","_joinchat":[]},"product_brand":[],"product_cat":[27,39],"product_tag":[],"yst_prominent_words":[],"class_list":{"0":"post-4882","1":"product","2":"type-product","3":"status-publish","4":"has-post-thumbnail","6":"product_cat-licores-vinos-y-cervezas","7":"product_cat-ofertas-y-novedades","8":"desktop-align-left","9":"tablet-align-left","10":"mobile-align-left","12":"first","13":"instock","14":"taxable","15":"shipping-taxable","16":"purchasable","17":"product-type-simple"},"_links":{"self":[{"href":"https:\/\/encinardeljamon.com\/fr\/wp-json\/wp\/v2\/product\/4882","targetHints":{"allow":["GET"]}}],"collection":[{"href":"https:\/\/encinardeljamon.com\/fr\/wp-json\/wp\/v2\/product"}],"about":[{"href":"https:\/\/encinardeljamon.com\/fr\/wp-json\/wp\/v2\/types\/product"}],"replies":[{"embeddable":true,"href":"https:\/\/encinardeljamon.com\/fr\/wp-json\/wp\/v2\/comments?post=4882"}],"wp:featuredmedia":[{"embeddable":true,"href":"https:\/\/encinardeljamon.com\/fr\/wp-json\/wp\/v2\/media\/4883"}],"wp:attachment":[{"href":"https:\/\/encinardeljamon.com\/fr\/wp-json\/wp\/v2\/media?parent=4882"}],"wp:term":[{"taxonomy":"product_brand","embeddable":true,"href":"https:\/\/encinardeljamon.com\/fr\/wp-json\/wp\/v2\/product_brand?post=4882"},{"taxonomy":"product_cat","embeddable":true,"href":"https:\/\/encinardeljamon.com\/fr\/wp-json\/wp\/v2\/product_cat?post=4882"},{"taxonomy":"product_tag","embeddable":true,"href":"https:\/\/encinardeljamon.com\/fr\/wp-json\/wp\/v2\/product_tag?post=4882"},{"taxonomy":"yst_prominent_words","embeddable":true,"href":"https:\/\/encinardeljamon.com\/fr\/wp-json\/wp\/v2\/yst_prominent_words?post=4882"}],"curies":[{"name":"wp","href":"https:\/\/api.w.org\/{rel}","templated":true}]}}