{"id":4827,"date":"2025-04-26T10:17:44","date_gmt":"2025-04-26T10:17:44","guid":{"rendered":"https:\/\/encinardeljamon.com\/?post_type=product&#038;p=4827"},"modified":"2026-04-06T09:33:57","modified_gmt":"2026-04-06T09:33:57","slug":"jamon-bellota-100-raza-iberica","status":"publish","type":"product","link":"https:\/\/encinardeljamon.com\/fr\/product\/jamon-bellota-100-raza-iberica\/","title":{"rendered":"Jambon nourri aux glands 100% Race ib\u00e9rique"},"content":{"rendered":"<p><b>Acheter<\/b>\u00a0cet authentique\u00a0<b>d\u00e9licatesse<\/b>\u00a0directement aupr\u00e8s du Dehesas de\u00a0<b>nos partenaires<\/b>.<\/p>\n<p>Notre jambon a \u00e9t\u00e9\u00a0<b>prim\u00e9<\/b>\u00a0avec le\u00a0<b><i>Prix Alimentos de Espa\u00f1a pour le meilleur jambon nourri au gland<\/i><\/b>.<\/p>\n<p>Nous garantissons la\u00a0<b>qualit\u00e9 sup\u00e9rieure<\/b>\u00a0par sa pr\u00e9sence directe \u00e0 tous les stades de la production :<\/p>\n<p>&#8211;\u00a0<b>Nous sommes des \u00e9leveurs de b\u00e9tail<\/b>L'\u00e9levage et l'engraissement sont r\u00e9alis\u00e9s dans les meilleurs p\u00e2turages de nos partenaires.<\/p>\n<p>&#8211;\u00a0<b>Nous sommes des industriels<\/b>L'ensemble du processus de maturation du produit est r\u00e9alis\u00e9 dans nos s\u00e9choirs et caves naturels.<\/p>\n<p>Par cons\u00e9quent, nous avons\u00a0<b>les fournisseurs exclusifs des partenaires<\/b>\u00a0les \u00e9leveurs de b\u00e9tail qui font partie de l'entreprise, sans l'entr\u00e9e de produits de tiers.<\/p>","protected":false},"excerpt":{"rendered":"<p>Jam\u00f3n Bellota 100% Raza Ib\u00e9rica peso de\u00a0 7,5 a 8 kilos<\/p>\n<p>&nbsp;<\/p>","protected":false},"featured_media":4828,"comment_status":"closed","ping_status":"closed","template":"","meta":{"site-sidebar-layout":"default","site-content-layout":"","ast-site-content-layout":"default","site-content-style":"default","site-sidebar-style":"default","ast-global-header-display":"","ast-banner-title-visibility":"","ast-main-header-display":"","ast-hfb-above-header-display":"","ast-hfb-below-header-display":"","ast-hfb-mobile-header-display":"","site-post-title":"","ast-breadcrumbs-content":"","ast-featured-img":"","footer-sml-layout":"","theme-transparent-header-meta":"default","adv-header-id-meta":"","stick-header-meta":"","header-above-stick-meta":"","header-main-stick-meta":"","header-below-stick-meta":"","astra-migrate-meta-layouts":"set","_joinchat":[]},"product_brand":[],"product_cat":[17],"product_tag":[],"yst_prominent_words":[],"class_list":{"0":"post-4827","1":"product","2":"type-product","3":"status-publish","4":"has-post-thumbnail","6":"product_cat-jamones-y-paletas","7":"desktop-align-left","8":"tablet-align-left","9":"mobile-align-left","11":"first","12":"instock","13":"taxable","14":"shipping-taxable","15":"purchasable","16":"product-type-simple"},"_links":{"self":[{"href":"https:\/\/encinardeljamon.com\/fr\/wp-json\/wp\/v2\/product\/4827","targetHints":{"allow":["GET"]}}],"collection":[{"href":"https:\/\/encinardeljamon.com\/fr\/wp-json\/wp\/v2\/product"}],"about":[{"href":"https:\/\/encinardeljamon.com\/fr\/wp-json\/wp\/v2\/types\/product"}],"replies":[{"embeddable":true,"href":"https:\/\/encinardeljamon.com\/fr\/wp-json\/wp\/v2\/comments?post=4827"}],"wp:featuredmedia":[{"embeddable":true,"href":"https:\/\/encinardeljamon.com\/fr\/wp-json\/wp\/v2\/media\/4828"}],"wp:attachment":[{"href":"https:\/\/encinardeljamon.com\/fr\/wp-json\/wp\/v2\/media?parent=4827"}],"wp:term":[{"taxonomy":"product_brand","embeddable":true,"href":"https:\/\/encinardeljamon.com\/fr\/wp-json\/wp\/v2\/product_brand?post=4827"},{"taxonomy":"product_cat","embeddable":true,"href":"https:\/\/encinardeljamon.com\/fr\/wp-json\/wp\/v2\/product_cat?post=4827"},{"taxonomy":"product_tag","embeddable":true,"href":"https:\/\/encinardeljamon.com\/fr\/wp-json\/wp\/v2\/product_tag?post=4827"},{"taxonomy":"yst_prominent_words","embeddable":true,"href":"https:\/\/encinardeljamon.com\/fr\/wp-json\/wp\/v2\/yst_prominent_words?post=4827"}],"curies":[{"name":"wp","href":"https:\/\/api.w.org\/{rel}","templated":true}]}}