{"id":4738,"date":"2025-02-08T19:21:31","date_gmt":"2025-02-08T19:21:31","guid":{"rendered":"https:\/\/encinardeljamon.com\/?post_type=product&#038;p=4738"},"modified":"2025-02-08T20:11:13","modified_gmt":"2025-02-08T20:11:13","slug":"licores-caja-mixta-rainbow","status":"publish","type":"product","link":"https:\/\/encinardeljamon.com\/fr\/product\/licores-caja-mixta-rainbow\/","title":{"rendered":"Liqueurs Bo\u00eete mixte Arc-en-ciel"},"content":{"rendered":"<p><span style=\"font-size: 16px;\">Pour d\u00e9guster nos boissons, suivez cet ordre :\u00a0<\/span><span style=\"font-size: 16px;\">Habanero d'abord, puis Celestino, Federica, Filomena, Josephina et Violeto.\u00a0<\/span><span style=\"font-size: 16px;\">A conserver au r\u00e9frig\u00e9rateur. Pr\u00e9par\u00e9 par :\u00a0<\/span><span style=\"font-size: 16px;\">RS 30.10913\/V<\/span><\/p>","protected":false},"excerpt":{"rendered":"<p>Le coffret contient 6 bouteilles : une de Josephina (vermouth rouge), une de Federica (arancello), une de Habanero (liqueur de mojito), une de Celestino (limoncello), une de Violeto (liqueur de violette) et une de Filomena (liqueur de sangria). Le pack de bouteilles de 50cl est envoy\u00e9 avec les 6 bo\u00eetes cadeaux individuelles de chaque marque.<\/p>\n<p>Toutes les liqueurs sont fabriqu\u00e9es \u00e0 la main, les liqueurs sont filtr\u00e9es et le vermouth est 100% issu de l'agriculture biologique. Tous les composants sont premium et naturels.<\/p>","protected":false},"featured_media":4742,"comment_status":"closed","ping_status":"closed","template":"","meta":{"site-sidebar-layout":"default","site-content-layout":"","ast-site-content-layout":"default","site-content-style":"default","site-sidebar-style":"default","ast-global-header-display":"","ast-banner-title-visibility":"","ast-main-header-display":"","ast-hfb-above-header-display":"","ast-hfb-below-header-display":"","ast-hfb-mobile-header-display":"","site-post-title":"","ast-breadcrumbs-content":"","ast-featured-img":"","footer-sml-layout":"","theme-transparent-header-meta":"default","adv-header-id-meta":"","stick-header-meta":"","header-above-stick-meta":"","header-main-stick-meta":"","header-below-stick-meta":"","astra-migrate-meta-layouts":"set","_joinchat":[]},"product_brand":[],"product_cat":[27,28,39],"product_tag":[],"yst_prominent_words":[],"class_list":{"0":"post-4738","1":"product","2":"type-product","3":"status-publish","4":"has-post-thumbnail","6":"product_cat-licores-vinos-y-cervezas","7":"product_cat-lotes-para-regalar","8":"product_cat-ofertas-y-novedades","9":"desktop-align-left","10":"tablet-align-left","11":"mobile-align-left","13":"first","14":"instock","15":"taxable","16":"shipping-taxable","17":"purchasable","18":"product-type-variable"},"_links":{"self":[{"href":"https:\/\/encinardeljamon.com\/fr\/wp-json\/wp\/v2\/product\/4738","targetHints":{"allow":["GET"]}}],"collection":[{"href":"https:\/\/encinardeljamon.com\/fr\/wp-json\/wp\/v2\/product"}],"about":[{"href":"https:\/\/encinardeljamon.com\/fr\/wp-json\/wp\/v2\/types\/product"}],"replies":[{"embeddable":true,"href":"https:\/\/encinardeljamon.com\/fr\/wp-json\/wp\/v2\/comments?post=4738"}],"wp:featuredmedia":[{"embeddable":true,"href":"https:\/\/encinardeljamon.com\/fr\/wp-json\/wp\/v2\/media\/4742"}],"wp:attachment":[{"href":"https:\/\/encinardeljamon.com\/fr\/wp-json\/wp\/v2\/media?parent=4738"}],"wp:term":[{"taxonomy":"product_brand","embeddable":true,"href":"https:\/\/encinardeljamon.com\/fr\/wp-json\/wp\/v2\/product_brand?post=4738"},{"taxonomy":"product_cat","embeddable":true,"href":"https:\/\/encinardeljamon.com\/fr\/wp-json\/wp\/v2\/product_cat?post=4738"},{"taxonomy":"product_tag","embeddable":true,"href":"https:\/\/encinardeljamon.com\/fr\/wp-json\/wp\/v2\/product_tag?post=4738"},{"taxonomy":"yst_prominent_words","embeddable":true,"href":"https:\/\/encinardeljamon.com\/fr\/wp-json\/wp\/v2\/yst_prominent_words?post=4738"}],"curies":[{"name":"wp","href":"https:\/\/api.w.org\/{rel}","templated":true}]}}