{"id":3546,"date":"2024-11-10T19:13:12","date_gmt":"2024-11-10T19:13:12","guid":{"rendered":"https:\/\/encinardeljamon.com\/?post_type=product&#038;p=3546"},"modified":"2025-04-12T10:53:14","modified_gmt":"2025-04-12T10:53:14","slug":"cremoso-de-oveja-extremeno-620gr","status":"publish","type":"product","link":"https:\/\/encinardeljamon.com\/fr\/product\/cremoso-de-oveja-extremeno-620gr\/","title":{"rendered":"Lait de brebis cr\u00e9meux Extreme\u00f1o 620gr"},"content":{"rendered":"<div class=\"container\">\n<div class=\"row\">\n<div class=\"col my-5 text-break\">\n<p>Elle est fabriqu\u00e9e \u00e0 la main, \u00e0 partir de produits naturels 100%, selon le m\u00eame processus de production que la Torta del Casar, mais son affinage est plus long que celui de la Torta del Casar.<\/p>\n<p>Texture lisse et onctueuse en bouche ; aspect blanc ivoire et ar\u00f4me d\u00e9licat.<\/p>\n<h2>Suggestions de consommation<\/h2>\n<ul>\n<li>Combinez avec des fruits frais tels que des raisins, des figues ou des baies.<\/li>\n<li>Il peut \u00e9galement \u00eatre servi avec n'importe quel type de noix.<\/li>\n<li>Osez l'associer \u00e0 des distillats, comme le brandy.<\/li>\n<\/ul>\n<\/div>\n<\/div>\n<\/div>\n<div class=\"container\">\n<div class=\"row justify-content-center mt-5 mb-0 mb-md-5 listado-productos\">\n<div class=\"col-12 col-md-6 col-lg-3  mb-5\">\n<div class=\"card border-0 bg-white rounded-0 text-center\"><\/div>\n<\/div>\n<\/div>\n<\/div>","protected":false},"excerpt":{"rendered":"<p class=\"h2 fw-bold mb-4\"><span style=\"font-size: 16px;\">Fromage \u00e0 cro\u00fbte l\u00e9g\u00e8re et fine, \u00e0 p\u00e2te demi-dure, dont la principale caract\u00e9ristique est sa\u00a0<\/span><em style=\"font-size: 16px;\">texture tr\u00e8s cr\u00e9meuse<\/em><span style=\"font-size: 16px;\">Cela signifie qu'\u00e0 certains moments de l'affinage, il doit \u00eatre band\u00e9 pour \u00e9viter que la p\u00e2te blanche \u00e0 ivoire ne s'\u00e9coule par les fissures de la cro\u00fbte encore molle. Avec des ar\u00f4mes lactiques et v\u00e9g\u00e9taux, un go\u00fbt intense et d\u00e9velopp\u00e9, il est fondant en bouche, tr\u00e8s l\u00e9g\u00e8rement sal\u00e9 et l\u00e9g\u00e8rement amer, cette caract\u00e9ristique est due \u00e0 l'utilisation de pr\u00e9sure v\u00e9g\u00e9tale.<\/span><\/p>\n<div class=\"text-break\">\n<p>Format de 620gr. environ.<\/p>\n<\/div>","protected":false},"featured_media":3547,"comment_status":"closed","ping_status":"closed","template":"","meta":{"site-sidebar-layout":"default","site-content-layout":"","ast-site-content-layout":"default","site-content-style":"default","site-sidebar-style":"default","ast-global-header-display":"","ast-banner-title-visibility":"","ast-main-header-display":"","ast-hfb-above-header-display":"","ast-hfb-below-header-display":"","ast-hfb-mobile-header-display":"","site-post-title":"","ast-breadcrumbs-content":"","ast-featured-img":"","footer-sml-layout":"","theme-transparent-header-meta":"default","adv-header-id-meta":"","stick-header-meta":"","header-above-stick-meta":"","header-main-stick-meta":"","header-below-stick-meta":"","astra-migrate-meta-layouts":"set","_joinchat":[]},"product_brand":[],"product_cat":[20,39],"product_tag":[],"yst_prominent_words":[],"class_list":{"0":"post-3546","1":"product","2":"type-product","3":"status-publish","4":"has-post-thumbnail","6":"product_cat-aceites-quesos-y-embutidos","7":"product_cat-ofertas-y-novedades","8":"desktop-align-left","9":"tablet-align-left","10":"mobile-align-left","12":"first","13":"instock","14":"taxable","15":"shipping-taxable","16":"purchasable","17":"product-type-simple"},"_links":{"self":[{"href":"https:\/\/encinardeljamon.com\/fr\/wp-json\/wp\/v2\/product\/3546","targetHints":{"allow":["GET"]}}],"collection":[{"href":"https:\/\/encinardeljamon.com\/fr\/wp-json\/wp\/v2\/product"}],"about":[{"href":"https:\/\/encinardeljamon.com\/fr\/wp-json\/wp\/v2\/types\/product"}],"replies":[{"embeddable":true,"href":"https:\/\/encinardeljamon.com\/fr\/wp-json\/wp\/v2\/comments?post=3546"}],"wp:featuredmedia":[{"embeddable":true,"href":"https:\/\/encinardeljamon.com\/fr\/wp-json\/wp\/v2\/media\/3547"}],"wp:attachment":[{"href":"https:\/\/encinardeljamon.com\/fr\/wp-json\/wp\/v2\/media?parent=3546"}],"wp:term":[{"taxonomy":"product_brand","embeddable":true,"href":"https:\/\/encinardeljamon.com\/fr\/wp-json\/wp\/v2\/product_brand?post=3546"},{"taxonomy":"product_cat","embeddable":true,"href":"https:\/\/encinardeljamon.com\/fr\/wp-json\/wp\/v2\/product_cat?post=3546"},{"taxonomy":"product_tag","embeddable":true,"href":"https:\/\/encinardeljamon.com\/fr\/wp-json\/wp\/v2\/product_tag?post=3546"},{"taxonomy":"yst_prominent_words","embeddable":true,"href":"https:\/\/encinardeljamon.com\/fr\/wp-json\/wp\/v2\/yst_prominent_words?post=3546"}],"curies":[{"name":"wp","href":"https:\/\/api.w.org\/{rel}","templated":true}]}}