{"id":3543,"date":"2024-11-10T18:56:38","date_gmt":"2024-11-10T18:56:38","guid":{"rendered":"https:\/\/encinardeljamon.com\/?post_type=product&#038;p=3543"},"modified":"2025-04-12T10:53:37","modified_gmt":"2025-04-12T10:53:37","slug":"queso-madurado-de-cabra-600gr","status":"publish","type":"product","link":"https:\/\/encinardeljamon.com\/fr\/product\/queso-madurado-de-cabra-600gr\/","title":{"rendered":"Fromage de ch\u00e8vre affin\u00e9 600gr"},"content":{"rendered":"<div class=\"text-break\">\n<p>Les fromages de ch\u00e8vre contiennent une vari\u00e9t\u00e9 de nuances qui vous permettent d'appr\u00e9cier diff\u00e9rentes sensations en bouche. De la saveur intense du fromage naturel aux nuances douces de la vari\u00e9t\u00e9 au paprika, en passant par les saveurs intenses du thym ou du romarin.<\/p>\n<p>De la saveur intense des Madurados, en passant par les saveurs douces du Piment\u00f3n ou les nuances giboyeuses du Thym ou du Romarin, jusqu'\u00e0 la saveur intense, agr\u00e9able et diff\u00e9rente du S\u00fammum, \u00e9labor\u00e9 avec de l'\u00e9corce de p\u00e9nicillium comestible, qui compl\u00e8tent une gamme vari\u00e9e, \u00e9quilibr\u00e9e et compl\u00e9mentaire pour profiter du plaisir de la d\u00e9gustation.<\/p>\n<h2>Suggestions de consommation<\/h2>\n<ul>\n<li>Accompagnez-le de fruits tels que figues, raisins, fruits rouges, bananes, abricots ou p\u00eaches.<\/li>\n<li>Mettez-le sur des toasts avec des noix et du miel.<\/li>\n<li>Combiner avec des coings et de la roquette dans une salade.<\/li>\n<\/ul>\n<\/div>","protected":false},"excerpt":{"rendered":"<div class=\"text-break\">\n<p>Fromage \u00e0 base de lait de ch\u00e8vre, affin\u00e9 pendant le temps n\u00e9cessaire \u00e0 l'obtention d'une texture onctueuse qui lui conf\u00e8re un go\u00fbt plein de personnalit\u00e9 et d'intensit\u00e9.<\/p>\n<p>Agr\u00e9able \u00e0 boire, son go\u00fbt \u00e9quilibr\u00e9 satisfait tous les types de palais.<\/p>\n<p>Pr\u00e9sentation sous vide de 600gr.<\/p>\n<\/div>","protected":false},"featured_media":3544,"comment_status":"closed","ping_status":"closed","template":"","meta":{"site-sidebar-layout":"default","site-content-layout":"","ast-site-content-layout":"default","site-content-style":"default","site-sidebar-style":"default","ast-global-header-display":"","ast-banner-title-visibility":"","ast-main-header-display":"","ast-hfb-above-header-display":"","ast-hfb-below-header-display":"","ast-hfb-mobile-header-display":"","site-post-title":"","ast-breadcrumbs-content":"","ast-featured-img":"","footer-sml-layout":"","theme-transparent-header-meta":"default","adv-header-id-meta":"","stick-header-meta":"","header-above-stick-meta":"","header-main-stick-meta":"","header-below-stick-meta":"","astra-migrate-meta-layouts":"set","_joinchat":[]},"product_brand":[],"product_cat":[20,39],"product_tag":[],"yst_prominent_words":[],"class_list":{"0":"post-3543","1":"product","2":"type-product","3":"status-publish","4":"has-post-thumbnail","6":"product_cat-aceites-quesos-y-embutidos","7":"product_cat-ofertas-y-novedades","8":"desktop-align-left","9":"tablet-align-left","10":"mobile-align-left","12":"first","13":"instock","14":"taxable","15":"shipping-taxable","16":"purchasable","17":"product-type-simple"},"_links":{"self":[{"href":"https:\/\/encinardeljamon.com\/fr\/wp-json\/wp\/v2\/product\/3543","targetHints":{"allow":["GET"]}}],"collection":[{"href":"https:\/\/encinardeljamon.com\/fr\/wp-json\/wp\/v2\/product"}],"about":[{"href":"https:\/\/encinardeljamon.com\/fr\/wp-json\/wp\/v2\/types\/product"}],"replies":[{"embeddable":true,"href":"https:\/\/encinardeljamon.com\/fr\/wp-json\/wp\/v2\/comments?post=3543"}],"wp:featuredmedia":[{"embeddable":true,"href":"https:\/\/encinardeljamon.com\/fr\/wp-json\/wp\/v2\/media\/3544"}],"wp:attachment":[{"href":"https:\/\/encinardeljamon.com\/fr\/wp-json\/wp\/v2\/media?parent=3543"}],"wp:term":[{"taxonomy":"product_brand","embeddable":true,"href":"https:\/\/encinardeljamon.com\/fr\/wp-json\/wp\/v2\/product_brand?post=3543"},{"taxonomy":"product_cat","embeddable":true,"href":"https:\/\/encinardeljamon.com\/fr\/wp-json\/wp\/v2\/product_cat?post=3543"},{"taxonomy":"product_tag","embeddable":true,"href":"https:\/\/encinardeljamon.com\/fr\/wp-json\/wp\/v2\/product_tag?post=3543"},{"taxonomy":"yst_prominent_words","embeddable":true,"href":"https:\/\/encinardeljamon.com\/fr\/wp-json\/wp\/v2\/yst_prominent_words?post=3543"}],"curies":[{"name":"wp","href":"https:\/\/api.w.org\/{rel}","templated":true}]}}