{"id":3518,"date":"2024-11-08T00:12:53","date_gmt":"2024-11-08T00:12:53","guid":{"rendered":"https:\/\/encinardeljamon.com\/?post_type=product&#038;p=3518"},"modified":"2026-01-14T09:37:36","modified_gmt":"2026-01-14T09:37:36","slug":"jamon-cebo-campo-iberico-50-raza-iberica-100-natural","status":"publish","type":"product","link":"https:\/\/encinardeljamon.com\/fr\/product\/jamon-cebo-campo-iberico-50-raza-iberica-100-natural\/","title":{"rendered":"Iberian Cebo Campo Ham 50% Iberian breed 100% natural"},"content":{"rendered":"<p><strong>Ingr\u00e9dients<br \/>\n<\/strong>Jambon de porc ib\u00e9rique \u00e9lev\u00e9 en plein air et sel de mer<\/p>\n<table class=\"woocommerce-product-attributes shop_attributes\">\n<tbody>\n<tr class=\"woocommerce-product-attributes-item woocommerce-product-attributes-item--attribute_pa_curacion\">\n<th class=\"woocommerce-product-attributes-item__label\">Gu\u00e9rison<\/th>\n<td class=\"woocommerce-product-attributes-item__value\">+36 mois en s\u00e9choir et maturation naturelle<\/td>\n<\/tr>\n<\/tbody>\n<\/table>\n<ol>\n<li><strong>Pr\u00e9sentation<\/strong><br \/>\nPieza entera. 8 kg. Aprox.<\/li>\n<\/ol>\n<p><strong>Instructions de conservation<br \/>\n<\/strong>Conserver le jambon entier et non emball\u00e9, dans un endroit sec, \u00e0 temp\u00e9rature ambiante (environ 20\u00ba C\/25\u00ba C).<\/p>\n<p>Le jambon ib\u00e9rique est un excellent produit qui pr\u00e9sente de magnifiques avantages pour la sant\u00e9.<br \/>\nLa graisse de ce jambon contient un pourcentage \u00e9lev\u00e9 d'acides gras monoinsatur\u00e9s dans l'acide ol\u00e9ique et est reconnue comme l'un des produits ayant la teneur la plus \u00e9lev\u00e9e en prot\u00e9ines. C'est pourquoi nous recommandons ce jambon, car sa graisse contient une plus grande qualit\u00e9 de graisses insatur\u00e9es.<br \/>\nNos jambons ib\u00e9riques se caract\u00e9risent par leur faible teneur en sel, le fait que les porcs sont nourris de glands, d'herbes et de c\u00e9r\u00e9ales, qu'ils sont \u00e9lev\u00e9s en pleine nature, qu'ils ont la juste quantit\u00e9 de graisse et qu'ils ont un ar\u00f4me et une saveur extraordinaires. Au fil des ans, nous avons acquis une exp\u00e9rience qui, associ\u00e9e \u00e0 une race s\u00e9lectionn\u00e9e et unique, d\u00e9termine la qualit\u00e9 exceptionnelle de nos jambons. Tout cela, ajout\u00e9 \u00e0 l'attention que nous portons \u00e0 nos clients, fait de nos produits le bon choix, digne des palais les plus exigeants et les plus capricieux.<\/p>\n<p><strong>Informations nutritionnelles<\/strong><br \/>\nValeurs approximatives pour 100 g.<\/p>\n<table>\n<tbody>\n<tr>\n<td width=\"219\">Valeur \u00e9nerg\u00e9tique :<\/td>\n<td width=\"219\">1695,3 KJ\/ 404,9 Kcal<\/td>\n<\/tr>\n<tr>\n<td width=\"219\">Les graisses :<\/td>\n<td width=\"219\">31,71 g<\/td>\n<\/tr>\n<tr>\n<td width=\"219\">Dont satur\u00e9s<\/td>\n<td width=\"219\">12,87 g<\/td>\n<\/tr>\n<tr>\n<td width=\"219\">Glucides<\/td>\n<td width=\"219\">0,48 g<\/td>\n<\/tr>\n<tr>\n<td width=\"219\">Dont sucres<\/td>\n<td width=\"219\">0,24 g<\/td>\n<\/tr>\n<tr>\n<td width=\"219\">Prot\u00e9ines<\/td>\n<td width=\"219\">29,39 g<\/td>\n<\/tr>\n<tr>\n<td width=\"219\">Sel<\/td>\n<td width=\"219\">3,52 g<\/td>\n<\/tr>\n<\/tbody>\n<\/table>\n<p>&nbsp;<\/p>","protected":false},"excerpt":{"rendered":"<ol>\n<li style=\"text-align: left;\"><strong>Ingr\u00e9dients<br \/>\n<\/strong>Jambon de porc ib\u00e9rique \u00e9lev\u00e9 en plein air et sel de mer<\/li>\n<\/ol>\n<table class=\"woocommerce-product-attributes shop_attributes\">\n<tbody>\n<tr class=\"woocommerce-product-attributes-item woocommerce-product-attributes-item--attribute_pa_curacion\">\n<th class=\"woocommerce-product-attributes-item__label\">Gu\u00e9rison<\/th>\n<td class=\"woocommerce-product-attributes-item__value\">+36 mois en s\u00e9choir et maturation naturelle<\/td>\n<\/tr>\n<\/tbody>\n<\/table>\n<p><strong>Pr\u00e9sentation<\/strong><br \/>\nPieza entera.\u00a0 8 kg aprox.<\/p>\n<p><strong>Instructions de conservation<br \/>\n<\/strong>Conserver le jambon entier et non emball\u00e9, dans un endroit sec, \u00e0 temp\u00e9rature ambiante (environ 20\u00ba C\/25\u00ba C).<\/p>\n<p>&nbsp;<\/p>\n<p>&nbsp;<\/p>","protected":false},"featured_media":3519,"comment_status":"closed","ping_status":"closed","template":"","meta":{"site-sidebar-layout":"default","site-content-layout":"","ast-site-content-layout":"default","site-content-style":"default","site-sidebar-style":"default","ast-global-header-display":"","ast-banner-title-visibility":"","ast-main-header-display":"","ast-hfb-above-header-display":"","ast-hfb-below-header-display":"","ast-hfb-mobile-header-display":"","site-post-title":"","ast-breadcrumbs-content":"","ast-featured-img":"","footer-sml-layout":"","theme-transparent-header-meta":"default","adv-header-id-meta":"","stick-header-meta":"","header-above-stick-meta":"","header-main-stick-meta":"","header-below-stick-meta":"","astra-migrate-meta-layouts":"set","_joinchat":[]},"product_brand":[],"product_cat":[17],"product_tag":[],"yst_prominent_words":[],"class_list":{"0":"post-3518","1":"product","2":"type-product","3":"status-publish","4":"has-post-thumbnail","6":"product_cat-jamones-y-paletas","7":"desktop-align-left","8":"tablet-align-left","9":"mobile-align-left","11":"first","12":"instock","13":"taxable","14":"shipping-taxable","15":"purchasable","16":"product-type-simple"},"_links":{"self":[{"href":"https:\/\/encinardeljamon.com\/fr\/wp-json\/wp\/v2\/product\/3518","targetHints":{"allow":["GET"]}}],"collection":[{"href":"https:\/\/encinardeljamon.com\/fr\/wp-json\/wp\/v2\/product"}],"about":[{"href":"https:\/\/encinardeljamon.com\/fr\/wp-json\/wp\/v2\/types\/product"}],"replies":[{"embeddable":true,"href":"https:\/\/encinardeljamon.com\/fr\/wp-json\/wp\/v2\/comments?post=3518"}],"wp:featuredmedia":[{"embeddable":true,"href":"https:\/\/encinardeljamon.com\/fr\/wp-json\/wp\/v2\/media\/3519"}],"wp:attachment":[{"href":"https:\/\/encinardeljamon.com\/fr\/wp-json\/wp\/v2\/media?parent=3518"}],"wp:term":[{"taxonomy":"product_brand","embeddable":true,"href":"https:\/\/encinardeljamon.com\/fr\/wp-json\/wp\/v2\/product_brand?post=3518"},{"taxonomy":"product_cat","embeddable":true,"href":"https:\/\/encinardeljamon.com\/fr\/wp-json\/wp\/v2\/product_cat?post=3518"},{"taxonomy":"product_tag","embeddable":true,"href":"https:\/\/encinardeljamon.com\/fr\/wp-json\/wp\/v2\/product_tag?post=3518"},{"taxonomy":"yst_prominent_words","embeddable":true,"href":"https:\/\/encinardeljamon.com\/fr\/wp-json\/wp\/v2\/yst_prominent_words?post=3518"}],"curies":[{"name":"wp","href":"https:\/\/api.w.org\/{rel}","templated":true}]}}