{"id":3496,"date":"2024-11-07T22:17:41","date_gmt":"2024-11-07T22:17:41","guid":{"rendered":"https:\/\/encinardeljamon.com\/?post_type=product&#038;p=3496"},"modified":"2026-01-14T09:43:30","modified_gmt":"2026-01-14T09:43:30","slug":"lomo-bellota-iberico-50-raza-iberica-100-natural","status":"publish","type":"product","link":"https:\/\/encinardeljamon.com\/fr\/product\/lomo-bellota-iberico-50-raza-iberica-100-natural\/","title":{"rendered":"Longe de porc ib\u00e9rique nourri au gland 50% Race ib\u00e9rique 100% naturel"},"content":{"rendered":"<p><strong>Ingr\u00e9dients<\/strong><br \/>\nLonge de porc ib\u00e9rique nourri aux glands, sel, paprika et \u00e9pices<\/p>\n<table class=\"woocommerce-product-attributes shop_attributes\">\n<tbody>\n<tr class=\"woocommerce-product-attributes-item woocommerce-product-attributes-item--attribute_pa_curacion\">\n<th class=\"woocommerce-product-attributes-item__label\">Gu\u00e9rison<\/th>\n<td class=\"woocommerce-product-attributes-item__value\">+ 6 mois en s\u00e9choir et maturation naturelle<\/td>\n<\/tr>\n<\/tbody>\n<\/table>\n<p><strong>Pr\u00e9sentation<\/strong><br \/>\nDemi-pi\u00e8ce. 0,6 - 0,750 kg.<\/p>\n<p><strong>Instructions de conservation<\/strong><br \/>\nLa longe doit \u00eatre conserv\u00e9e dans un endroit frais et sec.<br \/>\nIl doit \u00eatre sorti de son sac 24 heures avant d'\u00eatre servi, afin d'en optimiser la saveur et l'ar\u00f4me, et doit \u00eatre servi \u00e0 temp\u00e9rature ambiante, entre 20 et 25 \u00baC.<\/p>\n<p>&nbsp;<\/p>\n<p>Nos saucissons sont \u00e9labor\u00e9s \u00e0 partir de la meilleure viande de porc ib\u00e9rique et d'\u00e9pices s\u00e9lectionn\u00e9es qui leur conf\u00e8rent leur go\u00fbt et leur ar\u00f4me particuliers. La recette de nos charcuteries, enti\u00e8rement artisanale, est un secret de famille bien gard\u00e9 qui conf\u00e8re \u00e0 nos produits une saveur douce et naturelle qui les rend uniques.<\/p>\n<p><strong>Informations nutritionnelles<\/strong><br \/>\nValeurs approximatives pour 100 g.<\/p>\n<table>\n<tbody>\n<tr>\n<td width=\"219\">Valeur \u00e9nerg\u00e9tique :<\/td>\n<td width=\"219\">1595,1 KJ\/ 382,7 Kcal<\/td>\n<\/tr>\n<tr>\n<td width=\"219\">Les graisses :<\/td>\n<td width=\"219\">24,97 g<\/td>\n<\/tr>\n<tr>\n<td width=\"219\">Dont satur\u00e9s<\/td>\n<td width=\"219\">10,70 g<\/td>\n<\/tr>\n<tr>\n<td width=\"219\">Glucides<\/td>\n<td width=\"219\">0,72 g<\/td>\n<\/tr>\n<tr>\n<td width=\"219\">Dont sucres<\/td>\n<td width=\"219\">0,3 g<\/td>\n<\/tr>\n<tr>\n<td width=\"219\">Prot\u00e9ines<\/td>\n<td width=\"219\">38,76 g<\/td>\n<\/tr>\n<tr>\n<td width=\"219\">Sel<\/td>\n<td width=\"219\">5,04 g<\/td>\n<\/tr>\n<\/tbody>\n<\/table>\n<p>&nbsp;<\/p>","protected":false},"excerpt":{"rendered":"<p><strong>Ingr\u00e9dients<\/strong><br \/>\nLonge de porc ib\u00e9rique nourri aux glands, sel, paprika et \u00e9pices<\/p>\n<table class=\"woocommerce-product-attributes shop_attributes\">\n<tbody>\n<tr class=\"woocommerce-product-attributes-item woocommerce-product-attributes-item--attribute_pa_curacion\">\n<th class=\"woocommerce-product-attributes-item__label\">Gu\u00e9rison<\/th>\n<td class=\"woocommerce-product-attributes-item__value\">+ 6 mois en s\u00e9choir et maturation naturelle<\/td>\n<\/tr>\n<\/tbody>\n<\/table>\n<p><strong>Pr\u00e9sentation<\/strong><br \/>\nDemi-pi\u00e8ce. 0,6 - 0,750 kg.<\/p>\n<p><strong>Instructions de conservation<\/strong><br \/>\nLa longe doit \u00eatre conserv\u00e9e dans un endroit frais et sec.<br \/>\nIl doit \u00eatre sorti de son sac 24 heures avant d'\u00eatre servi, afin d'en optimiser la saveur et l'ar\u00f4me, et doit \u00eatre servi \u00e0 temp\u00e9rature ambiante, entre 20 et 25 \u00baC.<\/p>\n<p>&nbsp;<\/p>\n<p>&nbsp;<\/p>","protected":false},"featured_media":3497,"comment_status":"closed","ping_status":"closed","template":"","meta":{"site-sidebar-layout":"default","site-content-layout":null,"ast-site-content-layout":"default","site-content-style":"default","site-sidebar-style":"default","ast-global-header-display":"","ast-banner-title-visibility":"","ast-main-header-display":"","ast-hfb-above-header-display":null,"ast-hfb-below-header-display":null,"ast-hfb-mobile-header-display":"","site-post-title":"","ast-breadcrumbs-content":null,"ast-featured-img":"","footer-sml-layout":"","theme-transparent-header-meta":"default","adv-header-id-meta":null,"stick-header-meta":null,"header-above-stick-meta":null,"header-main-stick-meta":null,"header-below-stick-meta":null,"astra-migrate-meta-layouts":"set","_joinchat":[]},"product_brand":[],"product_cat":[20],"product_tag":[],"yst_prominent_words":[],"class_list":{"0":"post-3496","1":"product","2":"type-product","3":"status-publish","4":"has-post-thumbnail","6":"product_cat-aceites-quesos-y-embutidos","7":"desktop-align-left","8":"tablet-align-left","9":"mobile-align-left","11":"first","12":"instock","13":"taxable","14":"shipping-taxable","15":"purchasable","16":"product-type-simple"},"_links":{"self":[{"href":"https:\/\/encinardeljamon.com\/fr\/wp-json\/wp\/v2\/product\/3496","targetHints":{"allow":["GET"]}}],"collection":[{"href":"https:\/\/encinardeljamon.com\/fr\/wp-json\/wp\/v2\/product"}],"about":[{"href":"https:\/\/encinardeljamon.com\/fr\/wp-json\/wp\/v2\/types\/product"}],"replies":[{"embeddable":true,"href":"https:\/\/encinardeljamon.com\/fr\/wp-json\/wp\/v2\/comments?post=3496"}],"wp:featuredmedia":[{"embeddable":true,"href":"https:\/\/encinardeljamon.com\/fr\/wp-json\/wp\/v2\/media\/3497"}],"wp:attachment":[{"href":"https:\/\/encinardeljamon.com\/fr\/wp-json\/wp\/v2\/media?parent=3496"}],"wp:term":[{"taxonomy":"product_brand","embeddable":true,"href":"https:\/\/encinardeljamon.com\/fr\/wp-json\/wp\/v2\/product_brand?post=3496"},{"taxonomy":"product_cat","embeddable":true,"href":"https:\/\/encinardeljamon.com\/fr\/wp-json\/wp\/v2\/product_cat?post=3496"},{"taxonomy":"product_tag","embeddable":true,"href":"https:\/\/encinardeljamon.com\/fr\/wp-json\/wp\/v2\/product_tag?post=3496"},{"taxonomy":"yst_prominent_words","embeddable":true,"href":"https:\/\/encinardeljamon.com\/fr\/wp-json\/wp\/v2\/yst_prominent_words?post=3496"}],"curies":[{"name":"wp","href":"https:\/\/api.w.org\/{rel}","templated":true}]}}