{"id":3482,"date":"2024-11-05T20:21:46","date_gmt":"2024-11-05T20:21:46","guid":{"rendered":"https:\/\/encinardeljamon.com\/?post_type=product&#038;p=3482"},"modified":"2025-04-08T14:18:43","modified_gmt":"2025-04-08T14:18:43","slug":"jamon-esencia-azul-benito-iberico-6-a-6-5-kg-aprox","status":"publish","type":"product","link":"https:\/\/encinardeljamon.com\/fr\/product\/jamon-esencia-azul-benito-iberico-6-a-6-5-kg-aprox\/","title":{"rendered":"Jambon Esencia Azul Benito Iberian 6 A 6,5 kg env."},"content":{"rendered":"<div class=\"et_pb_module et_pb_text et_pb_text_0 et_pb_text_align_left et_pb_bg_layout_light et_had_animation\">\n<div class=\"et_pb_text_inner\">\n<p>Essence de jambon bleu<\/p>\n<\/div>\n<\/div>\n<div class=\"et_pb_module et_pb_cta_0 et_hover_enabled et_pb_promo et_pb_text_align_left et_pb_bg_layout_light et_pb_no_bg et_had_animation\">\n<div class=\"et_pb_promo_description\">\n<div>\n<p>Produit fabriqu\u00e9 \u00e0 partir de l'extr\u00e9mit\u00e9 post\u00e9rieure ou de la cuisse post\u00e9rieure de porc qui a \u00e9t\u00e9 sal\u00e9, s\u00e9ch\u00e9 et affin\u00e9 pendant au moins 730 jours.<\/p>\n<p><strong>Ingr\u00e9dients :<\/strong><br \/>\nJambon de porc (98%), sel (1,97%), r\u00e9gulateur d'acidit\u00e9 E-331iii, conservateurs E-252 (0,015%) et E-250 (0,0099%).<\/p>\n<\/div>\n<\/div>\n<\/div>","protected":false},"excerpt":{"rendered":"<h1 style=\"text-align: center;\"><strong><em>UNIQUEMENT DES UNIT\u00c9S LIMIT\u00c9ES AU STOCK DE L'ENTREP\u00d4T<\/em><\/strong><\/h1>","protected":false},"featured_media":3395,"comment_status":"closed","ping_status":"closed","template":"","meta":{"site-sidebar-layout":"default","site-content-layout":"","ast-site-content-layout":"default","site-content-style":"default","site-sidebar-style":"default","ast-global-header-display":"","ast-banner-title-visibility":"","ast-main-header-display":"","ast-hfb-above-header-display":"","ast-hfb-below-header-display":"","ast-hfb-mobile-header-display":"","site-post-title":"","ast-breadcrumbs-content":"","ast-featured-img":"","footer-sml-layout":"","theme-transparent-header-meta":"default","adv-header-id-meta":"","stick-header-meta":"","header-above-stick-meta":"","header-main-stick-meta":"","header-below-stick-meta":"","astra-migrate-meta-layouts":"set","_joinchat":[]},"product_brand":[],"product_cat":[17],"product_tag":[],"yst_prominent_words":[],"class_list":{"0":"post-3482","1":"product","2":"type-product","3":"status-publish","4":"has-post-thumbnail","6":"product_cat-jamones-y-paletas","7":"desktop-align-left","8":"tablet-align-left","9":"mobile-align-left","11":"first","12":"outofstock","13":"taxable","14":"shipping-taxable","15":"purchasable","16":"product-type-variable"},"_links":{"self":[{"href":"https:\/\/encinardeljamon.com\/fr\/wp-json\/wp\/v2\/product\/3482","targetHints":{"allow":["GET"]}}],"collection":[{"href":"https:\/\/encinardeljamon.com\/fr\/wp-json\/wp\/v2\/product"}],"about":[{"href":"https:\/\/encinardeljamon.com\/fr\/wp-json\/wp\/v2\/types\/product"}],"replies":[{"embeddable":true,"href":"https:\/\/encinardeljamon.com\/fr\/wp-json\/wp\/v2\/comments?post=3482"}],"wp:featuredmedia":[{"embeddable":true,"href":"https:\/\/encinardeljamon.com\/fr\/wp-json\/wp\/v2\/media\/3395"}],"wp:attachment":[{"href":"https:\/\/encinardeljamon.com\/fr\/wp-json\/wp\/v2\/media?parent=3482"}],"wp:term":[{"taxonomy":"product_brand","embeddable":true,"href":"https:\/\/encinardeljamon.com\/fr\/wp-json\/wp\/v2\/product_brand?post=3482"},{"taxonomy":"product_cat","embeddable":true,"href":"https:\/\/encinardeljamon.com\/fr\/wp-json\/wp\/v2\/product_cat?post=3482"},{"taxonomy":"product_tag","embeddable":true,"href":"https:\/\/encinardeljamon.com\/fr\/wp-json\/wp\/v2\/product_tag?post=3482"},{"taxonomy":"yst_prominent_words","embeddable":true,"href":"https:\/\/encinardeljamon.com\/fr\/wp-json\/wp\/v2\/yst_prominent_words?post=3482"}],"curies":[{"name":"wp","href":"https:\/\/api.w.org\/{rel}","templated":true}]}}