{"id":3372,"date":"2024-04-01T22:41:14","date_gmt":"2024-04-01T22:41:14","guid":{"rendered":"https:\/\/encinardeljamon.com\/?post_type=product&#038;p=3372"},"modified":"2026-01-14T09:46:24","modified_gmt":"2026-01-14T09:46:24","slug":"delirium-tremens-barril-keg-5-l","status":"publish","type":"product","link":"https:\/\/encinardeljamon.com\/fr\/product\/delirium-tremens-barril-keg-5-l\/","title":{"rendered":"Delirium Tremens Barrel Keg 5 L"},"content":{"rendered":"<div><main id=\"main\" role=\"main\"><\/p>\n<div id=\"bd_results\" role=\"region\" aria-live=\"polite\">\n<article class=\"productdetails-view vm-productdetails\">\n<div class=\"row row-condensed\">\n<div class=\"col-xs-12\">\n<div class=\"product-bottom-cont\">\n<div class=\"row row-condensed\">\n<div class=\"col-sm-9\">\n<div class=\"product-tabpanel\" role=\"tabpanel\">\n<div class=\"tab-content\">\n<div id=\"tab-product-desc\" class=\"tab-pane fade in active\" role=\"tabpanel\">\n<div class=\"full-product-description\">\n<div class=\"description\">\n<h2 class=\"titulo-ficha\">Delirium Tremens Barrel Keg 5 L<\/h2>\n<div class=\"inf\"><\/div>\n<div class=\"info-ficha\">Delirium Tremens est une c\u00e9l\u00e8bre bi\u00e8re artisanale belge, brass\u00e9e en combinant trois types de levure diff\u00e9rents pour lui donner une saveur unique et caract\u00e9ristique. En bouche, elle est<strong>une bi\u00e8re chaude et \u00e9pic\u00e9e<\/strong> avec de l\u00e9g\u00e8res notes fruit\u00e9es. Cette bi\u00e8re blonde belge a remport\u00e9 de nombreuses r\u00e9compenses, notamment la m\u00e9daille d'or \u00e0 l'International Beer Challenge de Londres en 2015 et 2016 et la m\u00e9daille d'or aux World Beer Awards 2021. Version en f\u00fbts de 5 litres.<\/div>\n<p>&nbsp;<\/p>\n<h2 class=\"titulo-ficha\">Brouwerij Huyghe<\/h2>\n<div class=\"inf\"><\/div>\n<div class=\"info-ficha\">Les bi\u00e8res Delirium ont vu le jour en 1902, lorsque Leon Huyghe a commenc\u00e9 \u00e0 travailler dans une brasserie de Melle appel\u00e9e Brouwerij-Mouterij den Appel. Huyghe a rachet\u00e9 la brasserie en 1906 et l'a rebaptis\u00e9e Brouwerij Huyghe en 1938. En 1998, la bi\u00e8re embl\u00e9matique Delirium Tremens a \u00e9t\u00e9 lanc\u00e9e sur le march\u00e9. <strong>a connu un grand succ\u00e8s<\/strong>. Brouwerij Huyghe brasse d'autres bi\u00e8res comme <a href=\"https:\/\/www.bodecall.com\/cerveza\/todas-las-cervezas\/mongozo-premium-pilsener-detail\">Mongozo<\/a>, <a href=\"https:\/\/www.bodecall.com\/cerveza\/todas-las-cervezas\/floris-chocolat-detail\">Floris<\/a>, <a href=\"https:\/\/www.bodecall.com\/cerveza\/todas-las-cervezas\/la-guillotine-detail\">La Guillotine<\/a> et Averbode, entre autres.<\/div>\n<p>&nbsp;<\/p>\n<h2 class=\"titulo-ficha\">Notes de d\u00e9gustation<\/h2>\n<div class=\"inf\"><\/div>\n<div class=\"info-ficha\">Aspect l\u00e9g\u00e8rement trouble, couleur dor\u00e9e et mousse dense et persistante. Ar\u00f4me fruit\u00e9 avec des notes de malt et d'\u00e9pices. En bouche, cette bi\u00e8re artisanale a un d\u00e9part chaud et amer qui s'adoucit progressivement gr\u00e2ce \u00e0 ses nuances fruit\u00e9es et balsamiques. Teneur en alcool : 8,5 degr\u00e9s d'alcool.<\/div>\n<p>&nbsp;<\/p>\n<p>&nbsp;<\/p>\n<p align=\"center\"><img decoding=\"async\" src=\"https:\/\/www.bodecall.com\/images\/productores\/delirium.jpg\" alt=\"Delirium y Brouwerij Huyghe en Bodecall\" border=\"0\" \/><\/p>\n<\/div>\n<\/div>\n<\/div>\n<\/div>\n<\/div>\n<\/div>\n<div class=\"col-sm-3\">\n<div class=\"related-products-cont\"><\/div>\n<\/div>\n<\/div>\n<\/div>\n<\/div>\n<\/div>\n<\/article>\n<\/div>\n<p><\/main><\/div>\n<div><\/div>\n<div class=\"product-short-desc-cont\">Bi\u00e8re artisanale belge embl\u00e9matique au go\u00fbt chaleureux et \u00e9quilibr\u00e9, en f\u00fbts de 5 litres.<\/div>\n<div class=\"ontop-fields-cont\">\n<div class=\"product-fields\">\n<div class=\"product-field product-field-type-S\">\n<table>\n<tbody>\n<tr class=\"\">\n<td class=\"filtro1\">\n<div class=\"product-fields-title-wrapper\"><span class=\"product-fields-title\">Allerg\u00e8nes<\/span><\/div>\n<\/td>\n<td class=\"filtro2\">\n<div class=\"product-field-display\">Gluten<\/div>\n<\/td>\n<\/tr>\n<\/tbody>\n<\/table>\n<\/div>\n<div class=\"product-field product-field-type-S\">\n<table>\n<tbody>\n<tr class=\"\">\n<td class=\"filtro1\">\n<div class=\"product-fields-title-wrapper\"><span class=\"product-fields-title\">Pays<\/span><\/div>\n<\/td>\n<td class=\"filtro2\">\n<div class=\"product-field-display\">Belgique<\/div>\n<\/td>\n<\/tr>\n<\/tbody>\n<\/table>\n<\/div>\n<div class=\"product-field product-field-type-S\">\n<table>\n<tbody>\n<tr class=\"\">\n<td class=\"filtro1\">\n<div class=\"product-fields-title-wrapper\"><span class=\"product-fields-title\">Marque<\/span><\/div>\n<\/td>\n<td class=\"filtro2\">\n<div class=\"product-field-display\">D\u00e9lire<\/div>\n<\/td>\n<\/tr>\n<\/tbody>\n<\/table>\n<\/div>\n<div class=\"product-field product-field-type-S\">\n<table>\n<tbody>\n<tr class=\"\">\n<td class=\"filtro1\">\n<div class=\"product-fields-title-wrapper\"><span class=\"product-fields-title\">Volume<\/span><\/div>\n<\/td>\n<td class=\"filtro2\">\n<div class=\"product-field-display\">5 L<\/div>\n<\/td>\n<\/tr>\n<\/tbody>\n<\/table>\n<\/div>\n<div class=\"product-field product-field-type-S\">\n<table>\n<tbody>\n<tr class=\"\">\n<td class=\"filtro1\">\n<div class=\"product-fields-title-wrapper\"><span class=\"product-fields-title\">Type<\/span><\/div>\n<\/td>\n<td class=\"filtro2\">\n<div class=\"product-field-display\">Bi\u00e8re belge<\/div>\n<\/td>\n<\/tr>\n<\/tbody>\n<\/table>\n<\/div>\n<div class=\"product-field product-field-type-S\">\n<table>\n<tbody>\n<tr class=\"\">\n<td class=\"filtro1\">\n<div class=\"product-fields-title-wrapper\"><span class=\"product-fields-title\">Couleur<\/span><\/div>\n<\/td>\n<td class=\"filtro2\">\n<div class=\"product-field-display\">Blonde<\/div>\n<\/td>\n<\/tr>\n<\/tbody>\n<\/table>\n<\/div>\n<div class=\"product-field product-field-type-S\">\n<table>\n<tbody>\n<tr class=\"\">\n<td class=\"filtro1\">\n<div class=\"product-fields-title-wrapper\"><span class=\"product-fields-title\">Alcool<\/span><\/div>\n<\/td>\n<td class=\"filtro2\">\n<div class=\"product-field-display\">8,5%<\/div>\n<\/td>\n<\/tr>\n<\/tbody>\n<\/table>\n<\/div>\n<\/div>\n<\/div>","protected":false},"excerpt":{"rendered":"<p>Delirium Tremens Keg 5 L Delirium Tremens est une c\u00e9l\u00e8bre bi\u00e8re artisanale belge, brass\u00e9e en combinant trois types de levure diff\u00e9rents pour lui donner une saveur unique et caract\u00e9ristique. En bouche, c'est une bi\u00e8re chaude et \u00e9pic\u00e9e avec de l\u00e9g\u00e8res notes fruit\u00e9es. Cette bi\u00e8re blonde belge a remport\u00e9 de nombreux prix, parmi lesquels le ...<\/p>\n<p class=\"read-more\"> <a class=\"\" href=\"https:\/\/encinardeljamon.com\/fr\/product\/delirium-tremens-barril-keg-5-l\/\"> <span class=\"screen-reader-text\">Delirium Tremens Barrel Keg 5 L<\/span> Lire la suite \"<\/a><\/p>","protected":false},"featured_media":3373,"comment_status":"closed","ping_status":"closed","template":"","meta":{"site-sidebar-layout":"default","site-content-layout":null,"ast-site-content-layout":"default","site-content-style":"default","site-sidebar-style":"default","ast-global-header-display":"","ast-banner-title-visibility":"","ast-main-header-display":"","ast-hfb-above-header-display":null,"ast-hfb-below-header-display":null,"ast-hfb-mobile-header-display":"","site-post-title":"","ast-breadcrumbs-content":null,"ast-featured-img":"","footer-sml-layout":"","theme-transparent-header-meta":"default","adv-header-id-meta":null,"stick-header-meta":null,"header-above-stick-meta":null,"header-main-stick-meta":null,"header-below-stick-meta":null,"astra-migrate-meta-layouts":"set","_joinchat":[]},"product_brand":[],"product_cat":[27,39],"product_tag":[],"yst_prominent_words":[],"class_list":{"0":"post-3372","1":"product","2":"type-product","3":"status-publish","4":"has-post-thumbnail","6":"product_cat-licores-vinos-y-cervezas","7":"product_cat-ofertas-y-novedades","8":"desktop-align-left","9":"tablet-align-left","10":"mobile-align-left","12":"first","13":"instock","14":"taxable","15":"shipping-taxable","16":"purchasable","17":"product-type-simple"},"_links":{"self":[{"href":"https:\/\/encinardeljamon.com\/fr\/wp-json\/wp\/v2\/product\/3372","targetHints":{"allow":["GET"]}}],"collection":[{"href":"https:\/\/encinardeljamon.com\/fr\/wp-json\/wp\/v2\/product"}],"about":[{"href":"https:\/\/encinardeljamon.com\/fr\/wp-json\/wp\/v2\/types\/product"}],"replies":[{"embeddable":true,"href":"https:\/\/encinardeljamon.com\/fr\/wp-json\/wp\/v2\/comments?post=3372"}],"wp:featuredmedia":[{"embeddable":true,"href":"https:\/\/encinardeljamon.com\/fr\/wp-json\/wp\/v2\/media\/3373"}],"wp:attachment":[{"href":"https:\/\/encinardeljamon.com\/fr\/wp-json\/wp\/v2\/media?parent=3372"}],"wp:term":[{"taxonomy":"product_brand","embeddable":true,"href":"https:\/\/encinardeljamon.com\/fr\/wp-json\/wp\/v2\/product_brand?post=3372"},{"taxonomy":"product_cat","embeddable":true,"href":"https:\/\/encinardeljamon.com\/fr\/wp-json\/wp\/v2\/product_cat?post=3372"},{"taxonomy":"product_tag","embeddable":true,"href":"https:\/\/encinardeljamon.com\/fr\/wp-json\/wp\/v2\/product_tag?post=3372"},{"taxonomy":"yst_prominent_words","embeddable":true,"href":"https:\/\/encinardeljamon.com\/fr\/wp-json\/wp\/v2\/yst_prominent_words?post=3372"}],"curies":[{"name":"wp","href":"https:\/\/api.w.org\/{rel}","templated":true}]}}