{"id":3368,"date":"2024-04-01T22:30:25","date_gmt":"2024-04-01T22:30:25","guid":{"rendered":"https:\/\/encinardeljamon.com\/?post_type=product&#038;p=3368"},"modified":"2026-01-14T09:46:38","modified_gmt":"2026-01-14T09:46:38","slug":"gulden-draak-classic-5-litros","status":"publish","type":"product","link":"https:\/\/encinardeljamon.com\/fr\/product\/gulden-draak-classic-5-litros\/","title":{"rendered":"Gulden Draak Classic 5 litres"},"content":{"rendered":"<div class=\"product-short-desc-cont\">Bi\u00e8re noire triple avec des notes de caramel, de malt torr\u00e9fi\u00e9 et de caf\u00e9, 10.5%. F\u00fbt de 5 litres<main id=\"main\" role=\"main\"><\/p>\n<div id=\"bd_results\" role=\"region\" aria-live=\"polite\">\n<article class=\"productdetails-view vm-productdetails\">\n<div class=\"row row-condensed\">\n<div class=\"col-xs-12\">\n<div class=\"product-bottom-cont\">\n<div class=\"row row-condensed\">\n<div class=\"col-sm-9\">\n<div class=\"product-tabpanel\" role=\"tabpanel\">\n<div class=\"tab-content\">\n<div id=\"tab-product-desc\" class=\"tab-pane fade active in\" role=\"tabpanel\">\n<div class=\"full-product-description\">\n<div class=\"description\">\n<h2 class=\"titulo-ficha\">Gulden Draak Classic Barrel 5 litres<\/h2>\n<div class=\"inf\"><\/div>\n<div class=\"info-ficha\">Le Gulden Draak Classic est un <strong>Triple Dark Strong Dark Ale <\/strong>brass\u00e9e avec des mati\u00e8res premi\u00e8res de la meilleure qualit\u00e9, notamment des houblons nobles et la levure de vin unique que Josef Van Steenberge a ramen\u00e9e de Bordeaux en 1986. Le r\u00e9sultat est une bi\u00e8re artisanale belge de couleur fonc\u00e9e avec un ar\u00f4me et un go\u00fbt de malt torr\u00e9fi\u00e9, de caramel et de caf\u00e9.&nbsp;<\/p>\n<p>Son profil \u00e9volue au fil du temps s'il est laiss\u00e9 au repos, acqu\u00e9rant ainsi<strong> de multiples nuances et une grande complexit\u00e9<\/strong>. Son nom vient du Dragon d'or historique qui couronne le clocher de Gand et qui symbolise la puissance et la libert\u00e9 de la ville.<\/div>\n<p>&nbsp;<\/p>\n<h2 class=\"titulo-ficha\">Brouwerij Van Steenberge<\/h2>\n<div class=\"inf\"><\/div>\n<div class=\"info-ficha\">L'histoire de la gamme de bi\u00e8res Gulden Draak d\u00e9bute en 1784, lorsque Jean Baptiste De Bruin <strong>a fond\u00e9 une brasserie dans le village d'Ertvelde<\/strong> (Belgique) sous le nom de De Peer. \u00c0 sa mort, sa femme Angelina Petronella Schelfaut reprend la brasserie. Quelques ann\u00e9es plus tard, son neveu Josef Schelfaut, grand connaisseur de l'art brassicole, reprend la brasserie.&nbsp;<\/p>\n<p>Par la suite, la fille de Josef, Margriet Schelfaut, a \u00e9pous\u00e9 Paul Van Steenberge. Van Steenberge, professeur de microbiologie, a repris la brasserie apr\u00e8s la Premi\u00e8re Guerre mondiale. Josef Van Steenberge, qui a repris l'entreprise en 1962, a commenc\u00e9 \u00e0 brasser des bi\u00e8res sp\u00e9ciales \u00e0 fermentation haute et a acquis en 1978 les recettes des bi\u00e8res de l'abbaye de St Augustijn. Les bi\u00e8res de la gamme <a href=\"https:\/\/www.bodecall.com\/cerveza\/augustijn-blond-detail\">St Augustijn<\/a> ont \u00e9t\u00e9 lanc\u00e9s sur le march\u00e9 quelques ann\u00e9es plus tard, en m\u00eame temps que la bi\u00e8re <a href=\"https:\/\/www.bodecall.com\/cerveza\/piraat-detail\">Piraat<\/a> et Guldren Draak.<\/div>\n<p>&nbsp;<\/p>\n<h2 class=\"titulo-ficha\">Notes de d\u00e9gustation<\/h2>\n<div class=\"inf\"><\/div>\n<div class=\"info-ficha\">Couleur fonc\u00e9e et mousse dense et cr\u00e9meuse. Ar\u00f4me grill\u00e9 avec des notes de caramel, de malt, de levure, de caf\u00e9 et de noix. En bouche, c'est une bi\u00e8re puissante avec un go\u00fbt sucr\u00e9 de caramel et de toffee. Finale longue et am\u00e8re. Teneur en alcool : 10,5 degr\u00e9s.<\/div>\n<p>&nbsp;<\/p>\n<p>&nbsp;<\/p>\n<p align=\"center\"><img fetchpriority=\"high\" decoding=\"async\" src=\"https:\/\/www.bodecall.com\/images\/productores\/van_steenberge_brouwerij_logo.jpg\" alt=\"Van Steenberge Brouwerij en Bodecall\" width=\"253\" height=\"254\" border=\"0\" \/><\/p>\n<\/div>\n<\/div>\n<\/div>\n<\/div>\n<\/div>\n<\/div>\n<div class=\"col-sm-3\">\n<div class=\"related-products-cont\">\n<div class=\"related-products related-products-carousel owl-carousel owl-nav-top\">\n<div class=\"owl-controls clickable\">\n<div class=\"owl-buttons\">\n<div class=\"owl-next\"><\/div>\n<\/div>\n<\/div>\n<\/div>\n<\/div>\n<\/div>\n<\/div>\n<\/div>\n<\/div>\n<\/div>\n<\/article>\n<\/div>\n<p><\/main><\/p>\n<section class=\"content-bottom-horizontal\">\n<div class=\"row\">\n<div class=\"col-md-12 col-xs-12 horizontal-module\">\n<div class=\"module-cont module-autowidth\">\n<div class=\"custom\"><\/div>\n<\/div>\n<\/div>\n<\/div>\n<\/section>\n<\/div>\n<div><\/div>\n<div class=\"ontop-fields-cont\">\n<div class=\"product-fields\">\n<div class=\"product-field product-field-type-S\">\n<table>\n<tbody>\n<tr class=\"\">\n<td class=\"filtro1\">\n<div class=\"product-fields-title-wrapper\"><span class=\"product-fields-title\">Pays<\/span><\/div>\n<\/td>\n<td class=\"filtro2\">\n<div class=\"product-field-display\">Belgique<\/div>\n<\/td>\n<\/tr>\n<\/tbody>\n<\/table>\n<\/div>\n<div class=\"product-field product-field-type-S\">\n<table>\n<tbody>\n<tr class=\"\">\n<td class=\"filtro1\">\n<div class=\"product-fields-title-wrapper\"><span class=\"product-fields-title\">Marque<\/span><\/div>\n<\/td>\n<td class=\"filtro2\">\n<div class=\"product-field-display\">Gulden Draak<\/div>\n<\/td>\n<\/tr>\n<\/tbody>\n<\/table>\n<\/div>\n<div class=\"product-field product-field-type-S\">\n<table>\n<tbody>\n<tr class=\"\">\n<td class=\"filtro1\">\n<div class=\"product-fields-title-wrapper\"><span class=\"product-fields-title\">Volume<\/span><\/div>\n<\/td>\n<td class=\"filtro2\">\n<div class=\"product-field-display\">5 L<\/div>\n<\/td>\n<\/tr>\n<\/tbody>\n<\/table>\n<\/div>\n<div class=\"product-field product-field-type-S\">\n<table>\n<tbody>\n<tr class=\"\">\n<td class=\"filtro1\">\n<div class=\"product-fields-title-wrapper\"><span class=\"product-fields-title\">Type<\/span><\/div>\n<\/td>\n<td class=\"filtro2\">\n<div class=\"product-field-display\">Bi\u00e8re belge<\/div>\n<\/td>\n<\/tr>\n<\/tbody>\n<\/table>\n<\/div>\n<div class=\"product-field product-field-type-S\">\n<table>\n<tbody>\n<tr class=\"\">\n<td class=\"filtro1\">\n<div class=\"product-fields-title-wrapper\"><span class=\"product-fields-title\">Couleur<\/span><\/div>\n<\/td>\n<td class=\"filtro2\">\n<div class=\"product-field-display\">Toast<\/div>\n<\/td>\n<\/tr>\n<\/tbody>\n<\/table>\n<\/div>\n<div class=\"product-field product-field-type-S\">\n<table>\n<tbody>\n<tr class=\"\">\n<td class=\"filtro1\">\n<div class=\"product-fields-title-wrapper\"><span class=\"product-fields-title\">Alcool<\/span><\/div>\n<\/td>\n<td class=\"filtro2\">\n<div class=\"product-field-display\">10,5%<\/div>\n<\/td>\n<\/tr>\n<\/tbody>\n<\/table>\n<\/div>\n<div class=\"product-field product-field-type-S\">\n<table>\n<tbody>\n<tr class=\"\">\n<td class=\"filtro1\">\n<div class=\"product-fields-title-wrapper\"><span class=\"product-fields-title\">Allerg\u00e8nes<\/span><\/div>\n<\/td>\n<td class=\"filtro2\">\n<div class=\"product-field-display\">Gluten<\/div>\n<\/td>\n<\/tr>\n<\/tbody>\n<\/table>\n<\/div>\n<div class=\"product-field product-field-type-S\">\n<table>\n<tbody>\n<tr class=\"\">\n<td class=\"filtro1\">\n<div class=\"product-fields-title-wrapper\"><span class=\"product-fields-title\">Nom de l'op\u00e9rateur<\/span><\/div>\n<\/td>\n<td class=\"filtro2\">\n<div class=\"product-field-display\">Brouwerij Van Steenberge<\/div>\n<\/td>\n<\/tr>\n<\/tbody>\n<\/table>\n<\/div>\n<div class=\"product-field product-field-type-S\">\n<table>\n<tbody>\n<tr class=\"\">\n<td class=\"filtro1\">\n<div class=\"product-fields-title-wrapper\"><span class=\"product-fields-title\">Adresse de l'op\u00e9rateur<\/span><\/div>\n<\/td>\n<td class=\"filtro2\">\n<div class=\"product-field-display\">Lindenlaan 25- B-9940 Ertvelde<\/div>\n<\/td>\n<\/tr>\n<\/tbody>\n<\/table>\n<\/div>\n<\/div>\n<\/div>","protected":false},"excerpt":{"rendered":"<p>Bi\u00e8re noire triple avec des notes de caramel, de malt torr\u00e9fi\u00e9 et de caf\u00e9, 10,5%. 5 litres keg Gulden Draak Classic 5 litres keg Gulden Draak Classic est une triple bi\u00e8re brune forte brass\u00e9e avec des mati\u00e8res premi\u00e8res de la plus haute qualit\u00e9, notamment des houblons nobles et la levure de vin unique que Josef ...<\/p>\n<p class=\"read-more\"> <a class=\"\" href=\"https:\/\/encinardeljamon.com\/fr\/product\/gulden-draak-classic-5-litros\/\"> <span class=\"screen-reader-text\">Gulden Draak Classic 5 litres<\/span> Lire la suite \"<\/a><\/p>","protected":false},"featured_media":3369,"comment_status":"closed","ping_status":"closed","template":"","meta":{"site-sidebar-layout":"default","site-content-layout":null,"ast-site-content-layout":"default","site-content-style":"default","site-sidebar-style":"default","ast-global-header-display":"","ast-banner-title-visibility":"","ast-main-header-display":"","ast-hfb-above-header-display":null,"ast-hfb-below-header-display":null,"ast-hfb-mobile-header-display":"","site-post-title":"","ast-breadcrumbs-content":null,"ast-featured-img":"","footer-sml-layout":"","theme-transparent-header-meta":"default","adv-header-id-meta":null,"stick-header-meta":null,"header-above-stick-meta":null,"header-main-stick-meta":null,"header-below-stick-meta":null,"astra-migrate-meta-layouts":"set","_joinchat":[]},"product_brand":[],"product_cat":[27,39],"product_tag":[],"yst_prominent_words":[],"class_list":{"0":"post-3368","1":"product","2":"type-product","3":"status-publish","4":"has-post-thumbnail","6":"product_cat-licores-vinos-y-cervezas","7":"product_cat-ofertas-y-novedades","8":"desktop-align-left","9":"tablet-align-left","10":"mobile-align-left","12":"first","13":"instock","14":"taxable","15":"shipping-taxable","16":"purchasable","17":"product-type-simple"},"_links":{"self":[{"href":"https:\/\/encinardeljamon.com\/fr\/wp-json\/wp\/v2\/product\/3368","targetHints":{"allow":["GET"]}}],"collection":[{"href":"https:\/\/encinardeljamon.com\/fr\/wp-json\/wp\/v2\/product"}],"about":[{"href":"https:\/\/encinardeljamon.com\/fr\/wp-json\/wp\/v2\/types\/product"}],"replies":[{"embeddable":true,"href":"https:\/\/encinardeljamon.com\/fr\/wp-json\/wp\/v2\/comments?post=3368"}],"wp:featuredmedia":[{"embeddable":true,"href":"https:\/\/encinardeljamon.com\/fr\/wp-json\/wp\/v2\/media\/3369"}],"wp:attachment":[{"href":"https:\/\/encinardeljamon.com\/fr\/wp-json\/wp\/v2\/media?parent=3368"}],"wp:term":[{"taxonomy":"product_brand","embeddable":true,"href":"https:\/\/encinardeljamon.com\/fr\/wp-json\/wp\/v2\/product_brand?post=3368"},{"taxonomy":"product_cat","embeddable":true,"href":"https:\/\/encinardeljamon.com\/fr\/wp-json\/wp\/v2\/product_cat?post=3368"},{"taxonomy":"product_tag","embeddable":true,"href":"https:\/\/encinardeljamon.com\/fr\/wp-json\/wp\/v2\/product_tag?post=3368"},{"taxonomy":"yst_prominent_words","embeddable":true,"href":"https:\/\/encinardeljamon.com\/fr\/wp-json\/wp\/v2\/yst_prominent_words?post=3368"}],"curies":[{"name":"wp","href":"https:\/\/api.w.org\/{rel}","templated":true}]}}