{"id":3366,"date":"2024-04-01T22:21:54","date_gmt":"2024-04-01T22:21:54","guid":{"rendered":"https:\/\/encinardeljamon.com\/?post_type=product&#038;p=3366"},"modified":"2026-01-14T09:46:51","modified_gmt":"2026-01-14T09:46:51","slug":"la-chouffe-blonde-barril-5l","status":"publish","type":"product","link":"https:\/\/encinardeljamon.com\/fr\/product\/la-chouffe-blonde-barril-5l\/","title":{"rendered":"La Chouffe Blonde Barrique 5L"},"content":{"rendered":"<div class=\"product-short-desc-cont\">\n<p>F\u00fbt de 5L de La Chouffe Blonde, 4%<\/p>\n<p>&nbsp;<\/p>\n<div id=\"bd_results\" role=\"region\" aria-live=\"polite\">\n<article class=\"productdetails-view vm-productdetails\">\n<div class=\"row row-condensed\">\n<div class=\"col-xs-12\">\n<div class=\"product-bottom-cont\">\n<div class=\"row row-condensed\">\n<div class=\"col-sm-9\">\n<div class=\"product-tabpanel\" role=\"tabpanel\">\n<div class=\"tab-content\">\n<div id=\"tab-product-desc\" class=\"tab-pane fade active in\" role=\"tabpanel\">\n<div class=\"full-product-description\">\n<div class=\"description\">\n<h2 class=\"titulo-ficha\">La Chouffe Blonde<\/h2>\n<div class=\"inf\"><\/div>\n<div class=\"info-ficha\">La Chouffe Blonde en<strong> format de cinq litres<\/strong>pr\u00eat \u00e0 servir. Le f\u00fbt comprend une capsule de CO2 et ne n\u00e9cessite pas de machine. Elle est id\u00e9ale pour accompagner les f\u00eates, les barbecues, les pique-niques ou les snacks. La Chouffe Blonde est une bi\u00e8re blonde forte, \u00e9pic\u00e9e et fruit\u00e9e avec une pointe de coriandre.<\/div>\n<p align=\"center\"><img decoding=\"async\" src=\"https:\/\/www.bodecall.com\/images\/productores\/barril-la-chouffe-5-litros.jpg\" alt=\"Instrucciones de uso de barril de cerveza La Chouffe de 5 litros Bodecall\" border=\"0\" \/><\/p>\n<p>&nbsp;<\/p>\n<h2 class=\"titulo-ficha\">Brasserie d'Achouffe<\/h2>\n<div class=\"inf\"><\/div>\n<div class=\"info-ficha\">\n<p>Brasseria D'Achouffe fr<strong> une brasserie dans les Ardennes belges<\/strong>fond\u00e9e par Pierre Gobron et son beau-fr\u00e8re Chris Bauweraerts, qui ont commenc\u00e9 \u00e0 brasser \u00e0 domicile dans leur garage \u00e0 la fin des ann\u00e9es 1970. En 1982, ils se lancent dans la production professionnelle de bi\u00e8re avec un budget de moins de cinq mille euros. Leur premi\u00e8re bi\u00e8re, La Chouffe Blonde, conna\u00eet un tel succ\u00e8s qu'elle leur permet d'acheter la petite ferme o\u00f9 ils brassent.<\/p>\n<p>En 2006, le groupe brassicole belge Duvel Moortgat a rachet\u00e9 la Brasseria D'Achouffe. La<strong> gnome \u00e0 t\u00eate rouge<\/strong>qui figure sur toutes les \u00e9tiquettes de ses bi\u00e8res est connue dans le monde entier, et les bi\u00e8res Chouffe sont export\u00e9es dans plus de 40 pays \u00e0 travers le monde.<\/p>\n<\/div>\n<h2 class=\"titulo-ficha\">Notes de d\u00e9gustation<\/h2>\n<div class=\"inf\"><\/div>\n<div class=\"info-ficha\">Couleur dor\u00e9e, aspect l\u00e9g\u00e8rement trouble et mousse blanche abondante. Ar\u00f4me \u00e9pic\u00e9 avec des notes d'agrumes et de fruits. Saveur fruit\u00e9e et tr\u00e8s \u00e9quilibr\u00e9e. Teneur en alcool : 8% alc\/vol.<\/div>\n<p>&nbsp;<\/p>\n<p>&nbsp;<\/p>\n<p>&nbsp;<\/p>\n<p align=\"center\"><img fetchpriority=\"high\" decoding=\"async\" src=\"https:\/\/www.bodecall.com\/images\/productores\/Brasserie_d_Achouffe.jpg\" alt=\"Brasserie d'Achouffeen Bodecall\" width=\"253\" height=\"254\" border=\"0\" \/><\/p>\n<\/div>\n<\/div>\n<\/div>\n<\/div>\n<\/div>\n<\/div>\n<div class=\"col-sm-3\">\n<div class=\"related-products-cont\">\n<div class=\"related-products related-products-carousel owl-carousel owl-nav-top\">\n<div class=\"owl-wrapper-outer autoHeight\">\n<div class=\"owl-wrapper\">\n<div class=\"owl-item\">\n<div class=\"related-product\">\n<div class=\"related-item-cont\">\n<div class=\"related-item-inner\">\n<div class=\"product-rating\"><\/div>\n<\/div>\n<\/div>\n<\/div>\n<\/div>\n<\/div>\n<\/div>\n<div class=\"owl-controls clickable\">\n<div class=\"owl-buttons\">\n<div class=\"owl-prev\"><\/div>\n<div class=\"owl-next\"><\/div>\n<\/div>\n<\/div>\n<\/div>\n<\/div>\n<\/div>\n<\/div>\n<\/div>\n<\/div>\n<\/div>\n<\/article>\n<\/div>\n<p>&nbsp;<\/p>\n<section class=\"content-bottom-horizontal\">\n<div class=\"row\">\n<div class=\"col-md-12 col-xs-12 horizontal-module\">\n<div class=\"module-cont module-autowidth\">\n<div class=\"custom\">\n<h2 class=\"titulo-ficha\">Vous aimez la bi\u00e8re ?<\/h2>\n<div class=\"inf\"><\/div>\n<div class=\"info-ficha\">\n<p>La bi\u00e8re est une boisson ancestrale qui a accompagn\u00e9 l'humanit\u00e9 au fil des si\u00e8cles et qui est brass\u00e9e avec quatre ingr\u00e9dients de base : l'eau, la levure, le malt (qui donne le corps, la couleur et le degr\u00e9 d'alcool) et le houblon (qui apporte l'amertume et harmonise l'ensemble).<\/p>\n<\/div>\n<\/div>\n<\/div>\n<\/div>\n<\/div>\n<\/section>\n<\/div>\n<div class=\"ontop-fields-cont\">\n<div class=\"product-fields\">\n<div class=\"product-field product-field-type-S\">\n<table>\n<tbody>\n<tr class=\"\">\n<td class=\"filtro1\">\n<div class=\"product-fields-title-wrapper\"><span class=\"product-fields-title\">Pays<\/span><\/div>\n<\/td>\n<td class=\"filtro2\">\n<div class=\"product-field-display\">Belgique<\/div>\n<\/td>\n<\/tr>\n<\/tbody>\n<\/table>\n<\/div>\n<div class=\"product-field product-field-type-S\">\n<table>\n<tbody>\n<tr class=\"\">\n<td class=\"filtro1\">\n<div class=\"product-fields-title-wrapper\"><span class=\"product-fields-title\">Marque<\/span><\/div>\n<\/td>\n<td class=\"filtro2\">\n<div class=\"product-field-display\">Chouffe<\/div>\n<\/td>\n<\/tr>\n<\/tbody>\n<\/table>\n<\/div>\n<div class=\"product-field product-field-type-S\">\n<table>\n<tbody>\n<tr class=\"\">\n<td class=\"filtro1\">\n<div class=\"product-fields-title-wrapper\"><span class=\"product-fields-title\">Volume<\/span><\/div>\n<\/td>\n<td class=\"filtro2\">\n<div class=\"product-field-display\">5 L<\/div>\n<\/td>\n<\/tr>\n<\/tbody>\n<\/table>\n<\/div>\n<div class=\"product-field product-field-type-S\">\n<table>\n<tbody>\n<tr class=\"\">\n<td class=\"filtro1\">\n<div class=\"product-fields-title-wrapper\"><span class=\"product-fields-title\">Type<\/span><\/div>\n<\/td>\n<td class=\"filtro2\">\n<div class=\"product-field-display\">Bi\u00e8re belge<\/div>\n<\/td>\n<\/tr>\n<\/tbody>\n<\/table>\n<\/div>\n<div class=\"product-field product-field-type-S\">\n<table>\n<tbody>\n<tr class=\"\">\n<td class=\"filtro1\">\n<div class=\"product-fields-title-wrapper\"><span class=\"product-fields-title\">Couleur<\/span><\/div>\n<\/td>\n<td class=\"filtro2\">\n<div class=\"product-field-display\">Blonde<\/div>\n<\/td>\n<\/tr>\n<\/tbody>\n<\/table>\n<\/div>\n<div class=\"product-field product-field-type-S\">\n<table>\n<tbody>\n<tr class=\"\">\n<td class=\"filtro1\">\n<div class=\"product-fields-title-wrapper\"><span class=\"product-fields-title\">Alcool<\/span><\/div>\n<\/td>\n<td class=\"filtro2\">\n<div class=\"product-field-display\">4%<\/div>\n<\/td>\n<\/tr>\n<\/tbody>\n<\/table>\n<\/div>\n<div class=\"product-field product-field-type-S\">\n<table>\n<tbody>\n<tr class=\"\">\n<td class=\"filtro1\">\n<div class=\"product-fields-title-wrapper\"><span class=\"product-fields-title\">Allerg\u00e8nes<\/span><\/div>\n<\/td>\n<td class=\"filtro2\">\n<div class=\"product-field-display\">Gluten<\/div>\n<\/td>\n<\/tr>\n<\/tbody>\n<\/table>\n<\/div>\n<div class=\"product-field product-field-type-S\">\n<table>\n<tbody>\n<tr class=\"\">\n<td class=\"filtro1\">\n<div class=\"product-fields-title-wrapper\"><span class=\"product-fields-title\">Nom de l'op\u00e9rateur<\/span><\/div>\n<\/td>\n<td class=\"filtro2\">\n<div class=\"product-field-display\">Duvel Moortgat<\/div>\n<\/td>\n<\/tr>\n<\/tbody>\n<\/table>\n<\/div>\n<div class=\"product-field product-field-type-S\">\n<table>\n<tbody>\n<tr class=\"\">\n<td class=\"filtro1\">\n<div class=\"product-fields-title-wrapper\"><span class=\"product-fields-title\">Adresse de l'op\u00e9rateur<\/span><\/div>\n<\/td>\n<td class=\"filtro2\">\n<div class=\"product-field-display\">Breendonk-Dorp 58, 2870 Puurs<\/div>\n<\/td>\n<\/tr>\n<\/tbody>\n<\/table>\n<\/div>\n<\/div>\n<\/div>","protected":false},"excerpt":{"rendered":"<p>F\u00fbt de 5 litres de La Chouffe Blonde, 4% La Chouffe Blonde La Chouffe Blonde en f\u00fbt de 5 litres, pr\u00eate \u00e0 \u00eatre servie. Le f\u00fbt comprend une capsule de CO2 et ne n\u00e9cessite pas de machine. Elle est id\u00e9ale pour accompagner les f\u00eates, les barbecues, les pique-niques ou les snacks. La Chouffe Blonde est une bi\u00e8re blonde forte, \u00e9pic\u00e9e et fruit\u00e9e avec une ...<\/p>\n<p class=\"read-more\"> <a class=\"\" href=\"https:\/\/encinardeljamon.com\/fr\/product\/la-chouffe-blonde-barril-5l\/\"> <span class=\"screen-reader-text\">La Chouffe Blonde Barrique 5L<\/span> Lire la suite \"<\/a><\/p>","protected":false},"featured_media":3367,"comment_status":"closed","ping_status":"closed","template":"","meta":{"site-sidebar-layout":"default","site-content-layout":null,"ast-site-content-layout":"default","site-content-style":"default","site-sidebar-style":"default","ast-global-header-display":"","ast-banner-title-visibility":"","ast-main-header-display":"","ast-hfb-above-header-display":null,"ast-hfb-below-header-display":null,"ast-hfb-mobile-header-display":"","site-post-title":"","ast-breadcrumbs-content":null,"ast-featured-img":"","footer-sml-layout":"","theme-transparent-header-meta":"default","adv-header-id-meta":null,"stick-header-meta":null,"header-above-stick-meta":null,"header-main-stick-meta":null,"header-below-stick-meta":null,"astra-migrate-meta-layouts":"set","_joinchat":[]},"product_brand":[],"product_cat":[27,39],"product_tag":[],"yst_prominent_words":[],"class_list":{"0":"post-3366","1":"product","2":"type-product","3":"status-publish","4":"has-post-thumbnail","6":"product_cat-licores-vinos-y-cervezas","7":"product_cat-ofertas-y-novedades","8":"desktop-align-left","9":"tablet-align-left","10":"mobile-align-left","12":"first","13":"instock","14":"taxable","15":"shipping-taxable","16":"purchasable","17":"product-type-simple"},"_links":{"self":[{"href":"https:\/\/encinardeljamon.com\/fr\/wp-json\/wp\/v2\/product\/3366","targetHints":{"allow":["GET"]}}],"collection":[{"href":"https:\/\/encinardeljamon.com\/fr\/wp-json\/wp\/v2\/product"}],"about":[{"href":"https:\/\/encinardeljamon.com\/fr\/wp-json\/wp\/v2\/types\/product"}],"replies":[{"embeddable":true,"href":"https:\/\/encinardeljamon.com\/fr\/wp-json\/wp\/v2\/comments?post=3366"}],"wp:featuredmedia":[{"embeddable":true,"href":"https:\/\/encinardeljamon.com\/fr\/wp-json\/wp\/v2\/media\/3367"}],"wp:attachment":[{"href":"https:\/\/encinardeljamon.com\/fr\/wp-json\/wp\/v2\/media?parent=3366"}],"wp:term":[{"taxonomy":"product_brand","embeddable":true,"href":"https:\/\/encinardeljamon.com\/fr\/wp-json\/wp\/v2\/product_brand?post=3366"},{"taxonomy":"product_cat","embeddable":true,"href":"https:\/\/encinardeljamon.com\/fr\/wp-json\/wp\/v2\/product_cat?post=3366"},{"taxonomy":"product_tag","embeddable":true,"href":"https:\/\/encinardeljamon.com\/fr\/wp-json\/wp\/v2\/product_tag?post=3366"},{"taxonomy":"yst_prominent_words","embeddable":true,"href":"https:\/\/encinardeljamon.com\/fr\/wp-json\/wp\/v2\/yst_prominent_words?post=3366"}],"curies":[{"name":"wp","href":"https:\/\/api.w.org\/{rel}","templated":true}]}}