{"id":3202,"date":"2023-10-29T22:41:31","date_gmt":"2023-10-29T22:41:31","guid":{"rendered":"https:\/\/encinardeljamon.com\/?post_type=product&#038;p=3202"},"modified":"2026-01-14T09:45:41","modified_gmt":"2026-01-14T09:45:41","slug":"paletilla-lote","status":"publish","type":"product","link":"https:\/\/encinardeljamon.com\/fr\/product\/paletilla-lote\/","title":{"rendered":"Lot d'\u00e9paule"},"content":{"rendered":"<blockquote>\n<h3 class=\"descripcion-titulo\">Le meilleur coffret cadeau pour les gourmets<\/h3>\n<\/blockquote>\n<p>Les lots gourmands sont un excellent choix pour surprendre les membres de votre entreprise, votre famille ou vos amis lors d'occasions sp\u00e9ciales. Cette s\u00e9lection offre une grande qualit\u00e9 et constitue <strong>le meilleur choix pour les cadeaux<\/strong>\u00a0aux amateurs de produits gastronomiques.<\/p>\n<p>Ce produit est joliment pr\u00e9sent\u00e9 : une fa\u00e7on parfaite de faire de l'argent.\u00a0<strong>un cadeau original<\/strong><\/p>\n<h3 class=\"descripcion-titulo\">Contenu du lot<\/h3>\n<p><span class=\"descripcion-subtitulo\"><b>Charcuterie<\/b><\/span><\/p>\n<ul class=\"descripcion-lista\">\n<li>1 Paletilla gran reserva de 4,5 kilos aprox.<\/li>\n<li>1 Chorizo Vela Ib\u00e9rico<\/li>\n<li>1 Salchich\u00f3n Vela Ib\u00e9rico<\/li>\n<li>1 morceau de vieux fromage de brebis<\/li>\n<\/ul>\n<p>&nbsp;<\/p>\n<p>&nbsp;<\/p>","protected":false},"excerpt":{"rendered":"<h3><\/h3>\n<h3 class=\"descripcion-titulo\">Contenu du lot<\/h3>\n<p><span class=\"descripcion-subtitulo\"><b>Charcuterie<\/b><\/span><\/p>\n<ul class=\"descripcion-lista\">\n<li>1 Chorizo Ib\u00e9rico vela<\/li>\n<li>1 Salchich\u00f3n Ib\u00e9rico vela<\/li>\n<li>Tranche de fromage de brebis<\/li>\n<li>Paletilla gran reserva<\/li>\n<\/ul>","protected":false},"featured_media":0,"comment_status":"closed","ping_status":"closed","template":"","meta":{"site-sidebar-layout":"default","site-content-layout":"","ast-site-content-layout":"default","site-content-style":"default","site-sidebar-style":"default","ast-global-header-display":"","ast-banner-title-visibility":"","ast-main-header-display":"","ast-hfb-above-header-display":"","ast-hfb-below-header-display":"","ast-hfb-mobile-header-display":"","site-post-title":"","ast-breadcrumbs-content":"","ast-featured-img":"","footer-sml-layout":"","theme-transparent-header-meta":"default","adv-header-id-meta":"","stick-header-meta":"","header-above-stick-meta":"","header-main-stick-meta":"","header-below-stick-meta":"","astra-migrate-meta-layouts":"set","_joinchat":[]},"product_brand":[],"product_cat":[28,39],"product_tag":[],"yst_prominent_words":[],"class_list":{"0":"post-3202","1":"product","2":"type-product","3":"status-publish","5":"product_cat-lotes-para-regalar","6":"product_cat-ofertas-y-novedades","7":"desktop-align-left","8":"tablet-align-left","9":"mobile-align-left","11":"first","12":"instock","13":"taxable","14":"shipping-taxable","15":"purchasable","16":"product-type-simple"},"_links":{"self":[{"href":"https:\/\/encinardeljamon.com\/fr\/wp-json\/wp\/v2\/product\/3202","targetHints":{"allow":["GET"]}}],"collection":[{"href":"https:\/\/encinardeljamon.com\/fr\/wp-json\/wp\/v2\/product"}],"about":[{"href":"https:\/\/encinardeljamon.com\/fr\/wp-json\/wp\/v2\/types\/product"}],"replies":[{"embeddable":true,"href":"https:\/\/encinardeljamon.com\/fr\/wp-json\/wp\/v2\/comments?post=3202"}],"wp:attachment":[{"href":"https:\/\/encinardeljamon.com\/fr\/wp-json\/wp\/v2\/media?parent=3202"}],"wp:term":[{"taxonomy":"product_brand","embeddable":true,"href":"https:\/\/encinardeljamon.com\/fr\/wp-json\/wp\/v2\/product_brand?post=3202"},{"taxonomy":"product_cat","embeddable":true,"href":"https:\/\/encinardeljamon.com\/fr\/wp-json\/wp\/v2\/product_cat?post=3202"},{"taxonomy":"product_tag","embeddable":true,"href":"https:\/\/encinardeljamon.com\/fr\/wp-json\/wp\/v2\/product_tag?post=3202"},{"taxonomy":"yst_prominent_words","embeddable":true,"href":"https:\/\/encinardeljamon.com\/fr\/wp-json\/wp\/v2\/yst_prominent_words?post=3202"}],"curies":[{"name":"wp","href":"https:\/\/api.w.org\/{rel}","templated":true}]}}