{"id":3008,"date":"2023-09-17T17:42:03","date_gmt":"2023-09-17T17:42:03","guid":{"rendered":"https:\/\/encinardeljamon.com\/?post_type=product&#038;p=3008"},"modified":"2025-01-21T12:28:58","modified_gmt":"2025-01-21T12:28:58","slug":"queso-oveja-curado-leche-cruda-cuna-250-gramos","status":"publish","type":"product","link":"https:\/\/encinardeljamon.com\/fr\/product\/queso-oveja-curado-leche-cruda-cuna-250-gramos\/","title":{"rendered":"Fromage de brebis affin\u00e9 au lait cru\/Cu\u00f1a 250 grammes"},"content":{"rendered":"<blockquote><p>Fromage de brebis au lait cru<br \/>\nD\u00c9FINITION DU PRODUIT<br \/>\nDescription : C'est celui qui, apr\u00e8s le processus de fabrication, doit \u00eatre conserv\u00e9 pendant un certain temps \u00e0 une certaine temp\u00e9rature.<br \/>\nMarque : Ib\u00e9ricos Benito<br \/>\ntemp\u00e9rature et conditions telles que les changements physiques et chimiques qui la caract\u00e9risent se produisent.<br \/>\nINGR\u00c9DIENTS<br \/>\nLait cru de brebis, pr\u00e9sure, ferment lactique, sel, lysozyme et chlorure de calcium.<br \/>\nALLERG\u00c8NES<br \/>\nCaract\u00e9risation selon le r\u00e8glement CE 2073\/2005<br \/>\nAliments pr\u00eats \u00e0 consommer qui ne favorisent pas la croissance de Listeria monocytogenes.<br \/>\nGLUTEN. -<br \/>\nCRUSTAC\u00c9ES. -<br \/>\nEGG. -<br \/>\nPOISSONS. -<br \/>\nCOCOAHUTE. -<br \/>\nSOYBEAN. -<br \/>\nLAIT OUI<br \/>\nMOLLUSCS. -<br \/>\nFRUITS S\u00c9CH\u00c9S -<br \/>\nMOUTARDE. -<br \/>\nSESAME. -<br \/>\nSULPHITES. -<br \/>\nALTRAMUZ. -<br \/>\nCELERY. -<\/p><\/blockquote>\n<p>CARACT\u00c9RISTIQUES DU PRODUIT<br \/>\nORGANOLEPTIQUE<br \/>\nCouleur, odeur et go\u00fbt caract\u00e9ristiques. Texture typique.<br \/>\nMICROBIOLOGIQUE<br \/>\nListeria monocytogenes :<br \/>\nn=5, c=0, (pendant la dur\u00e9e de vie : m=10 , M=10 )<br \/>\nLA PHYSIOCHIMIE<br \/>\nVALEUR NUTRITIONNELLE : (pour 100 g.)<br \/>\nValeur \u00e9nerg\u00e9tique<br \/>\n455,58 Kcal 1890,29 Kj<br \/>\nGraisses<br \/>\n36,74 g<br \/>\nGraisses satur\u00e9es<br \/>\n15,29 g<br \/>\nGlucides<br \/>\n1.80g<br \/>\nSucres<br \/>\n0,40g<br \/>\nProt\u00e9ines<br \/>\n29,43 g<br \/>\nSel<br \/>\n1.81 g<br \/>\nPage 1 de 4<br \/>\nIb\u00e9ricos Benito, S.L.<br \/>\nCtra. Arahal-El Coronil, Km. 1,5 Arahal 41600 (Sevilla)<br \/>\nFiche technique<br \/>\nDate : 10\/05\/2021 Rev : 0 | Ed. t37<br \/>\nTenir cette fiche \u00e0 jour en permanence<br \/>\nGROUPE DE CONSOMMATEURS<br \/>\nL'ensemble de la population, sauf contre-indications m\u00e9dicales.<br \/>\nDESCRIPTION DE L'EMBALLAGE<br \/>\nBo\u00eetes en carton<br \/>\nFORMAT DE VENTE<br \/>\n- Entier<br \/>\n- Demi-pi\u00e8ce sous vide<br \/>\n- Quartiers sous vide<br \/>\n- Huiti\u00e8me d'une pi\u00e8ce emball\u00e9e sous vide<br \/>\nLES M\u00c9THODES DE CONSERVATION, LE STOCKAGE ET LA DUR\u00c9E DE CONSERVATION<br \/>\nSTOCKAGE : \u00e0 temp\u00e9rature ambiante.<br \/>\nDUR\u00c9E DE CONSERVATION : Un an \u00e0 compter de la date d'emballage.<br \/>\nINSTRUCTIONS AU CONSOMMATEUR<br \/>\nPr\u00eat \u00e0 la consommation. Aucune manipulation suppl\u00e9mentaire n'est requise de la part du consommateur.<br \/>\n\u00c9TIQUETAGE<br \/>\n\u00c9TIQUETAGE :<br \/>\n\u00c9tiquettes conformes au d\u00e9cret royal 474\/2014, norme de qualit\u00e9 des produits d\u00e9riv\u00e9s de la viande, et au r\u00e8glement 1169\/2011, informations alimentaires fournies au consommateur.<br \/>\nDISTRIBUTION ET TRANSPORT<br \/>\nA temp\u00e9rature ambiante<\/p>\n<p>Arahal (S\u00e9ville)<br \/>\nEN 40.065024\/SE C.E.<\/p>","protected":false},"excerpt":{"rendered":"<blockquote><p>Fromage de brebis au lait cru<\/p><\/blockquote>\n<p>Description : C'est celui qui, apr\u00e8s le processus de fabrication, doit \u00eatre conserv\u00e9 pendant un certain temps \u00e0 une certaine temp\u00e9rature.<br \/>\nMarque : Ib\u00e9ricos Benito<br \/>\ntemp\u00e9rature et conditions telles que les changements physiques et chimiques qui la caract\u00e9risent se produisent.<br \/>\nINGR\u00c9DIENTS<br \/>\nLait cru de brebis, pr\u00e9sure, ferment lactique, sel, lysozyme et chlorure de calcium.<\/p>","protected":false},"featured_media":3009,"comment_status":"closed","ping_status":"closed","template":"","meta":{"site-sidebar-layout":"default","site-content-layout":"","ast-site-content-layout":"default","site-content-style":"default","site-sidebar-style":"default","ast-global-header-display":"","ast-banner-title-visibility":"","ast-main-header-display":"","ast-hfb-above-header-display":"","ast-hfb-below-header-display":"","ast-hfb-mobile-header-display":"","site-post-title":"","ast-breadcrumbs-content":"","ast-featured-img":"","footer-sml-layout":"","theme-transparent-header-meta":"default","adv-header-id-meta":"","stick-header-meta":"","header-above-stick-meta":"","header-main-stick-meta":"","header-below-stick-meta":"","astra-migrate-meta-layouts":"set","_joinchat":[]},"product_brand":[],"product_cat":[20,29],"product_tag":[],"yst_prominent_words":[],"class_list":{"0":"post-3008","1":"product","2":"type-product","3":"status-publish","4":"has-post-thumbnail","6":"product_cat-aceites-quesos-y-embutidos","7":"product_cat-eventos-especiales","8":"desktop-align-left","9":"tablet-align-left","10":"mobile-align-left","12":"first","13":"instock","14":"taxable","15":"shipping-taxable","16":"purchasable","17":"product-type-simple"},"_links":{"self":[{"href":"https:\/\/encinardeljamon.com\/fr\/wp-json\/wp\/v2\/product\/3008","targetHints":{"allow":["GET"]}}],"collection":[{"href":"https:\/\/encinardeljamon.com\/fr\/wp-json\/wp\/v2\/product"}],"about":[{"href":"https:\/\/encinardeljamon.com\/fr\/wp-json\/wp\/v2\/types\/product"}],"replies":[{"embeddable":true,"href":"https:\/\/encinardeljamon.com\/fr\/wp-json\/wp\/v2\/comments?post=3008"}],"wp:featuredmedia":[{"embeddable":true,"href":"https:\/\/encinardeljamon.com\/fr\/wp-json\/wp\/v2\/media\/3009"}],"wp:attachment":[{"href":"https:\/\/encinardeljamon.com\/fr\/wp-json\/wp\/v2\/media?parent=3008"}],"wp:term":[{"taxonomy":"product_brand","embeddable":true,"href":"https:\/\/encinardeljamon.com\/fr\/wp-json\/wp\/v2\/product_brand?post=3008"},{"taxonomy":"product_cat","embeddable":true,"href":"https:\/\/encinardeljamon.com\/fr\/wp-json\/wp\/v2\/product_cat?post=3008"},{"taxonomy":"product_tag","embeddable":true,"href":"https:\/\/encinardeljamon.com\/fr\/wp-json\/wp\/v2\/product_tag?post=3008"},{"taxonomy":"yst_prominent_words","embeddable":true,"href":"https:\/\/encinardeljamon.com\/fr\/wp-json\/wp\/v2\/yst_prominent_words?post=3008"}],"curies":[{"name":"wp","href":"https:\/\/api.w.org\/{rel}","templated":true}]}}