{"id":2974,"date":"2023-05-07T21:21:09","date_gmt":"2023-05-07T21:21:09","guid":{"rendered":"https:\/\/encinardeljamon.com\/?post_type=product&#038;p=2974"},"modified":"2025-01-21T12:29:37","modified_gmt":"2025-01-21T12:29:37","slug":"queso-de-oveja-viejo-3kg-aprox","status":"publish","type":"product","link":"https:\/\/encinardeljamon.com\/fr\/product\/queso-de-oveja-viejo-3kg-aprox\/","title":{"rendered":"Vieux fromage de brebis 3kg. env."},"content":{"rendered":"<p>D\u00c9FINITION DU PRODUIT<br \/>\nDescription : C'est celui qui, apr\u00e8s le processus de fabrication, doit \u00eatre conserv\u00e9 pendant un certain temps \u00e0 une certaine temp\u00e9rature.<br \/>\nMarque : Ib\u00e9ricos Benito<br \/>\ntemp\u00e9rature et conditions telles que les changements physiques et chimiques qui la caract\u00e9risent se produisent.<br \/>\nINGR\u00c9DIENTS Lait cru de brebis, pr\u00e9sure, levain, sel, lysozyme (d\u00e9riv\u00e9 de l'\u0153uf).<br \/>\nALLERG\u00c8NES<br \/>\nCaract\u00e9risation selon le r\u00e8glement CE 2073\/2005<br \/>\nAliments pr\u00eats \u00e0 consommer qui ne favorisent pas la croissance de Listeria monocytogenes.<br \/>\nGLUTEN-<br \/>\nCRUSTAC\u00c9ENS-<br \/>\nOEUF OUI<br \/>\nPOISSONS-<br \/>\nPEANUT-<br \/>\nSOYBEAN-<br \/>\nLAIT OUI<br \/>\nMOLLUSCS-<br \/>\nFRUITS S\u00c9CH\u00c9S -<br \/>\nMOUTARDE<br \/>\nS\u00c9SAMO-<br \/>\nSULPHITES-<br \/>\nALTRAMUZ-<br \/>\nCELERY-<\/p>\n<p>CARACT\u00c9RISTIQUES DU PRODUIT<br \/>\nORGANOLEPTIQUE<br \/>\nCouleur, odeur et go\u00fbt caract\u00e9ristiques. Texture typique.<br \/>\nMICROBIOLOGIQUE<br \/>\nListeria monocytogenes :<br \/>\nn=5, c=0, (pendant la dur\u00e9e de vie : m=10 , M=10 )<br \/>\nLA PHYSIOCHIMIE<br \/>\nVALEUR NUTRITIONNELLE : (pour 100 g.)<br \/>\nValeur \u00e9nerg\u00e9tique<br \/>\n461 Kcal 1911 Kj<br \/>\nGraisses<br \/>\n37g<br \/>\nGraisses satur\u00e9es<br \/>\n26,11 g<br \/>\nGlucides<br \/>\n3,4 g<br \/>\nSucres<br \/>\n2,45 g<br \/>\nProt\u00e9ines<br \/>\n28,5 g<br \/>\nSel<br \/>\n1,76 g<br \/>\nGROUPE DE CONSOMMATEURS<br \/>\nL'ensemble de la population, sauf contre-indications m\u00e9dicales.<\/p>\n<p>Fiche technique<br \/>\nDate : 10\/05\/2021 Rev : 0 | Ed. t-35<br \/>\nTenir cette fiche \u00e0 jour en permanence<br \/>\nDESCRIPTION DE L'EMBALLAGE<br \/>\nBo\u00eetes en carton<br \/>\nFORMAT DE VENTE<br \/>\n- Entier<br \/>\n- Demi-pi\u00e8ce sous vide<br \/>\n- Quartiers sous vide<br \/>\n- Huiti\u00e8me d'une pi\u00e8ce emball\u00e9e sous vide<br \/>\nLES M\u00c9THODES DE CONSERVATION, LE STOCKAGE ET LA DUR\u00c9E DE CONSERVATION<br \/>\nSTOCKAGE : \u00e0 temp\u00e9rature ambiante.<br \/>\nDUR\u00c9E DE CONSERVATION : Un an \u00e0 compter de la date d'emballage.<br \/>\nINSTRUCTIONS AU CONSOMMATEUR<br \/>\nPr\u00eat \u00e0 la consommation. Aucune manipulation suppl\u00e9mentaire n'est requise de la part du consommateur.<br \/>\n\u00c9TIQUETAGE<br \/>\n\u00c9TIQUETAGE :<br \/>\n\u00c9tiquettes conformes au d\u00e9cret royal 474\/2014, norme de qualit\u00e9 des produits d\u00e9riv\u00e9s de la viande, et au r\u00e8glement 1169\/2011, informations alimentaires fournies au consommateur.<br \/>\nDISTRIBUTION ET TRANSPORT<br \/>\nA temp\u00e9rature ambiante<br \/>\nDROIT APPLICABLE<br \/>\nR\u00e8glement (UE) n\u00b0 1169\/2011 du Parlement europ\u00e9en et du Conseil du 25 octobre 2011 concernant l'information des consommateurs sur les denr\u00e9es alimentaires et modifiant les r\u00e8glements (CE) n\u00b0 1924\/2006 et (CE) n\u00b0 1925\/2006 du Parlement europ\u00e9en et du Conseil, et abrogeant la directive 87\/250\/CEE de la Commission, la directive 90\/496\/CEE du Conseil, la directive 1999\/10\/CE de la Commission, la directive 2000\/13\/CE du Parlement europ\u00e9en et du Conseil, les directives 2002\/67\/CE et 2008\/5\/CE de la Commission et le r\u00e8glement (CE) n\u00b0 608\/2004 de la Commission.<br \/>\nD\u00e9cret royal 640\/2006 du 29 septembre 2006, portant approbation des normes de qualit\u00e9 des fromages et des fromages.<br \/>\nfusionn\u00e9.<br \/>\nD\u00e9cret royal 640\/2006 du 26 mai 2006 r\u00e9glementant certaines conditions d'application des dispositions communautaires en mati\u00e8re d'hygi\u00e8ne, de production et de commercialisation des denr\u00e9es alimentaires.<br \/>\nR\u00e8glement (CE) n\u00b0 2073\/2005 de la Commission du 15 novembre 2005 concernant les crit\u00e8res microbiologiques<br \/>\napplicables aux denr\u00e9es alimentaires.<\/p>\n<p>Fiche technique<br \/>\nDate : 10\/05\/2021 Rev : 0 | Ed. t-35<br \/>\nTenir cette fiche \u00e0 jour en permanence<br \/>\nR\u00e8glement (CE) n\u00b0 2074\/2005 de la Commission du 5 novembre 2005 \u00e9tablissant les mesures d'application relatives \u00e0 certains produits r\u00e9gis par le r\u00e8glement (CE) n\u00b0 853\/2004 du Parlement europ\u00e9en et du Conseil et \u00e0 l'organisation des contr\u00f4les officiels pr\u00e9vus par les r\u00e8glements (CE) n\u00b0 854\/2004 du Parlement europ\u00e9en et du Conseil et (CE) n\u00b0 882\/2004 du Parlement europ\u00e9en et du Conseil, d\u00e9rogeant au r\u00e8glement (CE) n\u00b0 852\/2004 du Parlement europ\u00e9en et du Conseil et modifiant les r\u00e8glements (CE) n\u00b0 853\/2004 et (CE) n\u00b0 854\/2004 (Journal officiel de l'Union europ\u00e9enne L 338 du 22 d\u00e9cembre 2004).<br \/>\nR\u00e8glement (CE) 852\/2004 du Parlement europ\u00e9en et du Conseil du 29 avril 2004 relatif \u00e0 l'hygi\u00e8ne des denr\u00e9es alimentaires.<br \/>\nR\u00e8glement (CE) n\u00b0 853\/2004 du Parlement europ\u00e9en et du Conseil du 29 avril 2004 \u00e9tablissant<br \/>\ndes r\u00e8gles d'hygi\u00e8ne sp\u00e9cifiques pour les denr\u00e9es alimentaires d'origine animale.<br \/>\nR\u00e8glement (CE) n\u00b0 854\/2004 du Parlement europ\u00e9en et du Conseil du 29 avril 2004, \u00e9tablissant<br \/>\nles r\u00e8gles sp\u00e9cifiques d'organisation des contr\u00f4les officiels concernant les produits d'origine animale destin\u00e9s \u00e0 la consommation humaine.<br \/>\nD.R. 1334\/ 1999, du 31 juillet, portant approbation de la Norme g\u00e9n\u00e9rale pour l'\u00e9tiquetage, la pr\u00e9sentation et la publicit\u00e9 des denr\u00e9es alimentaires (BOE n\u00b0 202, du 24\/08\/99). Modifi\u00e9 par le D.R. 238\/2000 (BOE du 25\/12\/91).<br \/>\nD.R. 1808\/1991, les indications ou marques permettant d'identifier le lot auquel appartient une denr\u00e9e alimentaire.<br \/>\n\u00c9TIQUETTE<br \/>\nArahal (S\u00e9ville)<br \/>\nEN 40.065024\/SE C.E.<\/p>","protected":false},"excerpt":{"rendered":"<p>D\u00c9FINITION DU PRODUIT Description : C'est celui qui, apr\u00e8s le processus de fabrication, doit \u00eatre conserv\u00e9 pendant un certain temps \u00e0 une temp\u00e9rature et dans des conditions telles que se produisent les modifications physiques et chimiques caract\u00e9ristiques du produit. INGR\u00c9DIENTS Lait cru de brebis, pr\u00e9sure, ferment, sel, lysozyme (d\u00e9riv\u00e9 de l'\u0153uf). ALLERG\u00c8NE Caract\u00e9risation selon le r\u00e8glement CE ...<\/p>\n<p class=\"read-more\"> <a class=\"\" href=\"https:\/\/encinardeljamon.com\/fr\/product\/queso-de-oveja-viejo-3kg-aprox\/\"> <span class=\"screen-reader-text\">Vieux fromage de brebis 3kg. env.<\/span> Lire la suite \"<\/a><\/p>","protected":false},"featured_media":2975,"comment_status":"closed","ping_status":"closed","template":"","meta":{"site-sidebar-layout":"default","site-content-layout":"","ast-site-content-layout":"default","site-content-style":"default","site-sidebar-style":"default","ast-global-header-display":"","ast-banner-title-visibility":"","ast-main-header-display":"","ast-hfb-above-header-display":"","ast-hfb-below-header-display":"","ast-hfb-mobile-header-display":"","site-post-title":"","ast-breadcrumbs-content":"","ast-featured-img":"","footer-sml-layout":"","theme-transparent-header-meta":"default","adv-header-id-meta":"","stick-header-meta":"","header-above-stick-meta":"","header-main-stick-meta":"","header-below-stick-meta":"","astra-migrate-meta-layouts":"set","_joinchat":[]},"product_brand":[],"product_cat":[20],"product_tag":[],"yst_prominent_words":[],"class_list":{"0":"post-2974","1":"product","2":"type-product","3":"status-publish","4":"has-post-thumbnail","6":"product_cat-aceites-quesos-y-embutidos","7":"desktop-align-left","8":"tablet-align-left","9":"mobile-align-left","11":"first","12":"instock","13":"taxable","14":"shipping-taxable","15":"purchasable","16":"product-type-simple"},"_links":{"self":[{"href":"https:\/\/encinardeljamon.com\/fr\/wp-json\/wp\/v2\/product\/2974","targetHints":{"allow":["GET"]}}],"collection":[{"href":"https:\/\/encinardeljamon.com\/fr\/wp-json\/wp\/v2\/product"}],"about":[{"href":"https:\/\/encinardeljamon.com\/fr\/wp-json\/wp\/v2\/types\/product"}],"replies":[{"embeddable":true,"href":"https:\/\/encinardeljamon.com\/fr\/wp-json\/wp\/v2\/comments?post=2974"}],"wp:featuredmedia":[{"embeddable":true,"href":"https:\/\/encinardeljamon.com\/fr\/wp-json\/wp\/v2\/media\/2975"}],"wp:attachment":[{"href":"https:\/\/encinardeljamon.com\/fr\/wp-json\/wp\/v2\/media?parent=2974"}],"wp:term":[{"taxonomy":"product_brand","embeddable":true,"href":"https:\/\/encinardeljamon.com\/fr\/wp-json\/wp\/v2\/product_brand?post=2974"},{"taxonomy":"product_cat","embeddable":true,"href":"https:\/\/encinardeljamon.com\/fr\/wp-json\/wp\/v2\/product_cat?post=2974"},{"taxonomy":"product_tag","embeddable":true,"href":"https:\/\/encinardeljamon.com\/fr\/wp-json\/wp\/v2\/product_tag?post=2974"},{"taxonomy":"yst_prominent_words","embeddable":true,"href":"https:\/\/encinardeljamon.com\/fr\/wp-json\/wp\/v2\/yst_prominent_words?post=2974"}],"curies":[{"name":"wp","href":"https:\/\/api.w.org\/{rel}","templated":true}]}}