{"id":2970,"date":"2023-05-07T21:18:10","date_gmt":"2023-05-07T21:18:10","guid":{"rendered":"https:\/\/encinardeljamon.com\/?post_type=product&#038;p=2970"},"modified":"2025-11-07T22:45:48","modified_gmt":"2025-11-07T22:45:48","slug":"queso-de-oveja-viejo-leche-cruda-garcia-filloy-3kg-aprox","status":"publish","type":"product","link":"https:\/\/encinardeljamon.com\/fr\/product\/queso-de-oveja-viejo-leche-cruda-garcia-filloy-3kg-aprox\/","title":{"rendered":"Garc\u00eda Filloy Vieux fromage de brebis au lait cru 3kg. Approx."},"content":{"rendered":"<p>Vieux fromage de brebis au lait cru de la marque Garc\u00eda Filloy.<\/p>\n<p>Prix SILVER aux World Cheese Awards 2018-2019 dans sa cat\u00e9gorie.<\/p>\n<p>M\u00e9daille d'argent pour le fromage de brebis vieux Garc\u00eda Filloy lors des World Chesse Awards 2018 qui se sont d\u00e9roul\u00e9s en Norv\u00e8ge.<\/p>\n<p><img fetchpriority=\"high\" decoding=\"async\" class=\"alignnone size-medium wp-image-2976\" src=\"https:\/\/encinardeljamon.com\/wp-content\/uploads\/2023\/05\/Premio-300x300.jpg\" alt=\"\" width=\"300\" height=\"300\" srcset=\"https:\/\/encinardeljamon.com\/wp-content\/uploads\/2023\/05\/Premio-300x300.jpg 300w, https:\/\/encinardeljamon.com\/wp-content\/uploads\/2023\/05\/Premio-150x150.jpg 150w, https:\/\/encinardeljamon.com\/wp-content\/uploads\/2023\/05\/Premio-12x12.jpg 12w, https:\/\/encinardeljamon.com\/wp-content\/uploads\/2023\/05\/Premio-100x100.jpg 100w, https:\/\/encinardeljamon.com\/wp-content\/uploads\/2023\/05\/Premio.jpg 355w\" sizes=\"(max-width: 300px) 100vw, 300px\" \/><\/p>\n<p>Liens vers les actualit\u00e9s :<\/p>\n<p>Quesos Garc\u00eda Filloy remporte deux m\u00e9dailles d'argent aux prestigieux World Cheese Awards (salamancartvaldia.es)<\/p>\n<p>Le Quesos Garc\u00eda Filloy de Salamanque remporte deux m\u00e9dailles aux World Cheese Awards (dgratisdigital.com)<\/p>","protected":false},"excerpt":{"rendered":"<p>Vieux fromage de brebis au lait cru de la marque Garc\u00eda Filloy. M\u00e9daille d'argent aux World Cheese Awards 2018-2019 dans sa cat\u00e9gorie. M\u00e9daille d'argent pour le fromage de brebis vieux Garc\u00eda Filloy lors des World Cheese Awards 2018 qui se sont tenus en Norv\u00e8ge. Liens d'actualit\u00e9 : Le fromage Garc\u00eda Filloy remporte deux m\u00e9dailles d'argent au World ...<\/p>\n<p class=\"read-more\"> <a class=\"\" href=\"https:\/\/encinardeljamon.com\/fr\/product\/queso-de-oveja-viejo-leche-cruda-garcia-filloy-3kg-aprox\/\"> <span class=\"screen-reader-text\">Garc\u00eda Filloy Vieux fromage de brebis au lait cru 3kg. Approx.<\/span> Lire la suite \"<\/a><\/p>","protected":false},"featured_media":2972,"comment_status":"closed","ping_status":"closed","template":"","meta":{"site-sidebar-layout":"default","site-content-layout":"","ast-site-content-layout":"default","site-content-style":"default","site-sidebar-style":"default","ast-global-header-display":"","ast-banner-title-visibility":"","ast-main-header-display":"","ast-hfb-above-header-display":"","ast-hfb-below-header-display":"","ast-hfb-mobile-header-display":"","site-post-title":"","ast-breadcrumbs-content":"","ast-featured-img":"","footer-sml-layout":"","theme-transparent-header-meta":"default","adv-header-id-meta":"","stick-header-meta":"","header-above-stick-meta":"","header-main-stick-meta":"","header-below-stick-meta":"","astra-migrate-meta-layouts":"set","_joinchat":[]},"product_brand":[],"product_cat":[20],"product_tag":[],"yst_prominent_words":[],"class_list":{"0":"post-2970","1":"product","2":"type-product","3":"status-publish","4":"has-post-thumbnail","6":"product_cat-aceites-quesos-y-embutidos","7":"desktop-align-left","8":"tablet-align-left","9":"mobile-align-left","11":"first","12":"instock","13":"taxable","14":"shipping-taxable","15":"purchasable","16":"product-type-simple"},"_links":{"self":[{"href":"https:\/\/encinardeljamon.com\/fr\/wp-json\/wp\/v2\/product\/2970","targetHints":{"allow":["GET"]}}],"collection":[{"href":"https:\/\/encinardeljamon.com\/fr\/wp-json\/wp\/v2\/product"}],"about":[{"href":"https:\/\/encinardeljamon.com\/fr\/wp-json\/wp\/v2\/types\/product"}],"replies":[{"embeddable":true,"href":"https:\/\/encinardeljamon.com\/fr\/wp-json\/wp\/v2\/comments?post=2970"}],"wp:featuredmedia":[{"embeddable":true,"href":"https:\/\/encinardeljamon.com\/fr\/wp-json\/wp\/v2\/media\/2972"}],"wp:attachment":[{"href":"https:\/\/encinardeljamon.com\/fr\/wp-json\/wp\/v2\/media?parent=2970"}],"wp:term":[{"taxonomy":"product_brand","embeddable":true,"href":"https:\/\/encinardeljamon.com\/fr\/wp-json\/wp\/v2\/product_brand?post=2970"},{"taxonomy":"product_cat","embeddable":true,"href":"https:\/\/encinardeljamon.com\/fr\/wp-json\/wp\/v2\/product_cat?post=2970"},{"taxonomy":"product_tag","embeddable":true,"href":"https:\/\/encinardeljamon.com\/fr\/wp-json\/wp\/v2\/product_tag?post=2970"},{"taxonomy":"yst_prominent_words","embeddable":true,"href":"https:\/\/encinardeljamon.com\/fr\/wp-json\/wp\/v2\/yst_prominent_words?post=2970"}],"curies":[{"name":"wp","href":"https:\/\/api.w.org\/{rel}","templated":true}]}}