{"id":2935,"date":"2023-03-28T17:04:51","date_gmt":"2023-03-28T17:04:51","guid":{"rendered":"https:\/\/encinardeljamon.com\/?post_type=product&#038;p=2935"},"modified":"2025-04-08T14:21:58","modified_gmt":"2025-04-08T14:21:58","slug":"aceite-oliva-virgen-extra-senorio-de-la-mesa","status":"publish","type":"product","link":"https:\/\/encinardeljamon.com\/fr\/product\/aceite-oliva-virgen-extra-senorio-de-la-mesa\/","title":{"rendered":"Huile d'olive extra vierge (EVOO) Se\u00f1or\u00edo de la mesa"},"content":{"rendered":"<p>Cette huile \u00e0 l'ar\u00f4me agr\u00e9able et persistant et au go\u00fbt savoureux est l'huile d'olive la plus adapt\u00e9e pour l'assaisonnement, la cuisson et la friture.<\/p>\n<p>Sa grande qualit\u00e9 et ses bienfaits pour la sant\u00e9 en font un produit indispensable dans votre cuisine.<\/p>\n<div id=\"content-right-top\">\n<div id=\"texto\">\n<p class=\"titulo-seccion\">Huile d'olive extra vierge<\/p>\n<div class=\"contenedor\">\n<p class=\"titulo\">La qualit\u00e9 sur votre table<\/p>\n<div class=\"texto\">\n<p>Seule la combinaison de nos vari\u00e9t\u00e9s d'olives Picuda, Picual et Hojiblanca, associ\u00e9e \u00e0 des conditions de culture particuli\u00e8rement id\u00e9ales, permet d'obtenir une huile d'olive vierge extra unique (fruit\u00e9 d'olives m\u00fbres avec des notes vertes d'herbe et de feuille d'olivier, avec de l\u00e9g\u00e8res notes de fruits m\u00fbrs comme la pomme ; la bouche est douce avec un arri\u00e8re-go\u00fbt d'amandes).<\/p>\n<p>Le soin que nous apportons \u00e0 nos oliveraies et notre engagement de qualit\u00e9 dans la production de son jus nous permettent d'obtenir une huile id\u00e9ale pour la consommation.<\/p>\n<p>Notre engagement<em>\u00a0<\/em>La tradition, la protection de l'environnement et le d\u00e9veloppement rural nous ont fait miser tr\u00e8s t\u00f4t sur le produit biologique, ce qui nous a permis d'obtenir une huile d'olive extra vierge biologique de grand prestige national et international.<\/p>\n<p>Les diff\u00e9rentes certifications qui attestent de nos r\u00e9sultats en mati\u00e8re de qualit\u00e9 (Conseil r\u00e9gulateur de l'appellation d'origine prot\u00e9g\u00e9e Priego de C\u00f3doba, certificat de production biologique CAAE, certificat de production biologique NOP, certificat de production biologique JAS) ne font que refl\u00e9ter le fait que notre engagement en faveur de la qualit\u00e9 est toujours d'actualit\u00e9.<\/p>\n<\/div>\n<\/div>\n<\/div>\n<p class=\"clear\">\n<\/div>\n<div id=\"content-right-middle\">\n<div id=\"texto-alt\">\n<p class=\"titulo-seccion\">Processus de production<\/p>\n<div class=\"contenedor\">\n<div class=\"texto\">\n<p>Au<em>\u00a0<\/em>En novembre, nous commen\u00e7ons par r\u00e9colter nos olives \u00e0 leur point de maturit\u00e9 exact (\"v\u00e9raison\"), en utilisant des proc\u00e9dures non agressives, favorisant ainsi le d\u00e9veloppement rural qui a \u00e9t\u00e9 transmis de g\u00e9n\u00e9ration en g\u00e9n\u00e9ration.<\/p>\n<p>Depuis nos oliveraies, les olives sont transf\u00e9r\u00e9es quotidiennement \u00e0 notre moulin, o\u00f9 elles sont class\u00e9es et envoy\u00e9es \u00e0 nos lignes de broyage, en commen\u00e7ant ce processus le jour m\u00eame de la cueillette, ce qui garantit l'obtention d'olives de la meilleure qualit\u00e9, avec la meilleure qualit\u00e9 possible.<\/p>\n<\/div>\n<div class=\"ver-mas\"><a href=\"http:\/\/www.sucesoresdemorales.com\/es-sucesores-de-morales-morales-s-l-proceso-de-produccion.html\">Plus d'informations<\/a><\/div>\n<\/div>\n<\/div>\n<p class=\"clear\">\n<\/div>\n<div id=\"content-right-bottom\">\n<div id=\"texto-alt\">\n<p class=\"titulo-seccion\">Entreprise<\/p>\n<div class=\"contenedor\">\n<div class=\"texto\">\n<p>En 1996, notre huilerie familiale a \u00e9t\u00e9 cr\u00e9\u00e9e avec un objectif clair :<\/p>\n<p>cr\u00e9er un produit de qualit\u00e9 dans le respect de la tradition, de la protection de l'environnement et du d\u00e9veloppement rural.<\/p>\n<p>\u00c0 cette fin, nous garantissons l'ensemble du processus de production, depuis nos oliveraies jusqu'au produit final (r\u00e9colte, broyage, stockage et conditionnement).<\/p>\n<p>Dans notre...<\/p>\n<\/div>\n<\/div>\n<div class=\"ver-mas\"><a href=\"http:\/\/www.sucesoresdemorales.com\/es-sucesores-de-morales-morales-s-l-empresa.html\">Plus d'informations<\/a><\/div>\n<\/div>\n<\/div>\n<p>&nbsp;<\/p>","protected":false},"excerpt":{"rendered":"<p>Huile d'olive extra vierge \u00e0 l'ar\u00f4me agr\u00e9able et persistant et \u00e0 la grande saveur, c'est l'huile d'olive la plus appropri\u00e9e pour l'assaisonnement, la cuisson et la friture. Sa grande qualit\u00e9 et ses bienfaits pour la sant\u00e9 en font un produit essentiel pour votre cuisine.<\/p>","protected":false},"featured_media":2940,"comment_status":"closed","ping_status":"closed","template":"","meta":{"site-sidebar-layout":"default","site-content-layout":"","ast-site-content-layout":"default","site-content-style":"default","site-sidebar-style":"default","ast-global-header-display":"","ast-banner-title-visibility":"","ast-main-header-display":"","ast-hfb-above-header-display":"","ast-hfb-below-header-display":"","ast-hfb-mobile-header-display":"","site-post-title":"","ast-breadcrumbs-content":"","ast-featured-img":"","footer-sml-layout":"","theme-transparent-header-meta":"default","adv-header-id-meta":"","stick-header-meta":"","header-above-stick-meta":"","header-main-stick-meta":"","header-below-stick-meta":"","astra-migrate-meta-layouts":"set","_joinchat":[]},"product_brand":[],"product_cat":[20],"product_tag":[],"yst_prominent_words":[],"class_list":{"0":"post-2935","1":"product","2":"type-product","3":"status-publish","4":"has-post-thumbnail","6":"product_cat-aceites-quesos-y-embutidos","7":"desktop-align-left","8":"tablet-align-left","9":"mobile-align-left","11":"first","12":"instock","13":"sale","14":"taxable","15":"shipping-taxable","16":"purchasable","17":"product-type-variable"},"_links":{"self":[{"href":"https:\/\/encinardeljamon.com\/fr\/wp-json\/wp\/v2\/product\/2935","targetHints":{"allow":["GET"]}}],"collection":[{"href":"https:\/\/encinardeljamon.com\/fr\/wp-json\/wp\/v2\/product"}],"about":[{"href":"https:\/\/encinardeljamon.com\/fr\/wp-json\/wp\/v2\/types\/product"}],"replies":[{"embeddable":true,"href":"https:\/\/encinardeljamon.com\/fr\/wp-json\/wp\/v2\/comments?post=2935"}],"wp:featuredmedia":[{"embeddable":true,"href":"https:\/\/encinardeljamon.com\/fr\/wp-json\/wp\/v2\/media\/2940"}],"wp:attachment":[{"href":"https:\/\/encinardeljamon.com\/fr\/wp-json\/wp\/v2\/media?parent=2935"}],"wp:term":[{"taxonomy":"product_brand","embeddable":true,"href":"https:\/\/encinardeljamon.com\/fr\/wp-json\/wp\/v2\/product_brand?post=2935"},{"taxonomy":"product_cat","embeddable":true,"href":"https:\/\/encinardeljamon.com\/fr\/wp-json\/wp\/v2\/product_cat?post=2935"},{"taxonomy":"product_tag","embeddable":true,"href":"https:\/\/encinardeljamon.com\/fr\/wp-json\/wp\/v2\/product_tag?post=2935"},{"taxonomy":"yst_prominent_words","embeddable":true,"href":"https:\/\/encinardeljamon.com\/fr\/wp-json\/wp\/v2\/yst_prominent_words?post=2935"}],"curies":[{"name":"wp","href":"https:\/\/api.w.org\/{rel}","templated":true}]}}