{"id":2738,"date":"2022-10-16T21:39:12","date_gmt":"2022-10-16T21:39:12","guid":{"rendered":"https:\/\/encinardeljamon.com\/?post_type=product&#038;p=2738"},"modified":"2025-11-07T23:06:02","modified_gmt":"2025-11-07T23:06:02","slug":"st-bernardus-6-cervezas-2-vasos","status":"publish","type":"product","link":"https:\/\/encinardeljamon.com\/fr\/product\/st-bernardus-6-cervezas-2-vasos\/","title":{"rendered":"St Bernardus 6 bi\u00e8res 2 verres"},"content":{"rendered":"<p>St Bernardus 6 bi\u00e8res 2 verres<\/p>\n<p>\u00bfEst\u00e1s buscando cerveza para regalar? Esta cerveza de abad\u00eda St. Bernardus es el regalo perfecto para cualquier amante de la cerveza belga. Contiene 6 cervezas St Bernardus (2x Prior 8, 2x ABT 12, 2x Tripel) y dos copas originales de 15 cl dise\u00f1adas especialmente para su degustaci\u00f3n.<br \/>\nBernardus Prior 8 est une bi\u00e8re d'abbaye de type Dubbel, de fermentation haute et de fermentation secondaire en bouteille. Elle est brass\u00e9e avec de l'eau pure provenant des puits de l'abbaye de Saint-Bernard, du houblon local et une extraordinaire souche de levure propre. Elle a une couleur acajou avec des reflets ambr\u00e9s et une fine mousse beige. L'ar\u00f4me est fruit\u00e9 avec des notes de raisins secs, de malt, d'\u00e9pices et de houblon. En bouche, elle est chaude, avec des notes de chocolat, d'\u00e9pices, de malt et de levure. Taux d'alcool : 8 degr\u00e9s.<br \/>\nBernardus ABT 12 est une bi\u00e8re de type Quadrupel, caract\u00e9ris\u00e9e par une teneur \u00e9lev\u00e9e en alcool et un go\u00fbt puissant. Elle est brass\u00e9e avec de l'eau tr\u00e8s pure provenant des puits de l'abbaye et subit une seconde fermentation en bouteille. La bi\u00e8re a une couleur acajou, opaque, avec une mousse moyenne de couleur ivoire. Ar\u00f4me de malt avec des notes fum\u00e9es, \u00e9pic\u00e9es, fruit\u00e9es et florales. Saveur agr\u00e9able et complexe avec une pr\u00e9dominance de notes douces de caramel, de malt et de levure et un arri\u00e8re-plan de caf\u00e9. Taux d'alcool : 10 degr\u00e9s.<br \/>\nBernardus Tripel est une bi\u00e8re d'abbaye de type Tripel, cr\u00e9\u00e9e selon une recette propre \u00e0 Guy Claus, brasseur de St Bernard, et inspir\u00e9e de sa collaboration avec le brasseur de St Sixtus. Comme les autres St Bernard, elle est brass\u00e9e avec l'eau du sous-sol du Watou et subit une seconde fermentation en bouteille. Sa robe est ambr\u00e9e avec des reflets acajou et une riche mousse blanche. Elle pr\u00e9sente des ar\u00f4mes floraux et fruit\u00e9s avec la pr\u00e9sence de banane et d'alcool. Saveur l\u00e9g\u00e8re et tr\u00e8s \u00e9quilibr\u00e9e de houblon et de malt. Taux d'alcool : 8 degr\u00e9s.<br \/>\nBrouwerij St Bernardus<\/p>\n<p>L'histoire de ces bi\u00e8res commence lorsque la fromagerie du refuge Notre-Dame de Saint-Bernard \u00e0 Watou re\u00e7oit une licence pour brasser les bi\u00e8res du monast\u00e8re trappiste de Saint-Sixte \u00e0 Westvleteren, \u00e0 condition que leur production soit effectu\u00e9e sous la supervision des moines de Saint-Sixte et qu'elles ne soient vendues qu'\u00e0 quelques tavernes des environs. En 1992, la licence a \u00e9t\u00e9 r\u00e9sili\u00e9e et le nom des bi\u00e8res est devenu St Bernardus. Les bi\u00e8res sont toujours brass\u00e9es selon les recettes de Saint-Sixte de Westvleteren et \u00e0 l'aide de la levure d'origine. Les bi\u00e8res St. Bernardus sont d'une qualit\u00e9 exceptionnelle et sont consid\u00e9r\u00e9es comme les meilleures au monde.<\/p>\n<p>Nous recommandons<\/p>\n<p>Bernardus Prior 8<\/p>\n<p>Bernardus Tripel<\/p>\n<p>St. Bernardus Pater 6<\/p>","protected":false},"excerpt":{"rendered":"<p>St Bernardus 6 Cervezas 2 copas \u00bfEst\u00e1s buscando cerveza para regalar? Esta cerveza de abad\u00eda St. Bernardus es el regalo perfecto para cualquier amante de la cerveza belga. Contiene 6 cervezas St Bernardus (2x Prior 8, 2x ABT 12, 2x Tripel) y dos copas originales de 15 cl dise\u00f1adas especialmente para su degustaci\u00f3n. St. Bernardus &hellip;<\/p>\n<p class=\"read-more\"> <a class=\"\" href=\"https:\/\/encinardeljamon.com\/fr\/product\/st-bernardus-6-cervezas-2-vasos\/\"> <span class=\"screen-reader-text\">St Bernardus 6 bi\u00e8res 2 verres<\/span> Lire la suite \"<\/a><\/p>","protected":false},"featured_media":2739,"comment_status":"closed","ping_status":"closed","template":"","meta":{"site-sidebar-layout":"default","site-content-layout":"","ast-site-content-layout":"default","site-content-style":"default","site-sidebar-style":"default","ast-global-header-display":"","ast-banner-title-visibility":"","ast-main-header-display":"","ast-hfb-above-header-display":"","ast-hfb-below-header-display":"","ast-hfb-mobile-header-display":"","site-post-title":"","ast-breadcrumbs-content":"","ast-featured-img":"","footer-sml-layout":"","theme-transparent-header-meta":"default","adv-header-id-meta":"","stick-header-meta":"","header-above-stick-meta":"","header-main-stick-meta":"","header-below-stick-meta":"","astra-migrate-meta-layouts":"set","_joinchat":[]},"product_brand":[],"product_cat":[27,29],"product_tag":[],"yst_prominent_words":[],"class_list":{"0":"post-2738","1":"product","2":"type-product","3":"status-publish","4":"has-post-thumbnail","6":"product_cat-licores-vinos-y-cervezas","7":"product_cat-eventos-especiales","8":"desktop-align-left","9":"tablet-align-left","10":"mobile-align-left","12":"first","13":"instock","14":"taxable","15":"shipping-taxable","16":"purchasable","17":"product-type-simple"},"_links":{"self":[{"href":"https:\/\/encinardeljamon.com\/fr\/wp-json\/wp\/v2\/product\/2738","targetHints":{"allow":["GET"]}}],"collection":[{"href":"https:\/\/encinardeljamon.com\/fr\/wp-json\/wp\/v2\/product"}],"about":[{"href":"https:\/\/encinardeljamon.com\/fr\/wp-json\/wp\/v2\/types\/product"}],"replies":[{"embeddable":true,"href":"https:\/\/encinardeljamon.com\/fr\/wp-json\/wp\/v2\/comments?post=2738"}],"wp:featuredmedia":[{"embeddable":true,"href":"https:\/\/encinardeljamon.com\/fr\/wp-json\/wp\/v2\/media\/2739"}],"wp:attachment":[{"href":"https:\/\/encinardeljamon.com\/fr\/wp-json\/wp\/v2\/media?parent=2738"}],"wp:term":[{"taxonomy":"product_brand","embeddable":true,"href":"https:\/\/encinardeljamon.com\/fr\/wp-json\/wp\/v2\/product_brand?post=2738"},{"taxonomy":"product_cat","embeddable":true,"href":"https:\/\/encinardeljamon.com\/fr\/wp-json\/wp\/v2\/product_cat?post=2738"},{"taxonomy":"product_tag","embeddable":true,"href":"https:\/\/encinardeljamon.com\/fr\/wp-json\/wp\/v2\/product_tag?post=2738"},{"taxonomy":"yst_prominent_words","embeddable":true,"href":"https:\/\/encinardeljamon.com\/fr\/wp-json\/wp\/v2\/yst_prominent_words?post=2738"}],"curies":[{"name":"wp","href":"https:\/\/api.w.org\/{rel}","templated":true}]}}