{"id":2734,"date":"2022-10-16T21:34:24","date_gmt":"2022-10-16T21:34:24","guid":{"rendered":"https:\/\/encinardeljamon.com\/?post_type=product&#038;p=2734"},"modified":"2024-04-04T21:29:57","modified_gmt":"2024-04-04T21:29:57","slug":"lindemans-4-cervezas-1-vaso","status":"publish","type":"product","link":"https:\/\/encinardeljamon.com\/fr\/product\/lindemans-4-cervezas-1-vaso\/","title":{"rendered":"Lindemans 4 Bi\u00e8res 1 Verre"},"content":{"rendered":"<blockquote><p>Pack Lindemans 4 bi\u00e8res 1 verre<\/p><\/blockquote>\n<p>Vous cherchez une bi\u00e8re \u00e0 offrir ? Ce coffret de bi\u00e8res lambic Lindemans est le cadeau id\u00e9al pour tout amateur de bi\u00e8res belges. Le coffret contient quatre bouteilles de 33 cl de bi\u00e8re Lindemans (Faro, Framboise, Pecheresse et Kriek) et un verre original.<\/p>\n<p>Lindemans Kriek<\/p>\n<p>La Lindemans Kriek est brass\u00e9e avec du jus de cerise acide de haute qualit\u00e9 ajout\u00e9 \u00e0 une bi\u00e8re lambic vieille d'un an. C'est une bi\u00e8re tr\u00e8s rafra\u00eechissante, \u00e9quilibr\u00e9e et fruit\u00e9e, au d\u00e9licieux go\u00fbt de cerises fra\u00eeches. Teneur en alcool : 3,5 degr\u00e9s.<\/p>\n<p>Lindemans Framboise<\/p>\n<p>Lindemans Framboise est une bi\u00e8re fruit\u00e9e, enrichie d'au moins 30% de jus de framboise \u00e9cras\u00e9, une jeune bi\u00e8re lambic d'au moins un an d'\u00e2ge. Elle a une couleur rose fonc\u00e9, un ar\u00f4me de framboise et un go\u00fbt frais et fruit\u00e9 avec une pointe d'aigreur. Taux d'alcool : 2,5 degr\u00e9s.<\/p>\n<p>Phare de Lindemans<\/p>\n<p>La Lindemans Faro est une bi\u00e8re brass\u00e9e par fermentation spontan\u00e9e avec du sirop de sucre et m\u00fbrie pendant un an en f\u00fbts de ch\u00eane. Elle est produite depuis 1978, lorsque la cinqui\u00e8me g\u00e9n\u00e9ration de la famille Lindemans a d\u00e9cid\u00e9 de faire revivre ce style historique. Cette bi\u00e8re artisanale est douce en bouche et poss\u00e8de un go\u00fbt sucr\u00e9 caract\u00e9ristique, avec des notes de bois, de fruits et de sucre. Teneur en alcool : 4,5 degr\u00e9s.<\/p>\n<p>Lindemans Pecheresse<\/p>\n<p>La Lindemans Pecheresse est brass\u00e9e avec une 30% de jus de p\u00eache mac\u00e9r\u00e9 dans une jeune bi\u00e8re lambic d'au moins un an d'\u00e2ge. Elle a un ar\u00f4me fruit\u00e9 avec des notes d'agrumes et un go\u00fbt frais et fruit\u00e9 avec un \u00e9quilibre parfait entre la douceur de la p\u00eache et l'acidit\u00e9 caract\u00e9ristique de la bi\u00e8re lambic. Teneur en alcool : 2,5 degr\u00e9s.<\/p>\n<p>Brouwerij Lindemans<\/p>\n<p>Brouwerij Lindemans est une entreprise familiale qui a commenc\u00e9 \u00e0 brasser de la bi\u00e8re en 1822 dans sa ferme de Vlezenbeek, une petite ville du Brabant belge. \u00c0 partir de 1930, la famille Lindemans a commenc\u00e9 \u00e0 produire exclusivement de la gueuze et de la kriek. Aujourd'hui, cette brasserie belge est l'un des plus prestigieux producteurs de lambic et de gueuze au monde.<\/p>","protected":false},"excerpt":{"rendered":"<p>Lindemans Pack 4 Bi\u00e8res 1 Verre Vous cherchez une bi\u00e8re \u00e0 offrir ? Ce pack de bi\u00e8res lambic Lindemans est le cadeau id\u00e9al pour tout amateur de bi\u00e8res belges. Le coffret contient quatre bouteilles de bi\u00e8re Lindemans (Faro, Framboise, Pecheresse et Kriek) de 33 cl et un verre original. Lindemans Kriek Lindemans Kriek est brass\u00e9e avec ...<\/p>\n<p class=\"read-more\"> <a class=\"\" href=\"https:\/\/encinardeljamon.com\/fr\/product\/lindemans-4-cervezas-1-vaso\/\"> <span class=\"screen-reader-text\">Lindemans 4 Bi\u00e8res 1 Verre<\/span> Lire la suite \"<\/a><\/p>","protected":false},"featured_media":2735,"comment_status":"closed","ping_status":"closed","template":"","meta":{"site-sidebar-layout":"default","site-content-layout":"","ast-site-content-layout":"default","site-content-style":"default","site-sidebar-style":"default","ast-global-header-display":"","ast-banner-title-visibility":"","ast-main-header-display":"","ast-hfb-above-header-display":"","ast-hfb-below-header-display":"","ast-hfb-mobile-header-display":"","site-post-title":"","ast-breadcrumbs-content":"","ast-featured-img":"","footer-sml-layout":"","theme-transparent-header-meta":"default","adv-header-id-meta":"","stick-header-meta":"","header-above-stick-meta":"","header-main-stick-meta":"","header-below-stick-meta":"","astra-migrate-meta-layouts":"set","_joinchat":[]},"product_brand":[],"product_cat":[27,29],"product_tag":[],"yst_prominent_words":[],"class_list":{"0":"post-2734","1":"product","2":"type-product","3":"status-publish","4":"has-post-thumbnail","6":"product_cat-licores-vinos-y-cervezas","7":"product_cat-eventos-especiales","8":"desktop-align-left","9":"tablet-align-left","10":"mobile-align-left","12":"first","13":"instock","14":"taxable","15":"shipping-taxable","16":"purchasable","17":"product-type-simple"},"_links":{"self":[{"href":"https:\/\/encinardeljamon.com\/fr\/wp-json\/wp\/v2\/product\/2734","targetHints":{"allow":["GET"]}}],"collection":[{"href":"https:\/\/encinardeljamon.com\/fr\/wp-json\/wp\/v2\/product"}],"about":[{"href":"https:\/\/encinardeljamon.com\/fr\/wp-json\/wp\/v2\/types\/product"}],"replies":[{"embeddable":true,"href":"https:\/\/encinardeljamon.com\/fr\/wp-json\/wp\/v2\/comments?post=2734"}],"wp:featuredmedia":[{"embeddable":true,"href":"https:\/\/encinardeljamon.com\/fr\/wp-json\/wp\/v2\/media\/2735"}],"wp:attachment":[{"href":"https:\/\/encinardeljamon.com\/fr\/wp-json\/wp\/v2\/media?parent=2734"}],"wp:term":[{"taxonomy":"product_brand","embeddable":true,"href":"https:\/\/encinardeljamon.com\/fr\/wp-json\/wp\/v2\/product_brand?post=2734"},{"taxonomy":"product_cat","embeddable":true,"href":"https:\/\/encinardeljamon.com\/fr\/wp-json\/wp\/v2\/product_cat?post=2734"},{"taxonomy":"product_tag","embeddable":true,"href":"https:\/\/encinardeljamon.com\/fr\/wp-json\/wp\/v2\/product_tag?post=2734"},{"taxonomy":"yst_prominent_words","embeddable":true,"href":"https:\/\/encinardeljamon.com\/fr\/wp-json\/wp\/v2\/yst_prominent_words?post=2734"}],"curies":[{"name":"wp","href":"https:\/\/api.w.org\/{rel}","templated":true}]}}