{"id":2731,"date":"2022-10-16T21:31:55","date_gmt":"2022-10-16T21:31:55","guid":{"rendered":"https:\/\/encinardeljamon.com\/?post_type=product&#038;p=2731"},"modified":"2024-04-04T21:26:20","modified_gmt":"2024-04-04T21:26:20","slug":"la-chouffe-blond-4-33cl-1-vaso","status":"publish","type":"product","link":"https:\/\/encinardeljamon.com\/fr\/product\/la-chouffe-blond-4-33cl-1-vaso\/","title":{"rendered":"La Chouffe blonde 4 X 33 CL. 1 verre"},"content":{"rendered":"<p>Pack La Chouffe 4 bi\u00e8res 1 verre<br \/>\n<em><strong>Ne contient pas l'\u00e9tui\u00a0<\/strong><\/em><br \/>\nCe pack contient 1 bouteille de bi\u00e8re La Chouffe Blonde 33 cl, 1 bouteille de bi\u00e8re Chouffe blanche 33 cl, 1 bi\u00e8re Chouffe Houblon 33 cl, 1 bi\u00e8re Mc Chouffe 33 cl et un verre original sp\u00e9cialement con\u00e7u pour la d\u00e9gustation de ces bi\u00e8res.<\/p>\n<p>La Chouffe Blonde<\/p>\n<p>La Chouffe, produit phare de la Brasserie d'Achouffe, est une bi\u00e8re forte belge non filtr\u00e9e, de fermentation haute et de fermentation secondaire en bouteille. Cette bi\u00e8re forte est brass\u00e9e avec des ingr\u00e9dients naturels de la plus haute qualit\u00e9, notamment de l'eau, de la levure, du malt d'orge, de la coriandre et des houblons Saaz et Styrian Golding. D'apparence trouble, elle a une couleur dor\u00e9e et une mousse dense et persistante. Elle pr\u00e9sente des ar\u00f4mes fruit\u00e9s avec des notes d'agrumes et un soup\u00e7on de coriandre. Le go\u00fbt est doux et agr\u00e9ablement malt\u00e9 et fruit\u00e9. 8% alc\/vol.<\/p>\n<p>Chouffe Blanche<\/p>\n<p>Une bi\u00e8re de bl\u00e9 non filtr\u00e9e de type Witbier, brass\u00e9e avec du malt d'orge p\u00e2le, du malt de bl\u00e9, du houblon Perle, de la coriandre et des p\u00e9pins de citron. Le go\u00fbt est doux, \u00e9pic\u00e9 et tr\u00e8s rafra\u00eechissant, avec des notes d'agrumes et de coriandre. Servir de pr\u00e9f\u00e9rence \u00e0 une temp\u00e9rature de 6\u00ba C. 6% alc\/vol.<\/p>\n<p>Chouffe Houblon<\/p>\n<p>Une bi\u00e8re artisanale belge Tripel IPA qui recr\u00e9e l'amertume des IPA en utilisant trois types de houblons diff\u00e9rents : Tomahawk, Saaz et Amarillo. Le r\u00e9sultat est une bi\u00e8re intense avec un ar\u00f4me \u00e9pic\u00e9, d'agrumes et de fleurs et une forte pr\u00e9sence am\u00e8re. Elle a un aspect trouble, une couleur dor\u00e9e et une mousse dense et persistante. L'ar\u00f4me est parfum\u00e9, herbac\u00e9 et citronn\u00e9, avec un arri\u00e8re-plan \u00e9pic\u00e9. En bouche, elle est am\u00e8re, citrique et herbac\u00e9e, avec des notes de pamplemousse et une faible pr\u00e9sence d'alcool. Finale am\u00e8re et persistante. 9% alc\/vol.<\/p>\n<p>Mc Chouffe<\/p>\n<p>Une bi\u00e8re de fermentation haute avec une fermentation secondaire en bouteille, inspir\u00e9e de la Scotch Ale \u00e9cossaise, un style de bi\u00e8re tr\u00e8s r\u00e9pandu dans la province de Wallonie. Elle est brass\u00e9e avec des houblons Styrians et Saaz, des malts Pilsen et du sucre candi. Le r\u00e9sultat est une bi\u00e8re sombre, puissante et cors\u00e9e avec des notes de r\u00e9glisse anis\u00e9e et de caramel. 8% alc\/vol.<\/p>\n<p>Brasserie D'Achouffe<\/p>\n<p>L'histoire de la Brasserie D'Achouffe commence dans les ann\u00e9es 1970, lorsque les deux beaux-fr\u00e8res Pierre Gobron et Chris Bauweraerts commencent \u00e0 brasser de la bi\u00e8re dans un garage. Peu \u00e0 peu, leurs bi\u00e8res ont connu le succ\u00e8s et, en 1986, ils ont d\u00e9cid\u00e9 de se lancer dans la brasserie \u00e0 part enti\u00e8re. En 1992, la production est pass\u00e9e de 3 400 \u00e0 5 000 hectolitres par an et, en mai 2009, ils ont commenc\u00e9 \u00e0 produire des bouteilles de 33 cl. Aujourd'hui, la Brasserie D'Achouffe appartient au groupe brassicole Duvel Moortgat. L'histoire des bi\u00e8res Chouffe est li\u00e9e \u00e0 la l\u00e9gende des gnomes de la Vall\u00e9e des F\u00e9es, selon laquelle les gnomes auraient d\u00e9cid\u00e9 de partager leur recette secr\u00e8te avec les humains en signe d'amiti\u00e9.<\/p>","protected":false},"excerpt":{"rendered":"<p>Pack La Chouffe 4 Bi\u00e8res 1 Verre Ne contient pas l'\u00e9tui Ce pack contient 1 bouteille de bi\u00e8re La Chouffe Blonde 33 cl, 1 bouteille de bi\u00e8re Chouffe blanche 33 cl, 1 bi\u00e8re Chouffe Houblon 33 cl, 1 bi\u00e8re Mc Chouffe 33 cl et un verre original sp\u00e9cialement con\u00e7u pour d\u00e9guster la bi\u00e8re et un ...<\/p>\n<p class=\"read-more\"> <a class=\"\" href=\"https:\/\/encinardeljamon.com\/fr\/product\/la-chouffe-blond-4-33cl-1-vaso\/\"> <span class=\"screen-reader-text\">La Chouffe blonde 4 X 33 CL. 1 verre<\/span> Lire la suite \"<\/a><\/p>","protected":false},"featured_media":2732,"comment_status":"closed","ping_status":"closed","template":"","meta":{"site-sidebar-layout":"default","site-content-layout":"","ast-site-content-layout":"default","site-content-style":"default","site-sidebar-style":"default","ast-global-header-display":"","ast-banner-title-visibility":"","ast-main-header-display":"","ast-hfb-above-header-display":"","ast-hfb-below-header-display":"","ast-hfb-mobile-header-display":"","site-post-title":"","ast-breadcrumbs-content":"","ast-featured-img":"","footer-sml-layout":"","theme-transparent-header-meta":"default","adv-header-id-meta":"","stick-header-meta":"","header-above-stick-meta":"","header-main-stick-meta":"","header-below-stick-meta":"","astra-migrate-meta-layouts":"set","_joinchat":[]},"product_brand":[],"product_cat":[27,29],"product_tag":[],"yst_prominent_words":[],"class_list":{"0":"post-2731","1":"product","2":"type-product","3":"status-publish","4":"has-post-thumbnail","6":"product_cat-licores-vinos-y-cervezas","7":"product_cat-eventos-especiales","8":"desktop-align-left","9":"tablet-align-left","10":"mobile-align-left","12":"first","13":"instock","14":"taxable","15":"shipping-taxable","16":"purchasable","17":"product-type-simple"},"_links":{"self":[{"href":"https:\/\/encinardeljamon.com\/fr\/wp-json\/wp\/v2\/product\/2731","targetHints":{"allow":["GET"]}}],"collection":[{"href":"https:\/\/encinardeljamon.com\/fr\/wp-json\/wp\/v2\/product"}],"about":[{"href":"https:\/\/encinardeljamon.com\/fr\/wp-json\/wp\/v2\/types\/product"}],"replies":[{"embeddable":true,"href":"https:\/\/encinardeljamon.com\/fr\/wp-json\/wp\/v2\/comments?post=2731"}],"wp:featuredmedia":[{"embeddable":true,"href":"https:\/\/encinardeljamon.com\/fr\/wp-json\/wp\/v2\/media\/2732"}],"wp:attachment":[{"href":"https:\/\/encinardeljamon.com\/fr\/wp-json\/wp\/v2\/media?parent=2731"}],"wp:term":[{"taxonomy":"product_brand","embeddable":true,"href":"https:\/\/encinardeljamon.com\/fr\/wp-json\/wp\/v2\/product_brand?post=2731"},{"taxonomy":"product_cat","embeddable":true,"href":"https:\/\/encinardeljamon.com\/fr\/wp-json\/wp\/v2\/product_cat?post=2731"},{"taxonomy":"product_tag","embeddable":true,"href":"https:\/\/encinardeljamon.com\/fr\/wp-json\/wp\/v2\/product_tag?post=2731"},{"taxonomy":"yst_prominent_words","embeddable":true,"href":"https:\/\/encinardeljamon.com\/fr\/wp-json\/wp\/v2\/yst_prominent_words?post=2731"}],"curies":[{"name":"wp","href":"https:\/\/api.w.org\/{rel}","templated":true}]}}