{"id":2725,"date":"2022-10-16T21:27:39","date_gmt":"2022-10-16T21:27:39","guid":{"rendered":"https:\/\/encinardeljamon.com\/?post_type=product&#038;p=2725"},"modified":"2024-03-24T17:08:02","modified_gmt":"2024-03-24T17:08:02","slug":"kwak-4-cervezas-33-cl-1-vaso","status":"publish","type":"product","link":"https:\/\/encinardeljamon.com\/fr\/product\/kwak-4-cervezas-33-cl-1-vaso\/","title":{"rendered":"Kwak 4 Bi\u00e8res 33 cl + 1 Verre"},"content":{"rendered":"<p>( sans emballage) ( avec bo\u00eete cadeau)<\/p>\n<p>&nbsp;<\/p>\n<p>Pawel Kwak<span style=\"font-size: 16px;\">\u00a0<\/span><\/p>\n<p><span style=\"font-size: 16px;\">Bi\u00e8re belge Pawel Kwak contenant 4 bouteilles de bi\u00e8re Kwak de 33 cl et 1 verre original typique avec son c\u00e9l\u00e8bre support en bois.<\/span><\/p>\n<p>Kwak<\/p>\n<p>La Kwak est une bi\u00e8re forte belge, de couleur ambr\u00e9e, \u00e0 la mousse dense et cr\u00e9meuse. Son ar\u00f4me est malt\u00e9, avec des notes de r\u00e9glisse, d'\u00e9pices et de caramel. Sa saveur est douce avec un soup\u00e7on d'agrumes. Taux d'alcool : 8,4% d'alcool.<\/p>\n<p>Brouwerij Bosteels<\/p>\n<p>Brouwerij Bosteels est une brasserie fond\u00e9e par Evarist Bosteels en 1791 \u00e0 Bruggenhout, en Belgique. La bi\u00e8re Kwak s'inspire de l'histoire du brasseur et aubergiste de Termonde Pawel Kwak. Il a invent\u00e9 le fameux support en bois qui permettait aux conducteurs de la malle-poste de d\u00e9guster leur bi\u00e8re sans descendre du wagon, car la loi leur interdisait de quitter leur v\u00e9hicule pour boire. Brouwerij Bosteels a commenc\u00e9 \u00e0 brasser la Kwak en 1980. Elle brasse \u00e9galement la c\u00e9l\u00e8bre Tripel Karmeliet.<\/p>","protected":false},"excerpt":{"rendered":"<p>(sans emballage) (avec bo\u00eete cadeau) Pawel Kwak Bi\u00e8re belge Pawel Kwak contenant 4 bouteilles de bi\u00e8re Kwak de 33 cl et 1 verre original typique avec son c\u00e9l\u00e8bre support en bois. La Kwak Kwak est une bi\u00e8re belge forte, de couleur ambr\u00e9e, \u00e0 la mousse dense et cr\u00e9meuse. Elle pr\u00e9sente un ar\u00f4me ...<\/p>\n<p class=\"read-more\"> <a class=\"\" href=\"https:\/\/encinardeljamon.com\/fr\/product\/kwak-4-cervezas-33-cl-1-vaso\/\"> <span class=\"screen-reader-text\">Kwak 4 Bi\u00e8res 33 cl + 1 Verre<\/span> Lire la suite \"<\/a><\/p>","protected":false},"featured_media":2727,"comment_status":"closed","ping_status":"closed","template":"","meta":{"site-sidebar-layout":"default","site-content-layout":"","ast-site-content-layout":"default","site-content-style":"default","site-sidebar-style":"default","ast-global-header-display":"","ast-banner-title-visibility":"","ast-main-header-display":"","ast-hfb-above-header-display":"","ast-hfb-below-header-display":"","ast-hfb-mobile-header-display":"","site-post-title":"","ast-breadcrumbs-content":"","ast-featured-img":"","footer-sml-layout":"","theme-transparent-header-meta":"default","adv-header-id-meta":"","stick-header-meta":"","header-above-stick-meta":"","header-main-stick-meta":"","header-below-stick-meta":"","astra-migrate-meta-layouts":"set","_joinchat":[]},"product_brand":[],"product_cat":[27,29],"product_tag":[],"yst_prominent_words":[],"class_list":{"0":"post-2725","1":"product","2":"type-product","3":"status-publish","4":"has-post-thumbnail","6":"product_cat-licores-vinos-y-cervezas","7":"product_cat-eventos-especiales","8":"desktop-align-left","9":"tablet-align-left","10":"mobile-align-left","12":"first","13":"instock","14":"taxable","15":"shipping-taxable","16":"purchasable","17":"product-type-simple"},"_links":{"self":[{"href":"https:\/\/encinardeljamon.com\/fr\/wp-json\/wp\/v2\/product\/2725","targetHints":{"allow":["GET"]}}],"collection":[{"href":"https:\/\/encinardeljamon.com\/fr\/wp-json\/wp\/v2\/product"}],"about":[{"href":"https:\/\/encinardeljamon.com\/fr\/wp-json\/wp\/v2\/types\/product"}],"replies":[{"embeddable":true,"href":"https:\/\/encinardeljamon.com\/fr\/wp-json\/wp\/v2\/comments?post=2725"}],"wp:featuredmedia":[{"embeddable":true,"href":"https:\/\/encinardeljamon.com\/fr\/wp-json\/wp\/v2\/media\/2727"}],"wp:attachment":[{"href":"https:\/\/encinardeljamon.com\/fr\/wp-json\/wp\/v2\/media?parent=2725"}],"wp:term":[{"taxonomy":"product_brand","embeddable":true,"href":"https:\/\/encinardeljamon.com\/fr\/wp-json\/wp\/v2\/product_brand?post=2725"},{"taxonomy":"product_cat","embeddable":true,"href":"https:\/\/encinardeljamon.com\/fr\/wp-json\/wp\/v2\/product_cat?post=2725"},{"taxonomy":"product_tag","embeddable":true,"href":"https:\/\/encinardeljamon.com\/fr\/wp-json\/wp\/v2\/product_tag?post=2725"},{"taxonomy":"yst_prominent_words","embeddable":true,"href":"https:\/\/encinardeljamon.com\/fr\/wp-json\/wp\/v2\/yst_prominent_words?post=2725"}],"curies":[{"name":"wp","href":"https:\/\/api.w.org\/{rel}","templated":true}]}}