{"id":2719,"date":"2022-10-16T21:22:57","date_gmt":"2022-10-16T21:22:57","guid":{"rendered":"https:\/\/encinardeljamon.com\/?post_type=product&#038;p=2719"},"modified":"2024-04-04T21:26:54","modified_gmt":"2024-04-04T21:26:54","slug":"kwak-1-cerveza-2-vasos","status":"publish","type":"product","link":"https:\/\/encinardeljamon.com\/fr\/product\/kwak-1-cerveza-2-vasos\/","title":{"rendered":"Kwak 1 bi\u00e8re 2 verres"},"content":{"rendered":"<p>Pawel Kwak Pack<\/p>\n<p>Vous cherchez une bi\u00e8re \u00e0 offrir ? Ce pack de bi\u00e8res Kwak est le cadeau id\u00e9al pour tout amateur de bi\u00e8res belges. Le coffret contient une bouteille de bi\u00e8re Kwak de 75 cl et deux verres originaux typiques. Le support en bois n'est pas inclus.<\/p>\n<p>Kwak<\/p>\n<p>La Kwak est une Belgian Strong Ale de couleur ambr\u00e9e avec des reflets rouge\u00e2tres et une mousse cr\u00e9meuse et persistante. Son ar\u00f4me pr\u00e9sente des notes de malt, de r\u00e9glisse, d'\u00e9pices et de caramel. En bouche, elle est tr\u00e8s \u00e9quilibr\u00e9e et douce, avec des notes d'agrumes et de sucre. Teneur en alcool : 8,4 degr\u00e9s.<\/p>\n<p>Brouwerij Bosteels<\/p>\n<p>La brasserie Bosteels a \u00e9t\u00e9 fond\u00e9e en 1791 \u00e0 Bruggenhout par Evarist Bosteels. La bi\u00e8re Kwak s'inspire de l'histoire du brasseur Pawel Kwak de Termonde au 18e si\u00e8cle. Ce brasseur ne brassait pas seulement de la bi\u00e8re, mais poss\u00e9dait \u00e9galement une auberge entre Michelen et Gand, o\u00f9 les voitures postales tir\u00e9es par des chevaux s'arr\u00eataient pour se reposer. En raison d'une loi napol\u00e9onienne, les conducteurs des wagons n'avaient pas le droit de descendre des wagons et ne pouvaient donc pas d\u00e9guster la bi\u00e8re dans l'auberge. Kwak a invent\u00e9 un support permettant de fixer le verre \u00e0 la voiture, de sorte que le conducteur puisse boire sans quitter le v\u00e9hicule.<\/p>\n<p>C'est cette histoire qui a incit\u00e9 Brouwerij Bosteels \u00e0 commencer \u00e0 brasser la Kwak en 1980. Cette brasserie belge produit \u00e9galement la populaire Tripel Karmeliet. La brasserie appartient \u00e0 la famille Bosteels depuis 200 ans et en est aujourd'hui \u00e0 la septi\u00e8me g\u00e9n\u00e9ration.<\/p>","protected":false},"excerpt":{"rendered":"<p>Pawel Kwak Pack Vous cherchez une bi\u00e8re \u00e0 offrir ? Ce pack de bi\u00e8res Kwak est le cadeau id\u00e9al pour tout amateur de bi\u00e8res belges. Le coffret contient une bouteille de bi\u00e8re Kwak de 75 cl et deux verres originaux typiques. Le support en bois n'est pas inclus. Kwak Kwak est une bi\u00e8re belge dans le style belge et ...<\/p>\n<p class=\"read-more\"> <a class=\"\" href=\"https:\/\/encinardeljamon.com\/fr\/product\/kwak-1-cerveza-2-vasos\/\"> <span class=\"screen-reader-text\">Kwak 1 bi\u00e8re 2 verres<\/span> Lire la suite \"<\/a><\/p>","protected":false},"featured_media":2720,"comment_status":"closed","ping_status":"closed","template":"","meta":{"site-sidebar-layout":"default","site-content-layout":"","ast-site-content-layout":"default","site-content-style":"default","site-sidebar-style":"default","ast-global-header-display":"","ast-banner-title-visibility":"","ast-main-header-display":"","ast-hfb-above-header-display":"","ast-hfb-below-header-display":"","ast-hfb-mobile-header-display":"","site-post-title":"","ast-breadcrumbs-content":"","ast-featured-img":"","footer-sml-layout":"","theme-transparent-header-meta":"default","adv-header-id-meta":"","stick-header-meta":"","header-above-stick-meta":"","header-main-stick-meta":"","header-below-stick-meta":"","astra-migrate-meta-layouts":"set","_joinchat":[]},"product_brand":[],"product_cat":[27,29],"product_tag":[],"yst_prominent_words":[],"class_list":{"0":"post-2719","1":"product","2":"type-product","3":"status-publish","4":"has-post-thumbnail","6":"product_cat-licores-vinos-y-cervezas","7":"product_cat-eventos-especiales","8":"desktop-align-left","9":"tablet-align-left","10":"mobile-align-left","12":"first","13":"instock","14":"taxable","15":"shipping-taxable","16":"purchasable","17":"product-type-simple"},"_links":{"self":[{"href":"https:\/\/encinardeljamon.com\/fr\/wp-json\/wp\/v2\/product\/2719","targetHints":{"allow":["GET"]}}],"collection":[{"href":"https:\/\/encinardeljamon.com\/fr\/wp-json\/wp\/v2\/product"}],"about":[{"href":"https:\/\/encinardeljamon.com\/fr\/wp-json\/wp\/v2\/types\/product"}],"replies":[{"embeddable":true,"href":"https:\/\/encinardeljamon.com\/fr\/wp-json\/wp\/v2\/comments?post=2719"}],"wp:featuredmedia":[{"embeddable":true,"href":"https:\/\/encinardeljamon.com\/fr\/wp-json\/wp\/v2\/media\/2720"}],"wp:attachment":[{"href":"https:\/\/encinardeljamon.com\/fr\/wp-json\/wp\/v2\/media?parent=2719"}],"wp:term":[{"taxonomy":"product_brand","embeddable":true,"href":"https:\/\/encinardeljamon.com\/fr\/wp-json\/wp\/v2\/product_brand?post=2719"},{"taxonomy":"product_cat","embeddable":true,"href":"https:\/\/encinardeljamon.com\/fr\/wp-json\/wp\/v2\/product_cat?post=2719"},{"taxonomy":"product_tag","embeddable":true,"href":"https:\/\/encinardeljamon.com\/fr\/wp-json\/wp\/v2\/product_tag?post=2719"},{"taxonomy":"yst_prominent_words","embeddable":true,"href":"https:\/\/encinardeljamon.com\/fr\/wp-json\/wp\/v2\/yst_prominent_words?post=2719"}],"curies":[{"name":"wp","href":"https:\/\/api.w.org\/{rel}","templated":true}]}}