{"id":2716,"date":"2022-10-16T21:20:56","date_gmt":"2022-10-16T21:20:56","guid":{"rendered":"https:\/\/encinardeljamon.com\/?post_type=product&#038;p=2716"},"modified":"2024-04-04T21:27:21","modified_gmt":"2024-04-04T21:27:21","slug":"kasteel-4-cervezas-33-cl-1-copa","status":"publish","type":"product","link":"https:\/\/encinardeljamon.com\/fr\/product\/kasteel-4-cervezas-33-cl-1-copa\/","title":{"rendered":"Kasteel 4 Bi\u00e8res 33 cl 1 Verre"},"content":{"rendered":"<p>Pack Kasteel 4 Bi\u00e8res 33 cl 1 Verre<\/p>\n<p>Vous cherchez une bi\u00e8re \u00e0 offrir ? Ce coffret Kasteelbier est le cadeau id\u00e9al pour tout amateur de bi\u00e8re belge. Ce coffret contient quatre bouteilles de 33 cl de bi\u00e8re Kasteel (2 Kasteel Triple et 2 Kasteel Donker) et un verre original.<\/p>\n<p>Kasteel Tripel<\/p>\n<p>La Kasteel Tripel est une bi\u00e8re blonde belge de style triple. Elle a une couleur dor\u00e9e avec des reflets orang\u00e9s et une mousse dense et cr\u00e9meuse. Son ar\u00f4me pr\u00e9sente des notes de houblon, d'herbes, de vanille et de malt avec une touche fruit\u00e9e. En bouche, elle est robuste, avec une saveur d'agrumes et de fruits. Teneur en alcool : 11 degr\u00e9s.<\/p>\n<p>Kasteel Donker<\/p>\n<p>La Kasteel Donker a \u00e9t\u00e9 lanc\u00e9e en 1989 et a \u00e9t\u00e9 la premi\u00e8re bi\u00e8re de la gamme Kasteel \u00e0 \u00eatre brass\u00e9e par Kasteel Brouwerij Van Honsebrouck. Il s'agit d'une bi\u00e8re belge fonc\u00e9e de type Quadrupel au profil fort et robuste, avec un ar\u00f4me de malt torr\u00e9fi\u00e9 et de caf\u00e9. Son go\u00fbt est doux avec des notes torr\u00e9fi\u00e9es de caramel, de caf\u00e9 et de chocolat. Taux d'alcool : 11 degr\u00e9s.<\/p>\n<p>Kasteel Brouwerij Van Honsebrouck<\/p>\n<p>Kasteel Brouwerij Van Honsebrouck est une brasserie familiale belge situ\u00e9e \u00e0 Emelgem, connue pour \u00eatre la brasserie la plus moderne d'Europe. Outre les bi\u00e8res Kasteel, son catalogue comprend d'autres grandes bi\u00e8res telles que Bacchus, Brigand et Filou, entre autres.<\/p>","protected":false},"excerpt":{"rendered":"<p>Kasteel Pack 4 Bi\u00e8res 33 cl 1 Verre Vous cherchez une bi\u00e8re \u00e0 offrir ? Ce pack Kasteelbier est le cadeau id\u00e9al pour tout amateur de bi\u00e8re belge. Ce coffret contient quatre bouteilles de 33 cl de bi\u00e8re Kasteel (2 Kasteel Tripel et 2 Kasteel Donker) et un verre original. Kasteel Tripel Kasteel Tripel Kasteel Tripel Kasteel Tripel ...<\/p>\n<p class=\"read-more\"> <a class=\"\" href=\"https:\/\/encinardeljamon.com\/fr\/product\/kasteel-4-cervezas-33-cl-1-copa\/\"> <span class=\"screen-reader-text\">Kasteel 4 Bi\u00e8res 33 cl 1 Verre<\/span> Lire la suite \"<\/a><\/p>","protected":false},"featured_media":2718,"comment_status":"closed","ping_status":"closed","template":"","meta":{"site-sidebar-layout":"default","site-content-layout":"","ast-site-content-layout":"default","site-content-style":"default","site-sidebar-style":"default","ast-global-header-display":"","ast-banner-title-visibility":"","ast-main-header-display":"","ast-hfb-above-header-display":"","ast-hfb-below-header-display":"","ast-hfb-mobile-header-display":"","site-post-title":"","ast-breadcrumbs-content":"","ast-featured-img":"","footer-sml-layout":"","theme-transparent-header-meta":"default","adv-header-id-meta":"","stick-header-meta":"","header-above-stick-meta":"","header-main-stick-meta":"","header-below-stick-meta":"","astra-migrate-meta-layouts":"set","_joinchat":[]},"product_brand":[],"product_cat":[27,29],"product_tag":[],"yst_prominent_words":[],"class_list":{"0":"post-2716","1":"product","2":"type-product","3":"status-publish","4":"has-post-thumbnail","6":"product_cat-licores-vinos-y-cervezas","7":"product_cat-eventos-especiales","8":"desktop-align-left","9":"tablet-align-left","10":"mobile-align-left","12":"first","13":"instock","14":"taxable","15":"shipping-taxable","16":"purchasable","17":"product-type-simple"},"_links":{"self":[{"href":"https:\/\/encinardeljamon.com\/fr\/wp-json\/wp\/v2\/product\/2716","targetHints":{"allow":["GET"]}}],"collection":[{"href":"https:\/\/encinardeljamon.com\/fr\/wp-json\/wp\/v2\/product"}],"about":[{"href":"https:\/\/encinardeljamon.com\/fr\/wp-json\/wp\/v2\/types\/product"}],"replies":[{"embeddable":true,"href":"https:\/\/encinardeljamon.com\/fr\/wp-json\/wp\/v2\/comments?post=2716"}],"wp:featuredmedia":[{"embeddable":true,"href":"https:\/\/encinardeljamon.com\/fr\/wp-json\/wp\/v2\/media\/2718"}],"wp:attachment":[{"href":"https:\/\/encinardeljamon.com\/fr\/wp-json\/wp\/v2\/media?parent=2716"}],"wp:term":[{"taxonomy":"product_brand","embeddable":true,"href":"https:\/\/encinardeljamon.com\/fr\/wp-json\/wp\/v2\/product_brand?post=2716"},{"taxonomy":"product_cat","embeddable":true,"href":"https:\/\/encinardeljamon.com\/fr\/wp-json\/wp\/v2\/product_cat?post=2716"},{"taxonomy":"product_tag","embeddable":true,"href":"https:\/\/encinardeljamon.com\/fr\/wp-json\/wp\/v2\/product_tag?post=2716"},{"taxonomy":"yst_prominent_words","embeddable":true,"href":"https:\/\/encinardeljamon.com\/fr\/wp-json\/wp\/v2\/yst_prominent_words?post=2716"}],"curies":[{"name":"wp","href":"https:\/\/api.w.org\/{rel}","templated":true}]}}