{"id":2714,"date":"2022-10-16T21:18:43","date_gmt":"2022-10-16T21:18:43","guid":{"rendered":"https:\/\/encinardeljamon.com\/?post_type=product&#038;p=2714"},"modified":"2024-04-04T21:27:44","modified_gmt":"2024-04-04T21:27:44","slug":"gulden-draak-5-cervezas-33-cl-1-vaso","status":"publish","type":"product","link":"https:\/\/encinardeljamon.com\/fr\/product\/gulden-draak-5-cervezas-33-cl-1-vaso\/","title":{"rendered":"Gulden Draak 5 bi\u00e8res 33 cl 1 verre"},"content":{"rendered":"<blockquote><p>Pack Gulden Draak 5 Bi\u00e8res 33 cl 1 Verre<\/p><\/blockquote>\n<p>Vous cherchez une bi\u00e8re \u00e0 offrir ? Ce pack de bi\u00e8res Gulden Draak est le cadeau id\u00e9al pour tout amateur de bi\u00e8re belge. Le coffret contient cinq bouteilles de 33 cl de bi\u00e8re Gulden Draak et la coupe typique de l'\u0153uf de dragon Gulden Draak.<\/p>\n<p>1 Gulden Draak classique<\/p>\n<p>1 Gulden Draak 9000<\/p>\n<p>1 Gulden Draak fum\u00e9<\/p>\n<p>1 Gulden Draak Imperial Stout<\/p>\n<p>1 Gulden Draak Brewmaster<\/p>\n<p>Gulden Draak Classic<\/p>\n<p>Gulden Draak Classic est le fleuron de la brasserie Van Steenberge. Cette Strong Dark Ale est brass\u00e9e \u00e0 l'aide de mati\u00e8res premi\u00e8res de la plus haute qualit\u00e9, telles que l'eau, le malt, les levures exclusives et le houblon noble. Au cours du processus de brassage, de la levure de vin est ajout\u00e9e, ce qui lui conf\u00e8re sa saveur caract\u00e9ristique unique. La Gulden Draak a une couleur fonc\u00e9e et une mousse dense et cr\u00e9meuse. Elle a un ar\u00f4me complexe de malt, de caf\u00e9 et de levure et un go\u00fbt sucr\u00e9 de caramel et de toffee avec une finale am\u00e8re. 10,5% ABV.<\/p>\n<p>Gulden Draak 9000<\/p>\n<p>La Gulden Draak 9000 est une bi\u00e8re belge quadruple typique, brass\u00e9e par fermentation haute et fermentation secondaire en bouteille avec quatre vari\u00e9t\u00e9s de malt. Le r\u00e9sultat est une bi\u00e8re ambr\u00e9e avec une mousse cr\u00e9meuse et un ar\u00f4me complexe et fruit\u00e9. En bouche, elle est douce avec une saveur de malt grill\u00e9. 10,5% ABV.<\/p>\n<p>Gulden Draak fum\u00e9<\/p>\n<p>La Gulden Draak Smoked est brass\u00e9e selon un proc\u00e9d\u00e9 de fumage. Cette ancienne m\u00e9thode de touraillage du malt conf\u00e8re \u00e0 la bi\u00e8re une saveur caract\u00e9ristique qui la rend unique. La bi\u00e8re a une couleur acajou fonc\u00e9 et une mousse abondante. Son ar\u00f4me fum\u00e9 avec un soup\u00e7on de malt torr\u00e9fi\u00e9 se combine parfaitement avec son go\u00fbt de fum\u00e9e, de caramel et de chocolat. 10,5% ABV.<\/p>\n<p>Gulden Draak Imperial Stout<\/p>\n<p>Gulden Draak Imperial Stout est un Stout au profil puissant, avec une fermentation \u00e9lev\u00e9e et une fermentation secondaire en bouteille. Le malt caramel lui conf\u00e8re son go\u00fbt caract\u00e9ristique de malt grill\u00e9. C'est une bi\u00e8re de couleur fonc\u00e9e avec une mousse beige et un ar\u00f4me fruit\u00e9 de banane et de chocolat. En bouche, c'est une bi\u00e8re fonc\u00e9e au go\u00fbt complexe de c\u00e9r\u00e9ales grill\u00e9es, de chocolat et de vanille. 12% ABV.<\/p>\n<p>Ma\u00eetre-brasseur de Gulden Draak<\/p>\n<p>La Gulden Draak Brewmaster est une bi\u00e8re brass\u00e9e \u00e0 base de Gulden Draak Classic m\u00fbrie en f\u00fbts de whisky. Elle a une couleur ambr\u00e9e, un ar\u00f4me bois\u00e9, vanill\u00e9 et malt\u00e9 et un go\u00fbt intense et sucr\u00e9 de caramel et de vanille. Cette bi\u00e8re a \u00e9t\u00e9 cr\u00e9\u00e9e en l'honneur des ma\u00eetres-brasseurs de la brasserie Van Steenberge en g\u00e9n\u00e9ral et de Josef Van Steenberge en particulier, le ma\u00eetre-brasseur de la cinqui\u00e8me g\u00e9n\u00e9ration. 10,5% ABV.<\/p>","protected":false},"excerpt":{"rendered":"<p>Pack Gulden Draak 5 Bi\u00e8res 33 cl 1 Verre Vous cherchez une bi\u00e8re \u00e0 offrir ? Ce pack de bi\u00e8res Gulden Draak est le cadeau id\u00e9al pour tout amateur de bi\u00e8re belge. Le coffret contient cinq bouteilles de 33 cl de bi\u00e8re Gulden Draak et le verre typique Gulden Draak Dragon Egg Cup. 1 Gulden Draak ...<\/p>\n<p class=\"read-more\"> <a class=\"\" href=\"https:\/\/encinardeljamon.com\/fr\/product\/gulden-draak-5-cervezas-33-cl-1-vaso\/\"> <span class=\"screen-reader-text\">Gulden Draak 5 bi\u00e8res 33 cl 1 verre<\/span> Lire la suite \"<\/a><\/p>","protected":false},"featured_media":2715,"comment_status":"closed","ping_status":"closed","template":"","meta":{"site-sidebar-layout":"default","site-content-layout":"","ast-site-content-layout":"default","site-content-style":"default","site-sidebar-style":"default","ast-global-header-display":"","ast-banner-title-visibility":"","ast-main-header-display":"","ast-hfb-above-header-display":"","ast-hfb-below-header-display":"","ast-hfb-mobile-header-display":"","site-post-title":"","ast-breadcrumbs-content":"","ast-featured-img":"","footer-sml-layout":"","theme-transparent-header-meta":"default","adv-header-id-meta":"","stick-header-meta":"","header-above-stick-meta":"","header-main-stick-meta":"","header-below-stick-meta":"","astra-migrate-meta-layouts":"set","_joinchat":[]},"product_brand":[],"product_cat":[27,29],"product_tag":[],"yst_prominent_words":[],"class_list":{"0":"post-2714","1":"product","2":"type-product","3":"status-publish","4":"has-post-thumbnail","6":"product_cat-licores-vinos-y-cervezas","7":"product_cat-eventos-especiales","8":"desktop-align-left","9":"tablet-align-left","10":"mobile-align-left","12":"first","13":"instock","14":"taxable","15":"shipping-taxable","16":"purchasable","17":"product-type-simple"},"_links":{"self":[{"href":"https:\/\/encinardeljamon.com\/fr\/wp-json\/wp\/v2\/product\/2714","targetHints":{"allow":["GET"]}}],"collection":[{"href":"https:\/\/encinardeljamon.com\/fr\/wp-json\/wp\/v2\/product"}],"about":[{"href":"https:\/\/encinardeljamon.com\/fr\/wp-json\/wp\/v2\/types\/product"}],"replies":[{"embeddable":true,"href":"https:\/\/encinardeljamon.com\/fr\/wp-json\/wp\/v2\/comments?post=2714"}],"wp:featuredmedia":[{"embeddable":true,"href":"https:\/\/encinardeljamon.com\/fr\/wp-json\/wp\/v2\/media\/2715"}],"wp:attachment":[{"href":"https:\/\/encinardeljamon.com\/fr\/wp-json\/wp\/v2\/media?parent=2714"}],"wp:term":[{"taxonomy":"product_brand","embeddable":true,"href":"https:\/\/encinardeljamon.com\/fr\/wp-json\/wp\/v2\/product_brand?post=2714"},{"taxonomy":"product_cat","embeddable":true,"href":"https:\/\/encinardeljamon.com\/fr\/wp-json\/wp\/v2\/product_cat?post=2714"},{"taxonomy":"product_tag","embeddable":true,"href":"https:\/\/encinardeljamon.com\/fr\/wp-json\/wp\/v2\/product_tag?post=2714"},{"taxonomy":"yst_prominent_words","embeddable":true,"href":"https:\/\/encinardeljamon.com\/fr\/wp-json\/wp\/v2\/yst_prominent_words?post=2714"}],"curies":[{"name":"wp","href":"https:\/\/api.w.org\/{rel}","templated":true}]}}