{"id":2711,"date":"2022-10-16T21:16:28","date_gmt":"2022-10-16T21:16:28","guid":{"rendered":"https:\/\/encinardeljamon.com\/?post_type=product&#038;p=2711"},"modified":"2024-04-04T21:28:23","modified_gmt":"2024-04-04T21:28:23","slug":"gulden-draak-2-cervezas-33-cl-1-vaso","status":"publish","type":"product","link":"https:\/\/encinardeljamon.com\/fr\/product\/gulden-draak-2-cervezas-33-cl-1-vaso\/","title":{"rendered":"Gulden Draak 2 Bi\u00e8res 33 cl 1 Verre"},"content":{"rendered":"<p>Pack Gulden Draak 2 Bi\u00e8res 33 cl 1 Verre<\/p>\n<p>Vous cherchez une bi\u00e8re \u00e0 offrir ? Ce pack de bi\u00e8res Gulden Draak est le cadeau id\u00e9al pour tout amateur de bi\u00e8re belge. Il contient deux bouteilles de 33 cl de bi\u00e8re Gulden Draak (une Gulden Draak Classic et une Gulden Draak 9000) et le verre typique Gulden Draak Dragon Egg Cup.<\/p>\n<p>Gulden Draak<\/p>\n<p>Bi\u00e8re belge forte de style Dark Ale, brass\u00e9e avec de l'eau, du malt, plusieurs levures uniques et du houblon noble traditionnel. De la levure de vin est ajout\u00e9e lors de la fermentation secondaire. Cela lui conf\u00e8re un caract\u00e8re et une saveur uniques. C'est une bi\u00e8re au profil \u00e9volutif, \u00e0 la couleur sombre et \u00e0 la mousse dense et cr\u00e9meuse. Elle pr\u00e9sente un ar\u00f4me complexe de malt, de levure, de caf\u00e9, de chocolat et de noix. En bouche, elle est douce, avec un go\u00fbt de caramel et une finale puissante. Teneur en alcool : 10,5 degr\u00e9s.<\/p>\n<p>Gulden Draak 9000<\/p>\n<p>Bi\u00e8re ambr\u00e9e de type quadrupel, brass\u00e9e avec de la levure de vin et quatre vari\u00e9t\u00e9s de malt qui lui conf\u00e8rent sa couleur et son ar\u00f4me caract\u00e9ristiques. Le design de la bouteille, rouge et noir, rend hommage \u00e0 la ville de Gand, dont ce sont les couleurs. Elle a une couleur ambr\u00e9e avec une mousse cr\u00e9meuse couleur caramel, un ar\u00f4me fruit\u00e9 avec des notes de malt, de banane et de caramel. Le go\u00fbt est doux et chaud de malt torr\u00e9fi\u00e9. Finale am\u00e8re et s\u00e8che. Teneur en alcool : 10,5 degr\u00e9s.<\/p>","protected":false},"excerpt":{"rendered":"<p>Pack Gulden Draak 2 Bi\u00e8res 33 cl 1 Verre Vous cherchez une bi\u00e8re \u00e0 offrir ? Ce pack de bi\u00e8res Gulden Draak est le cadeau id\u00e9al pour tout amateur de bi\u00e8res belges. Il contient deux bouteilles de 33 cl de bi\u00e8re Gulden Draak (une Gulden Draak classique et une Gulden Draak 9000) et le verre typique Gulden Draak.<\/p>\n<p class=\"read-more\"> <a class=\"\" href=\"https:\/\/encinardeljamon.com\/fr\/product\/gulden-draak-2-cervezas-33-cl-1-vaso\/\"> <span class=\"screen-reader-text\">Gulden Draak 2 Bi\u00e8res 33 cl 1 Verre<\/span> Lire la suite \"<\/a><\/p>","protected":false},"featured_media":2712,"comment_status":"closed","ping_status":"closed","template":"","meta":{"site-sidebar-layout":"default","site-content-layout":"","ast-site-content-layout":"default","site-content-style":"default","site-sidebar-style":"default","ast-global-header-display":"","ast-banner-title-visibility":"","ast-main-header-display":"","ast-hfb-above-header-display":"","ast-hfb-below-header-display":"","ast-hfb-mobile-header-display":"","site-post-title":"","ast-breadcrumbs-content":"","ast-featured-img":"","footer-sml-layout":"","theme-transparent-header-meta":"default","adv-header-id-meta":"","stick-header-meta":"","header-above-stick-meta":"","header-main-stick-meta":"","header-below-stick-meta":"","astra-migrate-meta-layouts":"set","_joinchat":[]},"product_brand":[],"product_cat":[27,29],"product_tag":[],"yst_prominent_words":[],"class_list":{"0":"post-2711","1":"product","2":"type-product","3":"status-publish","4":"has-post-thumbnail","6":"product_cat-licores-vinos-y-cervezas","7":"product_cat-eventos-especiales","8":"desktop-align-left","9":"tablet-align-left","10":"mobile-align-left","12":"first","13":"instock","14":"taxable","15":"shipping-taxable","16":"purchasable","17":"product-type-simple"},"_links":{"self":[{"href":"https:\/\/encinardeljamon.com\/fr\/wp-json\/wp\/v2\/product\/2711","targetHints":{"allow":["GET"]}}],"collection":[{"href":"https:\/\/encinardeljamon.com\/fr\/wp-json\/wp\/v2\/product"}],"about":[{"href":"https:\/\/encinardeljamon.com\/fr\/wp-json\/wp\/v2\/types\/product"}],"replies":[{"embeddable":true,"href":"https:\/\/encinardeljamon.com\/fr\/wp-json\/wp\/v2\/comments?post=2711"}],"wp:featuredmedia":[{"embeddable":true,"href":"https:\/\/encinardeljamon.com\/fr\/wp-json\/wp\/v2\/media\/2712"}],"wp:attachment":[{"href":"https:\/\/encinardeljamon.com\/fr\/wp-json\/wp\/v2\/media?parent=2711"}],"wp:term":[{"taxonomy":"product_brand","embeddable":true,"href":"https:\/\/encinardeljamon.com\/fr\/wp-json\/wp\/v2\/product_brand?post=2711"},{"taxonomy":"product_cat","embeddable":true,"href":"https:\/\/encinardeljamon.com\/fr\/wp-json\/wp\/v2\/product_cat?post=2711"},{"taxonomy":"product_tag","embeddable":true,"href":"https:\/\/encinardeljamon.com\/fr\/wp-json\/wp\/v2\/product_tag?post=2711"},{"taxonomy":"yst_prominent_words","embeddable":true,"href":"https:\/\/encinardeljamon.com\/fr\/wp-json\/wp\/v2\/yst_prominent_words?post=2711"}],"curies":[{"name":"wp","href":"https:\/\/api.w.org\/{rel}","templated":true}]}}