{"id":2708,"date":"2022-10-16T21:13:55","date_gmt":"2022-10-16T21:13:55","guid":{"rendered":"https:\/\/encinardeljamon.com\/?post_type=product&#038;p=2708"},"modified":"2024-04-04T21:30:24","modified_gmt":"2024-04-04T21:30:24","slug":"grimbergen-4-cervezas-1-vaso","status":"publish","type":"product","link":"https:\/\/encinardeljamon.com\/fr\/product\/grimbergen-4-cervezas-1-vaso\/","title":{"rendered":"Grimbergen 4 Bi\u00e8res 1 Verre"},"content":{"rendered":"<p>Grimbergen Beer Pack 4 bi\u00e8res 33 cl 1 verre<\/p>\n<p>Vous vous demandez quoi offrir \u00e0 un amateur de bi\u00e8re belge ? Ce coffret contient 4 bouteilles de bi\u00e8re d'abbaye de Grimbergen et un verre original : 1 bouteille de Grimbergen Dubbel, 1 bouteille de Grimbergen Tripel, 1 bouteille de Grimbergen Blonde et 1 bouteille de Grimbergen Caract\u00e9re Houblon. Id\u00e9al pour se faire plaisir ou pour offrir de la bi\u00e8re. Les bi\u00e8res de l'abbaye de Grimbergen sont \u00e9galement connues sous le nom de bi\u00e8res du Ph\u00e9nix.<\/p>\n<p>Dubbel de Grimbergen<\/p>\n<p>La Grimbergen Double \/ Dubbel est une bi\u00e8re d'abbaye fonc\u00e9e brass\u00e9e avec une premi\u00e8re fermentation en cuve et une seconde fermentation dans les f\u00fbts situ\u00e9s dans la cave de la brasserie. Le r\u00e9sultat est une bi\u00e8re double \u00e0 la robe ambr\u00e9e fonc\u00e9e, aux ar\u00f4mes de caramel, de r\u00e9glisse, de fruits et de malt torr\u00e9fi\u00e9 et \u00e0 la saveur douce, citronn\u00e9e et fruit\u00e9e avec des notes de malt torr\u00e9fi\u00e9. Taux d'alcool : 6,5.<\/p>\n<p>Tripel de Grimbergen<\/p>\n<p>La Grimbergen Triple est une bi\u00e8re blonde d'abbaye brass\u00e9e avec des ingr\u00e9dients de la plus haute qualit\u00e9, notamment de l'eau, du malt d'orge, du malt de bl\u00e9, de l'extrait de coriandre et du houblon. C'est une bi\u00e8re de couleur dor\u00e9e avec une mousse dense, un ar\u00f4me fruit\u00e9 et \u00e9pic\u00e9 et un go\u00fbt intense et \u00e9quilibr\u00e9 avec une pointe d'acidit\u00e9. Teneur en alcool : 8 degr\u00e9s.<\/p>\n<p>Grimbergen Blonde<\/p>\n<p>Une Pale Ale blonde et dor\u00e9e, brass\u00e9e avec de l'orge du G\u00e2tinais et des houblons s\u00e9lectionn\u00e9s. Elle a un ar\u00f4me complexe de fruits, d'herbes et d'\u00e9pices de vanille, de clou de girofle, de r\u00e9glisse et de miel. En bouche, c'est une bi\u00e8re agr\u00e9able et rafra\u00eechissante, \u00e0 l'amertume subtile. Son caract\u00e8re unique et son go\u00fbt d\u00e9licieux en font une bi\u00e8re tr\u00e8s populaire. Teneur en alcool : 6,7 degr\u00e9s.<\/p>\n<p>Grimbergen Caract\u00e9re Houblon<\/p>\n<p>La Grimbergen Hop Karakter est une bi\u00e8re blonde d'abbaye brass\u00e9e avec une grande quantit\u00e9 de houblon aromatique par fermentation en bouteille. Elle a une couleur dor\u00e9e avec une mousse persistante, un ar\u00f4me d'herbes et d'agrumes avec des notes fruit\u00e9es et un go\u00fbt complexe et intense avec une grande amertume gr\u00e2ce au houblon. Taux d'alcool : 8 degr\u00e9s.<\/p>","protected":false},"excerpt":{"rendered":"<p>Grimbergen Beer Pack 4 Bi\u00e8res 33 cl 1 Verre Vous vous demandez quoi offrir \u00e0 un amateur de bi\u00e8re belge ? Ce coffret contient 4 bouteilles de bi\u00e8re d'abbaye de Grimbergen et un verre original : 1 bouteille de Grimbergen Dubbel, 1 bouteille de Grimbergen Tripel, 1 bouteille de Grimbergen Blonde et 1 bouteille de Grimbergen ...<\/p>\n<p class=\"read-more\"> <a class=\"\" href=\"https:\/\/encinardeljamon.com\/fr\/product\/grimbergen-4-cervezas-1-vaso\/\"> <span class=\"screen-reader-text\">Grimbergen 4 Bi\u00e8res 1 Verre<\/span> Lire la suite \"<\/a><\/p>","protected":false},"featured_media":2709,"comment_status":"closed","ping_status":"closed","template":"","meta":{"site-sidebar-layout":"default","site-content-layout":"","ast-site-content-layout":"default","site-content-style":"default","site-sidebar-style":"default","ast-global-header-display":"","ast-banner-title-visibility":"","ast-main-header-display":"","ast-hfb-above-header-display":"","ast-hfb-below-header-display":"","ast-hfb-mobile-header-display":"","site-post-title":"","ast-breadcrumbs-content":"","ast-featured-img":"","footer-sml-layout":"","theme-transparent-header-meta":"default","adv-header-id-meta":"","stick-header-meta":"","header-above-stick-meta":"","header-main-stick-meta":"","header-below-stick-meta":"","astra-migrate-meta-layouts":"set","_joinchat":[]},"product_brand":[],"product_cat":[27,29],"product_tag":[],"yst_prominent_words":[],"class_list":{"0":"post-2708","1":"product","2":"type-product","3":"status-publish","4":"has-post-thumbnail","6":"product_cat-licores-vinos-y-cervezas","7":"product_cat-eventos-especiales","8":"desktop-align-left","9":"tablet-align-left","10":"mobile-align-left","12":"first","13":"outofstock","14":"taxable","15":"shipping-taxable","16":"purchasable","17":"product-type-simple"},"_links":{"self":[{"href":"https:\/\/encinardeljamon.com\/fr\/wp-json\/wp\/v2\/product\/2708","targetHints":{"allow":["GET"]}}],"collection":[{"href":"https:\/\/encinardeljamon.com\/fr\/wp-json\/wp\/v2\/product"}],"about":[{"href":"https:\/\/encinardeljamon.com\/fr\/wp-json\/wp\/v2\/types\/product"}],"replies":[{"embeddable":true,"href":"https:\/\/encinardeljamon.com\/fr\/wp-json\/wp\/v2\/comments?post=2708"}],"wp:featuredmedia":[{"embeddable":true,"href":"https:\/\/encinardeljamon.com\/fr\/wp-json\/wp\/v2\/media\/2709"}],"wp:attachment":[{"href":"https:\/\/encinardeljamon.com\/fr\/wp-json\/wp\/v2\/media?parent=2708"}],"wp:term":[{"taxonomy":"product_brand","embeddable":true,"href":"https:\/\/encinardeljamon.com\/fr\/wp-json\/wp\/v2\/product_brand?post=2708"},{"taxonomy":"product_cat","embeddable":true,"href":"https:\/\/encinardeljamon.com\/fr\/wp-json\/wp\/v2\/product_cat?post=2708"},{"taxonomy":"product_tag","embeddable":true,"href":"https:\/\/encinardeljamon.com\/fr\/wp-json\/wp\/v2\/product_tag?post=2708"},{"taxonomy":"yst_prominent_words","embeddable":true,"href":"https:\/\/encinardeljamon.com\/fr\/wp-json\/wp\/v2\/yst_prominent_words?post=2708"}],"curies":[{"name":"wp","href":"https:\/\/api.w.org\/{rel}","templated":true}]}}