{"id":2703,"date":"2022-10-16T21:09:48","date_gmt":"2022-10-16T21:09:48","guid":{"rendered":"https:\/\/encinardeljamon.com\/?post_type=product&#038;p=2703"},"modified":"2024-04-04T21:31:25","modified_gmt":"2024-04-04T21:31:25","slug":"duvel-2-cervezas-33-cl-1-vaso","status":"publish","type":"product","link":"https:\/\/encinardeljamon.com\/fr\/product\/duvel-2-cervezas-33-cl-1-vaso\/","title":{"rendered":"Duvel 2 Bi\u00e8res 33 cl 1 Verre"},"content":{"rendered":"<p>Duvel Pack 2 bi\u00e8res 33 cl 1 verre<\/p>\n<p>Vous vous demandez quoi offrir \u00e0 un amateur de bi\u00e8re belge ? Ce pack de bi\u00e8res Duvel est le cadeau id\u00e9al pour tout amateur de bi\u00e8re. Ce coffret contient deux bouteilles de 33 cl de bi\u00e8re Duvel (1 Duvel Classic et 1 Duvel Tripel Hop Citra) et un verre original sp\u00e9cialement con\u00e7u pour la d\u00e9gustation de ces bi\u00e8res.<\/p>\n<p>Duvel Blonde<\/p>\n<p>La Duvel est une bi\u00e8re forte belge, brass\u00e9e avec des ingr\u00e9dients naturels, notamment de l'eau de source pure, de l'orge et des houblons Saaz et Styrian Golding, qui lui conf\u00e8rent son amertume caract\u00e9ristique. La bi\u00e8re est soumise \u00e0 un processus de brassage unique de 90 jours qui lui conf\u00e8re sa saveur agr\u00e9able. La souche de levure originale qu'Alber Moortgat a ramen\u00e9e de son voyage en \u00c9cosse en 1920 est utilis\u00e9e pendant la fermentation. La bi\u00e8re a une couleur dor\u00e9e, une mousse cr\u00e9meuse, abondante et persistante et un ar\u00f4me puissant avec des notes d'agrumes. Sa saveur est am\u00e8re avec des notes \u00e9pic\u00e9es, complexe et pleine de caract\u00e8re. 8,5 degr\u00e9s d'alcool.<\/p>\n<p>Duvel Tripel Hop Citra<\/p>\n<p>La Duvel Tripel Hop Citra est une bi\u00e8re forte belge brass\u00e9e par houblonnage \u00e0 sec avec les houblons Saaz Saaz, Styrian Golding et Citra. Cette bi\u00e8re artisanale est brass\u00e9e chaque ann\u00e9e depuis 2007, avec une troisi\u00e8me vari\u00e9t\u00e9 de houblon diff\u00e9rente ajout\u00e9e aux houblons Saaz Saaz et Styrian Golding. En 2016, Duvel Moortgat a demand\u00e9 \u00e0 ses fans de choisir leur houblon Tripel pr\u00e9f\u00e9r\u00e9, et c'est la Duvel Tripel Hop Citra qui l'a emport\u00e9 et qui est devenue une bi\u00e8re permanente. Cette bi\u00e8re belge forte pr\u00e9sente une couleur dor\u00e9e et une mousse cr\u00e9meuse et persistante et poss\u00e8de un ar\u00f4me de fruits tropicaux avec des notes d'agrumes et de fleurs. En bouche, elle est tr\u00e8s rafra\u00eechissante et douce, avec des notes am\u00e8res de houblon. Teneur en alcool : 9,5 degr\u00e9s.<\/p>\n<p>Duvel Moortgat<\/p>\n<p>La Duvel Moortgat a \u00e9t\u00e9 fond\u00e9e en 1871 par Jan-Leonard Moortgat, un grand amateur de bi\u00e8re issu d'une famille de brasseurs. La Duvel a \u00e9t\u00e9 cr\u00e9\u00e9e pour comm\u00e9morer la fin de la Premi\u00e8re Guerre mondiale et s'appelait initialement Victory Ale. Dans les ann\u00e9es 1920, lors d'une d\u00e9gustation, une personnalit\u00e9 locale s'est exclam\u00e9e \"Nen echten Duvel !\" (\"C'est un vrai diable !\" en flamand), et la bi\u00e8re a donc \u00e9t\u00e9 rebaptis\u00e9e Duvel. Outre la Duvel, Duvel Moortgat dispose d'un large \u00e9ventail de bi\u00e8res de haute qualit\u00e9 dans son catalogue, notamment Maredsous, Vedett, Liefmans, etc.<\/p>","protected":false},"excerpt":{"rendered":"<p>Duvel Pack 2 Bi\u00e8res 33 cl 1 Verre Vous vous demandez quoi offrir \u00e0 un amateur de bi\u00e8re belge ? Ce pack de bi\u00e8res Duvel est le cadeau id\u00e9al pour tout amateur de bi\u00e8re. Ce coffret contient deux bouteilles de 33 cl de bi\u00e8re Duvel (1 Duvel Classic et 1 Duvel Tripel Hop Citra) et un verre ...<\/p>\n<p class=\"read-more\"> <a class=\"\" href=\"https:\/\/encinardeljamon.com\/fr\/product\/duvel-2-cervezas-33-cl-1-vaso\/\"> <span class=\"screen-reader-text\">Duvel 2 Bi\u00e8res 33 cl 1 Verre<\/span> Lire la suite \"<\/a><\/p>","protected":false},"featured_media":2704,"comment_status":"closed","ping_status":"closed","template":"","meta":{"site-sidebar-layout":"default","site-content-layout":"","ast-site-content-layout":"default","site-content-style":"default","site-sidebar-style":"default","ast-global-header-display":"","ast-banner-title-visibility":"","ast-main-header-display":"","ast-hfb-above-header-display":"","ast-hfb-below-header-display":"","ast-hfb-mobile-header-display":"","site-post-title":"","ast-breadcrumbs-content":"","ast-featured-img":"","footer-sml-layout":"","theme-transparent-header-meta":"default","adv-header-id-meta":"","stick-header-meta":"","header-above-stick-meta":"","header-main-stick-meta":"","header-below-stick-meta":"","astra-migrate-meta-layouts":"set","_joinchat":[]},"product_brand":[],"product_cat":[27,29],"product_tag":[],"yst_prominent_words":[],"class_list":{"0":"post-2703","1":"product","2":"type-product","3":"status-publish","4":"has-post-thumbnail","6":"product_cat-licores-vinos-y-cervezas","7":"product_cat-eventos-especiales","8":"desktop-align-left","9":"tablet-align-left","10":"mobile-align-left","12":"first","13":"instock","14":"taxable","15":"shipping-taxable","16":"purchasable","17":"product-type-simple"},"_links":{"self":[{"href":"https:\/\/encinardeljamon.com\/fr\/wp-json\/wp\/v2\/product\/2703","targetHints":{"allow":["GET"]}}],"collection":[{"href":"https:\/\/encinardeljamon.com\/fr\/wp-json\/wp\/v2\/product"}],"about":[{"href":"https:\/\/encinardeljamon.com\/fr\/wp-json\/wp\/v2\/types\/product"}],"replies":[{"embeddable":true,"href":"https:\/\/encinardeljamon.com\/fr\/wp-json\/wp\/v2\/comments?post=2703"}],"wp:featuredmedia":[{"embeddable":true,"href":"https:\/\/encinardeljamon.com\/fr\/wp-json\/wp\/v2\/media\/2704"}],"wp:attachment":[{"href":"https:\/\/encinardeljamon.com\/fr\/wp-json\/wp\/v2\/media?parent=2703"}],"wp:term":[{"taxonomy":"product_brand","embeddable":true,"href":"https:\/\/encinardeljamon.com\/fr\/wp-json\/wp\/v2\/product_brand?post=2703"},{"taxonomy":"product_cat","embeddable":true,"href":"https:\/\/encinardeljamon.com\/fr\/wp-json\/wp\/v2\/product_cat?post=2703"},{"taxonomy":"product_tag","embeddable":true,"href":"https:\/\/encinardeljamon.com\/fr\/wp-json\/wp\/v2\/product_tag?post=2703"},{"taxonomy":"yst_prominent_words","embeddable":true,"href":"https:\/\/encinardeljamon.com\/fr\/wp-json\/wp\/v2\/yst_prominent_words?post=2703"}],"curies":[{"name":"wp","href":"https:\/\/api.w.org\/{rel}","templated":true}]}}