{"id":2697,"date":"2022-10-16T21:03:59","date_gmt":"2022-10-16T21:03:59","guid":{"rendered":"https:\/\/encinardeljamon.com\/?post_type=product&#038;p=2697"},"modified":"2024-04-04T21:33:26","modified_gmt":"2024-04-04T21:33:26","slug":"weihenstephaner-5-cervezas-y-1-vaso","status":"publish","type":"product","link":"https:\/\/encinardeljamon.com\/fr\/product\/weihenstephaner-5-cervezas-y-1-vaso\/","title":{"rendered":"Weihenstephaner 5 bi\u00e8res et 1 verre"},"content":{"rendered":"<p>Paquet de 5 Weihenstephaner 50 cl 1 verre<\/p>\n<p>Ce pack de bi\u00e8res Weihenstephaner est le cadeau id\u00e9al pour tout amateur de bi\u00e8re de bl\u00e9 typiquement bavaroise. Il contient un verre original Weihenstephaner et cinq bouteilles de bi\u00e8re de bl\u00e9 allemande Weihenstephaner :<br \/>\n1 Weihenstephaner Vitus 50cl<br \/>\n1 Weihenstephaner Hefeweissbier 50cl<br \/>\n1 Weihenstephaner Pils 33 cl<br \/>\n1 Weihenstephaner Korbinian 50cl<br \/>\n1 Weihenstephaner Hefeweissbier Dunkel 50cl<br \/>\n1 verre original<br \/>\nWeihenstephan<\/p>","protected":false},"excerpt":{"rendered":"<p>Pack 5 Weihenstephaner 50 cl 1 Verre Ce pack de bi\u00e8res Weihenstephaner est le cadeau id\u00e9al pour tout amateur de bi\u00e8re de bl\u00e9 typiquement bavaroise. Il contient un verre original Weihenstephaner et cinq bouteilles de bi\u00e8re de bl\u00e9 allemande Weihenstephaner : 1 Weihenstephaner Vitus 50cl 1 Weihenstephaner Hefeweissbier 50cl 1 Weihenstephaner Pils 33 cl ...<\/p>\n<p class=\"read-more\"> <a class=\"\" href=\"https:\/\/encinardeljamon.com\/fr\/product\/weihenstephaner-5-cervezas-y-1-vaso\/\"> <span class=\"screen-reader-text\">Weihenstephaner 5 bi\u00e8res et 1 verre<\/span> Lire la suite \"<\/a><\/p>","protected":false},"featured_media":3159,"comment_status":"closed","ping_status":"closed","template":"","meta":{"site-sidebar-layout":"default","site-content-layout":"","ast-site-content-layout":"default","site-content-style":"default","site-sidebar-style":"default","ast-global-header-display":"","ast-banner-title-visibility":"","ast-main-header-display":"","ast-hfb-above-header-display":"","ast-hfb-below-header-display":"","ast-hfb-mobile-header-display":"","site-post-title":"","ast-breadcrumbs-content":"","ast-featured-img":"","footer-sml-layout":"","theme-transparent-header-meta":"default","adv-header-id-meta":"","stick-header-meta":"","header-above-stick-meta":"","header-main-stick-meta":"","header-below-stick-meta":"","astra-migrate-meta-layouts":"set","_joinchat":[]},"product_brand":[],"product_cat":[27,29],"product_tag":[],"yst_prominent_words":[],"class_list":{"0":"post-2697","1":"product","2":"type-product","3":"status-publish","4":"has-post-thumbnail","6":"product_cat-licores-vinos-y-cervezas","7":"product_cat-eventos-especiales","8":"desktop-align-left","9":"tablet-align-left","10":"mobile-align-left","12":"first","13":"instock","14":"taxable","15":"shipping-taxable","16":"purchasable","17":"product-type-simple"},"_links":{"self":[{"href":"https:\/\/encinardeljamon.com\/fr\/wp-json\/wp\/v2\/product\/2697","targetHints":{"allow":["GET"]}}],"collection":[{"href":"https:\/\/encinardeljamon.com\/fr\/wp-json\/wp\/v2\/product"}],"about":[{"href":"https:\/\/encinardeljamon.com\/fr\/wp-json\/wp\/v2\/types\/product"}],"replies":[{"embeddable":true,"href":"https:\/\/encinardeljamon.com\/fr\/wp-json\/wp\/v2\/comments?post=2697"}],"wp:featuredmedia":[{"embeddable":true,"href":"https:\/\/encinardeljamon.com\/fr\/wp-json\/wp\/v2\/media\/3159"}],"wp:attachment":[{"href":"https:\/\/encinardeljamon.com\/fr\/wp-json\/wp\/v2\/media?parent=2697"}],"wp:term":[{"taxonomy":"product_brand","embeddable":true,"href":"https:\/\/encinardeljamon.com\/fr\/wp-json\/wp\/v2\/product_brand?post=2697"},{"taxonomy":"product_cat","embeddable":true,"href":"https:\/\/encinardeljamon.com\/fr\/wp-json\/wp\/v2\/product_cat?post=2697"},{"taxonomy":"product_tag","embeddable":true,"href":"https:\/\/encinardeljamon.com\/fr\/wp-json\/wp\/v2\/product_tag?post=2697"},{"taxonomy":"yst_prominent_words","embeddable":true,"href":"https:\/\/encinardeljamon.com\/fr\/wp-json\/wp\/v2\/yst_prominent_words?post=2697"}],"curies":[{"name":"wp","href":"https:\/\/api.w.org\/{rel}","templated":true}]}}