{"id":2695,"date":"2022-10-16T21:01:30","date_gmt":"2022-10-16T21:01:30","guid":{"rendered":"https:\/\/encinardeljamon.com\/?post_type=product&#038;p=2695"},"modified":"2024-04-04T21:38:38","modified_gmt":"2024-04-04T21:38:38","slug":"westmalle-75-cl-2-cervezas-y-2-copas","status":"publish","type":"product","link":"https:\/\/encinardeljamon.com\/fr\/product\/westmalle-75-cl-2-cervezas-y-2-copas\/","title":{"rendered":"Westmalle 75 cl 2 bi\u00e8res &amp; 2 verres"},"content":{"rendered":"<blockquote><p>Pack Westmalle 2 bi\u00e8res 2 verres dans un coffret en bois<\/p><\/blockquote>\n<p>Ce pack contient deux bouteilles de 75 cl de l'authentique bi\u00e8re trappiste belge Westmalle et deux verres originaux qui font ressortir tout l'ar\u00f4me et la saveur des deux bi\u00e8res. Le pack est pr\u00e9sent\u00e9 dans un \u00e9l\u00e9gant coffret en bois, ce qui en fait un cadeau id\u00e9al pour tout amateur de bi\u00e8re de qualit\u00e9.<\/p>\n<p>Westmalle Trappist Tripel<\/p>\n<p>La Westmalle Tripel est connue comme \"la m\u00e8re de toutes les triples\" car elle est consid\u00e9r\u00e9e comme la premi\u00e8re bi\u00e8re triple de l'histoire. Elle a \u00e9t\u00e9 cr\u00e9\u00e9e en 1934 pour c\u00e9l\u00e9brer l'ouverture de la nouvelle brasserie de l'abbaye. Cette extraordinaire bi\u00e8re blonde \u00e0 l'aspect trouble poss\u00e8de un ar\u00f4me complexe et intense avec des notes de houblon et de malt. La saveur est douce et \u00e9quilibr\u00e9e avec des notes fruit\u00e9es et houblonn\u00e9es. 9,5% alc\/vol.<\/p>\n<p>Dubbel trappiste de Westmalle<\/p>\n<p>Si la premi\u00e8re bi\u00e8re torr\u00e9fi\u00e9e de Westmalle a \u00e9t\u00e9 produite en 1856, la Westmalle Dubbel est bas\u00e9e sur une recette de 1926. Cette bi\u00e8re trappiste de type Dubbel subit une seconde fermentation en bouteille dans la cave de l'abbaye pendant trois semaines. Il en r\u00e9sulte une bi\u00e8re de couleur fonc\u00e9e aux ar\u00f4mes complexes, tr\u00e8s fruit\u00e9s, de caramel, de chocolat et de levure. Le go\u00fbt est complexe et agr\u00e9able avec du malt grill\u00e9, du chocolat et des noix. 7% alc\/vol.<\/p>\n<p>Abbaye de Westmalle<\/p>\n<p>L'abbaye de Westmalle a \u00e9t\u00e9 fond\u00e9e en 1794, mais a \u00e9t\u00e9 \u00e9lev\u00e9e au rang d'abbaye en 1836. La m\u00eame ann\u00e9e, la bi\u00e8re a \u00e9t\u00e9 brass\u00e9e, car le sol de l'abbaye ne permettait plus la culture du raisin pour la production de vin. En 1856, la premi\u00e8re bi\u00e8re torr\u00e9fi\u00e9e a \u00e9t\u00e9 produite, consid\u00e9r\u00e9e comme la premi\u00e8re dubbel de l'histoire. En 1934, une pale ale forte de 9,5% a \u00e9t\u00e9 cr\u00e9\u00e9e, qui a \u00e9t\u00e9 appel\u00e9e tripel et qui est aujourd'hui la Westmalle Tripel. R\u00e9cemment, la Westmalle Trappist Extra, la bi\u00e8re de r\u00e9fectoire ou \"patersbier\", destin\u00e9e \u00e0 l'origine \u00e0 la consommation personnelle des moines de l'abbaye lors de leurs d\u00e9jeuners, a \u00e9t\u00e9 lanc\u00e9e pour la premi\u00e8re fois.<\/p>","protected":false},"excerpt":{"rendered":"<p>Pack Westmalle 2 Bi\u00e8res 2 Verres dans un coffret en bois Ce pack contient deux bouteilles de l'authentique bi\u00e8re trappiste belge Westmalle de 75 cl et deux verres originaux qui rehaussent tout l'ar\u00f4me et le go\u00fbt des deux bi\u00e8res. Le pack est pr\u00e9sent\u00e9 dans un \u00e9l\u00e9gant coffret en bois, ce qui en fait un cadeau id\u00e9al pour ...<\/p>\n<p class=\"read-more\"> <a class=\"\" href=\"https:\/\/encinardeljamon.com\/fr\/product\/westmalle-75-cl-2-cervezas-y-2-copas\/\"> <span class=\"screen-reader-text\">Westmalle 75 cl 2 bi\u00e8res &amp; 2 verres<\/span> Lire la suite \"<\/a><\/p>","protected":false},"featured_media":2696,"comment_status":"closed","ping_status":"closed","template":"","meta":{"site-sidebar-layout":"default","site-content-layout":"","ast-site-content-layout":"default","site-content-style":"default","site-sidebar-style":"default","ast-global-header-display":"","ast-banner-title-visibility":"","ast-main-header-display":"","ast-hfb-above-header-display":"","ast-hfb-below-header-display":"","ast-hfb-mobile-header-display":"","site-post-title":"","ast-breadcrumbs-content":"","ast-featured-img":"","footer-sml-layout":"","theme-transparent-header-meta":"default","adv-header-id-meta":"","stick-header-meta":"","header-above-stick-meta":"","header-main-stick-meta":"","header-below-stick-meta":"","astra-migrate-meta-layouts":"set","_joinchat":[]},"product_brand":[],"product_cat":[27,29],"product_tag":[],"yst_prominent_words":[],"class_list":{"0":"post-2695","1":"product","2":"type-product","3":"status-publish","4":"has-post-thumbnail","6":"product_cat-licores-vinos-y-cervezas","7":"product_cat-eventos-especiales","8":"desktop-align-left","9":"tablet-align-left","10":"mobile-align-left","12":"first","13":"instock","14":"taxable","15":"shipping-taxable","16":"purchasable","17":"product-type-simple"},"_links":{"self":[{"href":"https:\/\/encinardeljamon.com\/fr\/wp-json\/wp\/v2\/product\/2695","targetHints":{"allow":["GET"]}}],"collection":[{"href":"https:\/\/encinardeljamon.com\/fr\/wp-json\/wp\/v2\/product"}],"about":[{"href":"https:\/\/encinardeljamon.com\/fr\/wp-json\/wp\/v2\/types\/product"}],"replies":[{"embeddable":true,"href":"https:\/\/encinardeljamon.com\/fr\/wp-json\/wp\/v2\/comments?post=2695"}],"wp:featuredmedia":[{"embeddable":true,"href":"https:\/\/encinardeljamon.com\/fr\/wp-json\/wp\/v2\/media\/2696"}],"wp:attachment":[{"href":"https:\/\/encinardeljamon.com\/fr\/wp-json\/wp\/v2\/media?parent=2695"}],"wp:term":[{"taxonomy":"product_brand","embeddable":true,"href":"https:\/\/encinardeljamon.com\/fr\/wp-json\/wp\/v2\/product_brand?post=2695"},{"taxonomy":"product_cat","embeddable":true,"href":"https:\/\/encinardeljamon.com\/fr\/wp-json\/wp\/v2\/product_cat?post=2695"},{"taxonomy":"product_tag","embeddable":true,"href":"https:\/\/encinardeljamon.com\/fr\/wp-json\/wp\/v2\/product_tag?post=2695"},{"taxonomy":"yst_prominent_words","embeddable":true,"href":"https:\/\/encinardeljamon.com\/fr\/wp-json\/wp\/v2\/yst_prominent_words?post=2695"}],"curies":[{"name":"wp","href":"https:\/\/api.w.org\/{rel}","templated":true}]}}