{"id":2692,"date":"2022-10-16T20:59:23","date_gmt":"2022-10-16T20:59:23","guid":{"rendered":"https:\/\/encinardeljamon.com\/?post_type=product&#038;p=2692"},"modified":"2024-04-04T21:39:13","modified_gmt":"2024-04-04T21:39:13","slug":"chouffe-coffee-2-vasos","status":"publish","type":"product","link":"https:\/\/encinardeljamon.com\/fr\/product\/chouffe-coffee-2-vasos\/","title":{"rendered":"Caf\u00e9 Chouffe + 2 tasses"},"content":{"rendered":"<p>Paquet de caf\u00e9 Chouffe<\/p>\n<p>Coffret contenant une bouteille de 70 cl de liqueur Chouffe Coffee et deux verres originaux. Chouffe Coffee est une liqueur de caf\u00e9 \u00e0 base d'eau-de-vie de bi\u00e8re Espirit d'Achouffe - obtenue par distillation de la bi\u00e8re Chouffee -, d'alcool de grain et d'extrait naturel de caf\u00e9. Le r\u00e9sultat est une d\u00e9licieuse liqueur au go\u00fbt de caf\u00e9 qui peut \u00eatre consomm\u00e9e chaude ou froide et \u00e0 laquelle on peut ajouter de la cr\u00e8me. Elle est produite par la brasserie belge Brasserie d'Achouffe en collaboration avec la distillerie Rubbens.<\/p>\n<p>Brasserie d'Achouffe \/ Rubbens<\/p>\n<p>Rubbens est une distillerie fond\u00e9e en 1817 dans la ville de Zele, en Flandre orientale. D'abord entreprise agricole, elle consacre rapidement une partie de ses ressources \u00e0 la distillation de gin de grain et de malt. En 1872, Charles Rubbens investit dans l'agrandissement des installations et consacre encore plus de ressources \u00e0 la distillation. En 2008, la famille Rubbens vend la distillerie \u00e0 Dirk Beck, agriculteur \u00e0 Sint-Gillis-Waas, qui la transf\u00e8re \u00e0 Wichele.<\/p>\n<p>La Brasserie d'Achouffe est une brasserie belge fond\u00e9e \u00e0 la fin des ann\u00e9es 1980 par Pierre Gobron et Chris Bauweraerts avec un budget de seulement 5 000 euros. Peu \u00e0 peu, leurs bi\u00e8res ont gagn\u00e9 en prestige et ils ont d\u00fb augmenter leur production. Aujourd'hui, les bi\u00e8res du gnome \u00e0 la calotte rouge sont connues dans le monde entier. Bien que la Brasserie d'Achouffe appartienne au groupe brassicole belge Duvel Moortgat, ses bi\u00e8res sont toujours brass\u00e9es dans les locaux d'origine, dans les Ardennes belges.<\/p>\n<p>Notes de d\u00e9gustation<\/p>\n<p>Couleur cuivre, ar\u00f4me de cacao et de chocolat avec des notes de vanille et de noix. Douce en bouche avec un soup\u00e7on de chocolat et un arri\u00e8re-go\u00fbt amer. Teneur en alcool : 20 degr\u00e9s.<\/p>","protected":false},"excerpt":{"rendered":"<p>Coffret Chouffe Coffee contenant une bouteille de 70 cl de liqueur Chouffe Coffee et deux verres originaux. Chouffe Coffee est une liqueur de caf\u00e9 \u00e0 base d'eau-de-vie de bi\u00e8re Espirit d'Achouffe - issue de la distillation de la bi\u00e8re Chouffe -, d'alcool de grain et d'extrait naturel de caf\u00e9. Le r\u00e9sultat ...<\/p>\n<p class=\"read-more\"> <a class=\"\" href=\"https:\/\/encinardeljamon.com\/fr\/product\/chouffe-coffee-2-vasos\/\"> <span class=\"screen-reader-text\">Caf\u00e9 Chouffe + 2 tasses<\/span> Lire la suite \"<\/a><\/p>","protected":false},"featured_media":2693,"comment_status":"closed","ping_status":"closed","template":"","meta":{"site-sidebar-layout":"default","site-content-layout":"","ast-site-content-layout":"default","site-content-style":"default","site-sidebar-style":"default","ast-global-header-display":"","ast-banner-title-visibility":"","ast-main-header-display":"","ast-hfb-above-header-display":"","ast-hfb-below-header-display":"","ast-hfb-mobile-header-display":"","site-post-title":"","ast-breadcrumbs-content":"","ast-featured-img":"","footer-sml-layout":"","theme-transparent-header-meta":"default","adv-header-id-meta":"","stick-header-meta":"","header-above-stick-meta":"","header-main-stick-meta":"","header-below-stick-meta":"","astra-migrate-meta-layouts":"set","_joinchat":[]},"product_brand":[],"product_cat":[27,29],"product_tag":[],"yst_prominent_words":[],"class_list":{"0":"post-2692","1":"product","2":"type-product","3":"status-publish","4":"has-post-thumbnail","6":"product_cat-licores-vinos-y-cervezas","7":"product_cat-eventos-especiales","8":"desktop-align-left","9":"tablet-align-left","10":"mobile-align-left","12":"first","13":"instock","14":"taxable","15":"shipping-taxable","16":"purchasable","17":"product-type-simple"},"_links":{"self":[{"href":"https:\/\/encinardeljamon.com\/fr\/wp-json\/wp\/v2\/product\/2692","targetHints":{"allow":["GET"]}}],"collection":[{"href":"https:\/\/encinardeljamon.com\/fr\/wp-json\/wp\/v2\/product"}],"about":[{"href":"https:\/\/encinardeljamon.com\/fr\/wp-json\/wp\/v2\/types\/product"}],"replies":[{"embeddable":true,"href":"https:\/\/encinardeljamon.com\/fr\/wp-json\/wp\/v2\/comments?post=2692"}],"wp:featuredmedia":[{"embeddable":true,"href":"https:\/\/encinardeljamon.com\/fr\/wp-json\/wp\/v2\/media\/2693"}],"wp:attachment":[{"href":"https:\/\/encinardeljamon.com\/fr\/wp-json\/wp\/v2\/media?parent=2692"}],"wp:term":[{"taxonomy":"product_brand","embeddable":true,"href":"https:\/\/encinardeljamon.com\/fr\/wp-json\/wp\/v2\/product_brand?post=2692"},{"taxonomy":"product_cat","embeddable":true,"href":"https:\/\/encinardeljamon.com\/fr\/wp-json\/wp\/v2\/product_cat?post=2692"},{"taxonomy":"product_tag","embeddable":true,"href":"https:\/\/encinardeljamon.com\/fr\/wp-json\/wp\/v2\/product_tag?post=2692"},{"taxonomy":"yst_prominent_words","embeddable":true,"href":"https:\/\/encinardeljamon.com\/fr\/wp-json\/wp\/v2\/yst_prominent_words?post=2692"}],"curies":[{"name":"wp","href":"https:\/\/api.w.org\/{rel}","templated":true}]}}