{"id":2688,"date":"2022-10-16T20:51:47","date_gmt":"2022-10-16T20:51:47","guid":{"rendered":"https:\/\/encinardeljamon.com\/?post_type=product&#038;p=2688"},"modified":"2024-03-24T17:43:05","modified_gmt":"2024-03-24T17:43:05","slug":"iron-maiden-trooper-the-collection-box-2","status":"publish","type":"product","link":"https:\/\/encinardeljamon.com\/fr\/product\/iron-maiden-trooper-the-collection-box-2\/","title":{"rendered":"Iron Maiden Trooper The Collection Box 2"},"content":{"rendered":"<p>Iron Maiden Trooper The Collection Box 2<\/p>\n<p>Coffret collector sp\u00e9cial en \u00e9dition limit\u00e9e contenant douze bi\u00e8res de 33 cl de la gamme Trooper,<br \/>\ninspir\u00e9 par le groupe britannique de heavy metal Iron Maiden.<br \/>\nId\u00e9al comme cadeau de bi\u00e8re pour les fans d'Iron Maiden et les amateurs de British Ale et de bi\u00e8res britanniques.<br \/>\nLa gamme de bi\u00e8res Trooper a \u00e9t\u00e9 cr\u00e9\u00e9e par Bruce Dickinson, le leader d'Iron Maiden, en collaboration avec Martyn Weeks, le ma\u00eetre-brasseur de la brasserie Robinsons Family Brewery.<br \/>\nLe pack contient<\/p>\n<p>- 2 bouteilles de 666 TROOPER LE NOMBRE DE LA B\u00caTE (6,6%)<br \/>\n- 2 bouteilles de TROOPER RED 'N' BLACK (6.8%)<br \/>\n- 2 bouteilles de TROOPER SOLEIL ET ACIER (4,8%)<br \/>\n- 2 bouteilles de TROOPER HALLOWED (6.0%)<br \/>\n- 2 bouteilles de TROOPER FEAR OF THE DARK (4.5%)<br \/>\n- 2 bouteilles de TROOPER IPA (4,3%)<\/p>","protected":false},"excerpt":{"rendered":"<p>Iron Maiden Trooper The Collection Box 2 Coffret collector sp\u00e9cial en \u00e9dition limit\u00e9e contenant douze bi\u00e8res de 33 cl de la gamme Trooper, inspir\u00e9es par le groupe britannique de heavy metal Iron Maiden. Id\u00e9al comme cadeau de bi\u00e8re pour les fans d'Iron Maiden et les amateurs de British Ale et de bi\u00e8res britanniques. ...<\/p>\n<p class=\"read-more\"> <a class=\"\" href=\"https:\/\/encinardeljamon.com\/fr\/product\/iron-maiden-trooper-the-collection-box-2\/\"> <span class=\"screen-reader-text\">Iron Maiden Trooper The Collection Box 2<\/span> Lire la suite \"<\/a><\/p>","protected":false},"featured_media":2689,"comment_status":"closed","ping_status":"closed","template":"","meta":{"site-sidebar-layout":"default","site-content-layout":"","ast-site-content-layout":"default","site-content-style":"default","site-sidebar-style":"default","ast-global-header-display":"","ast-banner-title-visibility":"","ast-main-header-display":"","ast-hfb-above-header-display":"","ast-hfb-below-header-display":"","ast-hfb-mobile-header-display":"","site-post-title":"","ast-breadcrumbs-content":"","ast-featured-img":"","footer-sml-layout":"","theme-transparent-header-meta":"default","adv-header-id-meta":"","stick-header-meta":"","header-above-stick-meta":"","header-main-stick-meta":"","header-below-stick-meta":"","astra-migrate-meta-layouts":"set","_joinchat":[]},"product_brand":[],"product_cat":[27,29],"product_tag":[],"yst_prominent_words":[],"class_list":{"0":"post-2688","1":"product","2":"type-product","3":"status-publish","4":"has-post-thumbnail","6":"product_cat-licores-vinos-y-cervezas","7":"product_cat-eventos-especiales","8":"desktop-align-left","9":"tablet-align-left","10":"mobile-align-left","12":"first","13":"outofstock","14":"taxable","15":"shipping-taxable","16":"purchasable","17":"product-type-simple"},"_links":{"self":[{"href":"https:\/\/encinardeljamon.com\/fr\/wp-json\/wp\/v2\/product\/2688","targetHints":{"allow":["GET"]}}],"collection":[{"href":"https:\/\/encinardeljamon.com\/fr\/wp-json\/wp\/v2\/product"}],"about":[{"href":"https:\/\/encinardeljamon.com\/fr\/wp-json\/wp\/v2\/types\/product"}],"replies":[{"embeddable":true,"href":"https:\/\/encinardeljamon.com\/fr\/wp-json\/wp\/v2\/comments?post=2688"}],"wp:featuredmedia":[{"embeddable":true,"href":"https:\/\/encinardeljamon.com\/fr\/wp-json\/wp\/v2\/media\/2689"}],"wp:attachment":[{"href":"https:\/\/encinardeljamon.com\/fr\/wp-json\/wp\/v2\/media?parent=2688"}],"wp:term":[{"taxonomy":"product_brand","embeddable":true,"href":"https:\/\/encinardeljamon.com\/fr\/wp-json\/wp\/v2\/product_brand?post=2688"},{"taxonomy":"product_cat","embeddable":true,"href":"https:\/\/encinardeljamon.com\/fr\/wp-json\/wp\/v2\/product_cat?post=2688"},{"taxonomy":"product_tag","embeddable":true,"href":"https:\/\/encinardeljamon.com\/fr\/wp-json\/wp\/v2\/product_tag?post=2688"},{"taxonomy":"yst_prominent_words","embeddable":true,"href":"https:\/\/encinardeljamon.com\/fr\/wp-json\/wp\/v2\/yst_prominent_words?post=2688"}],"curies":[{"name":"wp","href":"https:\/\/api.w.org\/{rel}","templated":true}]}}