{"id":2686,"date":"2022-10-16T20:48:27","date_gmt":"2022-10-16T20:48:27","guid":{"rendered":"https:\/\/encinardeljamon.com\/?post_type=product&#038;p=2686"},"modified":"2024-04-04T21:39:40","modified_gmt":"2024-04-04T21:39:40","slug":"karmeliet-1-cerveza-2-vasos","status":"publish","type":"product","link":"https:\/\/encinardeljamon.com\/fr\/product\/karmeliet-1-cerveza-2-vasos\/","title":{"rendered":"Karmeliet 1 bi\u00e8re 2 verres"},"content":{"rendered":"<p>Belgian Beer Pack Tripel Karmeliet 1 bi\u00e8re 2 verres<\/p>\n<p>Ce coffret en bois contient une bouteille de 75 cl de bi\u00e8re Tripel Karmeliet et deux verres originaux de 20 cl sp\u00e9cialement con\u00e7us pour la d\u00e9gustation de la bi\u00e8re.<\/p>\n<p>La Tripel Karmeliet est une bi\u00e8re blonde belge de type Tripel brass\u00e9e avec trois types de c\u00e9r\u00e9ales diff\u00e9rentes : le bl\u00e9, l'avoine et l'orge. L'id\u00e9e de brasser une bi\u00e8re combinant trois c\u00e9r\u00e9ales est n\u00e9e \u00e0 la fin des ann\u00e9es 1990, suite au succ\u00e8s des pains multigrains de l'\u00e9poque. La recette est inspir\u00e9e d'une recette des ann\u00e9es 1680 provenant d'un couvent de carm\u00e9lites \u00e0 Dendermode.<\/p>\n<p>Cette bi\u00e8re a une couleur dor\u00e9e avec une mousse riche et cr\u00e9meuse et pr\u00e9sente des ar\u00f4mes de caramel grill\u00e9, de malt et de fleurs. La bouche est douce et tr\u00e8s \u00e9quilibr\u00e9e, avec un soup\u00e7on de bl\u00e9 et de malt. Finale am\u00e8re. Alcool 8,4%.<br \/>\nBrouwerij Bosteels<\/p>\n<p>Brouwerij Bosteels a \u00e9t\u00e9 fond\u00e9e en 1791 par Jean-Baptist Bosteels et est encore aujourd'hui une entreprise familiale. L'histoire de la famille Bosteels est li\u00e9e \u00e0 la politique, puisque trois Bosteels ont \u00e9t\u00e9 bourgmestres. En 1930, Antoine Bosteels, la cinqui\u00e8me g\u00e9n\u00e9ration, a commenc\u00e9 \u00e0 exporter sa bi\u00e8re \u00e0 Gand, Anvers et Bruxelles. Des ann\u00e9es plus tard, son fils Ivo a relanc\u00e9 l'embl\u00e9matique bi\u00e8re Kwak. Dans les ann\u00e9es 1990, Antoine, le fils d'Ivo, s'est tourn\u00e9 vers le brassage de bi\u00e8res blondes fortes, ce qui a donn\u00e9 naissance \u00e0 la Tripel Karmeliet.<\/p>","protected":false},"excerpt":{"rendered":"<p>Tripel Karmeliet Belgian Beer Pack 1 bi\u00e8re 2 verres Ce coffret en bois contient une bouteille de 75 cl de bi\u00e8re Tripel Karmeliet et deux verres originaux de 20 cl sp\u00e9cialement con\u00e7us pour la d\u00e9gustation de la bi\u00e8re. La Tripel Karmeliet est une bi\u00e8re blonde belge de type Tripel brass\u00e9e avec trois types de c\u00e9r\u00e9ales diff\u00e9rentes : bl\u00e9, farine de bl\u00e9, ...<\/p>\n<p class=\"read-more\"> <a class=\"\" href=\"https:\/\/encinardeljamon.com\/fr\/product\/karmeliet-1-cerveza-2-vasos\/\"> <span class=\"screen-reader-text\">Karmeliet 1 bi\u00e8re 2 verres<\/span> Lire la suite \"<\/a><\/p>","protected":false},"featured_media":2687,"comment_status":"closed","ping_status":"closed","template":"","meta":{"site-sidebar-layout":"default","site-content-layout":"","ast-site-content-layout":"default","site-content-style":"default","site-sidebar-style":"default","ast-global-header-display":"","ast-banner-title-visibility":"","ast-main-header-display":"","ast-hfb-above-header-display":"","ast-hfb-below-header-display":"","ast-hfb-mobile-header-display":"","site-post-title":"","ast-breadcrumbs-content":"","ast-featured-img":"","footer-sml-layout":"","theme-transparent-header-meta":"default","adv-header-id-meta":"","stick-header-meta":"","header-above-stick-meta":"","header-main-stick-meta":"","header-below-stick-meta":"","astra-migrate-meta-layouts":"set","_joinchat":[]},"product_brand":[],"product_cat":[27,29],"product_tag":[],"yst_prominent_words":[],"class_list":{"0":"post-2686","1":"product","2":"type-product","3":"status-publish","4":"has-post-thumbnail","6":"product_cat-licores-vinos-y-cervezas","7":"product_cat-eventos-especiales","8":"desktop-align-left","9":"tablet-align-left","10":"mobile-align-left","12":"first","13":"instock","14":"taxable","15":"shipping-taxable","16":"purchasable","17":"product-type-simple"},"_links":{"self":[{"href":"https:\/\/encinardeljamon.com\/fr\/wp-json\/wp\/v2\/product\/2686","targetHints":{"allow":["GET"]}}],"collection":[{"href":"https:\/\/encinardeljamon.com\/fr\/wp-json\/wp\/v2\/product"}],"about":[{"href":"https:\/\/encinardeljamon.com\/fr\/wp-json\/wp\/v2\/types\/product"}],"replies":[{"embeddable":true,"href":"https:\/\/encinardeljamon.com\/fr\/wp-json\/wp\/v2\/comments?post=2686"}],"wp:featuredmedia":[{"embeddable":true,"href":"https:\/\/encinardeljamon.com\/fr\/wp-json\/wp\/v2\/media\/2687"}],"wp:attachment":[{"href":"https:\/\/encinardeljamon.com\/fr\/wp-json\/wp\/v2\/media?parent=2686"}],"wp:term":[{"taxonomy":"product_brand","embeddable":true,"href":"https:\/\/encinardeljamon.com\/fr\/wp-json\/wp\/v2\/product_brand?post=2686"},{"taxonomy":"product_cat","embeddable":true,"href":"https:\/\/encinardeljamon.com\/fr\/wp-json\/wp\/v2\/product_cat?post=2686"},{"taxonomy":"product_tag","embeddable":true,"href":"https:\/\/encinardeljamon.com\/fr\/wp-json\/wp\/v2\/product_tag?post=2686"},{"taxonomy":"yst_prominent_words","embeddable":true,"href":"https:\/\/encinardeljamon.com\/fr\/wp-json\/wp\/v2\/yst_prominent_words?post=2686"}],"curies":[{"name":"wp","href":"https:\/\/api.w.org\/{rel}","templated":true}]}}