{"id":2684,"date":"2022-10-16T20:45:43","date_gmt":"2022-10-16T20:45:43","guid":{"rendered":"https:\/\/encinardeljamon.com\/?post_type=product&#038;p=2684"},"modified":"2024-03-24T17:48:18","modified_gmt":"2024-03-24T17:48:18","slug":"delirium-tremens-4-cervezas-1-vaso","status":"publish","type":"product","link":"https:\/\/encinardeljamon.com\/fr\/product\/delirium-tremens-4-cervezas-1-vaso\/","title":{"rendered":"Delirium Tremens 4 bi\u00e8res 1 verre"},"content":{"rendered":"<p>Pack Delirium Tremens 4 Bi\u00e8res 1 Verre<\/p>\n<p>Vous cherchez une bi\u00e8re \u00e0 offrir ? Ce coffret de bi\u00e8res Delirium est le cadeau id\u00e9al pour tout amateur de bi\u00e8res belges. Ce coffret contient 4 bouteilles de bi\u00e8re belge Delirium Tremens 33 cl et un verre original sp\u00e9cialement con\u00e7u pour la d\u00e9gustation de cette bi\u00e8re.<\/p>\n<p>La Delirium Tremens est une bi\u00e8re forte belge. Elle est consid\u00e9r\u00e9e comme l'une des meilleures bi\u00e8res artisanales au monde. Elle a \u00e9t\u00e9 cr\u00e9\u00e9e en 1988 pour le compte d'un client italien de Brouwerij Huyghe et a connu un tel succ\u00e8s que la brasserie belge a d\u00e9cid\u00e9 de l'ajouter \u00e0 son catalogue. Elle est brass\u00e9e avec trois souches de levure diff\u00e9rentes et des houblons Styrian Golding et Saaz. Sa bouteille en c\u00e9ramique et l'\u00e9l\u00e9phant rose qui figure sur son \u00e9tiquette sont connus dans le monde entier. Cette Belgian Pale Ale a un aspect l\u00e9g\u00e8rement trouble et une couleur or p\u00e2le avec une mousse fine et persistante. Son ar\u00f4me est alcoolis\u00e9, avec de l\u00e9g\u00e8res notes de malt, d'\u00e9pices et de fruits. Le go\u00fbt est chaud et robuste, avec un soup\u00e7on de malt et de levure. Finale intense et longue. Teneur en alcool : 8,5 degr\u00e9s.<\/p>\n<p>Brouwerij Huyghe<\/p>\n<p>L'histoire de la Brouwerij Huyghe commence lorsque Leon Huyghe commence \u00e0 travailler en 1902 dans une brasserie locale \u00e0 Appelhoek. Outre sa passion pour l'art brassicole, il est mari\u00e9 \u00e0 Delfina Van Doorselaer, la fille d'un brasseur. En 1938, la brasserie prend le nom que nous lui connaissons aujourd'hui. Outre Delirum, Huyghe produit d'autres marques de bi\u00e8re telles que La Guillotine, Mongozo, Averbode, Floris, etc.<\/p>","protected":false},"excerpt":{"rendered":"<p>Pack Delirium Tremens 4 Bi\u00e8res 1 Verre Vous cherchez une bi\u00e8re \u00e0 offrir ? Ce pack de bi\u00e8res Delirium est le cadeau id\u00e9al pour tout amateur de bi\u00e8res belges. Ce coffret contient 4 bouteilles de bi\u00e8re belge Delirium Tremens de 33 cl et un verre original sp\u00e9cialement con\u00e7u pour la d\u00e9gustation de cette bi\u00e8re. Delirium Tremens est une bi\u00e8re ...<\/p>\n<p class=\"read-more\"> <a class=\"\" href=\"https:\/\/encinardeljamon.com\/fr\/product\/delirium-tremens-4-cervezas-1-vaso\/\"> <span class=\"screen-reader-text\">Delirium Tremens 4 bi\u00e8res 1 verre<\/span> Lire la suite \"<\/a><\/p>","protected":false},"featured_media":2685,"comment_status":"closed","ping_status":"closed","template":"","meta":{"site-sidebar-layout":"default","site-content-layout":"default","ast-site-content-layout":"default","site-content-style":"default","site-sidebar-style":"default","ast-global-header-display":"","ast-banner-title-visibility":"","ast-main-header-display":"","ast-hfb-above-header-display":"","ast-hfb-below-header-display":"","ast-hfb-mobile-header-display":"","site-post-title":"","ast-breadcrumbs-content":"","ast-featured-img":"","footer-sml-layout":"","theme-transparent-header-meta":"default","adv-header-id-meta":"","stick-header-meta":"","header-above-stick-meta":"","header-main-stick-meta":"","header-below-stick-meta":"","astra-migrate-meta-layouts":"set","_joinchat":[]},"product_brand":[],"product_cat":[27,29],"product_tag":[],"yst_prominent_words":[],"class_list":{"0":"post-2684","1":"product","2":"type-product","3":"status-publish","4":"has-post-thumbnail","6":"product_cat-licores-vinos-y-cervezas","7":"product_cat-eventos-especiales","8":"desktop-align-left","9":"tablet-align-left","10":"mobile-align-left","12":"first","13":"instock","14":"taxable","15":"shipping-taxable","16":"purchasable","17":"product-type-simple"},"_links":{"self":[{"href":"https:\/\/encinardeljamon.com\/fr\/wp-json\/wp\/v2\/product\/2684","targetHints":{"allow":["GET"]}}],"collection":[{"href":"https:\/\/encinardeljamon.com\/fr\/wp-json\/wp\/v2\/product"}],"about":[{"href":"https:\/\/encinardeljamon.com\/fr\/wp-json\/wp\/v2\/types\/product"}],"replies":[{"embeddable":true,"href":"https:\/\/encinardeljamon.com\/fr\/wp-json\/wp\/v2\/comments?post=2684"}],"wp:featuredmedia":[{"embeddable":true,"href":"https:\/\/encinardeljamon.com\/fr\/wp-json\/wp\/v2\/media\/2685"}],"wp:attachment":[{"href":"https:\/\/encinardeljamon.com\/fr\/wp-json\/wp\/v2\/media?parent=2684"}],"wp:term":[{"taxonomy":"product_brand","embeddable":true,"href":"https:\/\/encinardeljamon.com\/fr\/wp-json\/wp\/v2\/product_brand?post=2684"},{"taxonomy":"product_cat","embeddable":true,"href":"https:\/\/encinardeljamon.com\/fr\/wp-json\/wp\/v2\/product_cat?post=2684"},{"taxonomy":"product_tag","embeddable":true,"href":"https:\/\/encinardeljamon.com\/fr\/wp-json\/wp\/v2\/product_tag?post=2684"},{"taxonomy":"yst_prominent_words","embeddable":true,"href":"https:\/\/encinardeljamon.com\/fr\/wp-json\/wp\/v2\/yst_prominent_words?post=2684"}],"curies":[{"name":"wp","href":"https:\/\/api.w.org\/{rel}","templated":true}]}}