{"id":2682,"date":"2022-10-16T20:41:13","date_gmt":"2022-10-16T20:41:13","guid":{"rendered":"https:\/\/encinardeljamon.com\/?post_type=product&#038;p=2682"},"modified":"2024-03-24T17:50:03","modified_gmt":"2024-03-24T17:50:03","slug":"delirium-tremens-2-cervezas-1-vaso","status":"publish","type":"product","link":"https:\/\/encinardeljamon.com\/fr\/product\/delirium-tremens-2-cervezas-1-vaso\/","title":{"rendered":"Delirium Tremens 2 bi\u00e8res 1 verre"},"content":{"rendered":"<p>Pack 2 Delirium Tremens 75 cl et un verre<\/p>\n<p>Coffret Delirium Tremens contenant deux bouteilles de 75 cl de bi\u00e8re Delirium Tremens et un verre original sp\u00e9cialement con\u00e7u pour la d\u00e9gustation de cette bi\u00e8re.<\/p>\n<p>Delirium Tremens est une bi\u00e8re forte belge bien connue, brass\u00e9e \u00e0 partir de trois types de levures diff\u00e9rentes. Elle a une couleur jaune p\u00e2le avec des reflets dor\u00e9s et une mousse fine et persistante. Son ar\u00f4me pr\u00e9sente des notes malt\u00e9es et \u00e9pic\u00e9es. En bouche, c'est une bi\u00e8re chaude et robuste avec un arri\u00e8re-plan fruit\u00e9 et balsamique. Finale longue, s\u00e8che et am\u00e8re. 8,5% alc\/vol.<\/p>\n<p>Brouwerij Huyghe a \u00e9t\u00e9 fond\u00e9e en 1906, lorsque Leon Huyghe a achet\u00e9 une brasserie dans la ville de Melle. En 1936, un nouveau complexe brassicole a \u00e9t\u00e9 construit et en 1938, la brasserie a pris le nom de PVBA Leon Huyghe. La bi\u00e8re phare de Huyghe, Delirium Tremens, a \u00e9t\u00e9 mise sur le march\u00e9 pour la premi\u00e8re fois le 26 d\u00e9cembre 1988. Cette bi\u00e8re est connue pour sa bouteille en c\u00e9ramique et l'\u00e9l\u00e9phant rose de son logo. Elle a \u00e9galement re\u00e7u de nombreuses r\u00e9compenses au fil des ans lors de festivals et de concours de bi\u00e8re prestigieux.<\/p>","protected":false},"excerpt":{"rendered":"<p>Pack 2 Delirium Tremens 75 cl et un verre Coffret Delirium Tremens contenant deux bouteilles de bi\u00e8re Delirium Tremens 75 cl et un verre original sp\u00e9cialement con\u00e7u pour d\u00e9guster cette bi\u00e8re. Delirium Tremens est une bi\u00e8re de style Belgian Strong Ale bien connue, brass\u00e9e en m\u00e9langeant trois types diff\u00e9rents de Belgian Strong Ale et ...<\/p>\n<p class=\"read-more\"> <a class=\"\" href=\"https:\/\/encinardeljamon.com\/fr\/product\/delirium-tremens-2-cervezas-1-vaso\/\"> <span class=\"screen-reader-text\">Delirium Tremens 2 bi\u00e8res 1 verre<\/span> Lire la suite \"<\/a><\/p>","protected":false},"featured_media":2683,"comment_status":"closed","ping_status":"closed","template":"","meta":{"site-sidebar-layout":"default","site-content-layout":"default","ast-site-content-layout":"default","site-content-style":"default","site-sidebar-style":"default","ast-global-header-display":"","ast-banner-title-visibility":"","ast-main-header-display":"","ast-hfb-above-header-display":"","ast-hfb-below-header-display":"","ast-hfb-mobile-header-display":"","site-post-title":"","ast-breadcrumbs-content":"","ast-featured-img":"","footer-sml-layout":"","theme-transparent-header-meta":"default","adv-header-id-meta":"","stick-header-meta":"","header-above-stick-meta":"","header-main-stick-meta":"","header-below-stick-meta":"","astra-migrate-meta-layouts":"set","_joinchat":[]},"product_brand":[],"product_cat":[27,29],"product_tag":[],"yst_prominent_words":[],"class_list":{"0":"post-2682","1":"product","2":"type-product","3":"status-publish","4":"has-post-thumbnail","6":"product_cat-licores-vinos-y-cervezas","7":"product_cat-eventos-especiales","8":"desktop-align-left","9":"tablet-align-left","10":"mobile-align-left","12":"first","13":"instock","14":"taxable","15":"shipping-taxable","16":"purchasable","17":"product-type-simple"},"_links":{"self":[{"href":"https:\/\/encinardeljamon.com\/fr\/wp-json\/wp\/v2\/product\/2682","targetHints":{"allow":["GET"]}}],"collection":[{"href":"https:\/\/encinardeljamon.com\/fr\/wp-json\/wp\/v2\/product"}],"about":[{"href":"https:\/\/encinardeljamon.com\/fr\/wp-json\/wp\/v2\/types\/product"}],"replies":[{"embeddable":true,"href":"https:\/\/encinardeljamon.com\/fr\/wp-json\/wp\/v2\/comments?post=2682"}],"wp:featuredmedia":[{"embeddable":true,"href":"https:\/\/encinardeljamon.com\/fr\/wp-json\/wp\/v2\/media\/2683"}],"wp:attachment":[{"href":"https:\/\/encinardeljamon.com\/fr\/wp-json\/wp\/v2\/media?parent=2682"}],"wp:term":[{"taxonomy":"product_brand","embeddable":true,"href":"https:\/\/encinardeljamon.com\/fr\/wp-json\/wp\/v2\/product_brand?post=2682"},{"taxonomy":"product_cat","embeddable":true,"href":"https:\/\/encinardeljamon.com\/fr\/wp-json\/wp\/v2\/product_cat?post=2682"},{"taxonomy":"product_tag","embeddable":true,"href":"https:\/\/encinardeljamon.com\/fr\/wp-json\/wp\/v2\/product_tag?post=2682"},{"taxonomy":"yst_prominent_words","embeddable":true,"href":"https:\/\/encinardeljamon.com\/fr\/wp-json\/wp\/v2\/yst_prominent_words?post=2682"}],"curies":[{"name":"wp","href":"https:\/\/api.w.org\/{rel}","templated":true}]}}