{"id":2680,"date":"2022-10-16T20:36:32","date_gmt":"2022-10-16T20:36:32","guid":{"rendered":"https:\/\/encinardeljamon.com\/?post_type=product&#038;p=2680"},"modified":"2024-03-24T17:54:10","modified_gmt":"2024-03-24T17:54:10","slug":"chouffe-4-cervezas-1-vaso-no-pack","status":"publish","type":"product","link":"https:\/\/encinardeljamon.com\/fr\/product\/chouffe-4-cervezas-1-vaso-no-pack\/","title":{"rendered":"Chouffe 4 Bi\u00e8res 1 Verre (NO PACK)"},"content":{"rendered":"<blockquote><p>La Chouffe 4 Bi\u00e8res 1 Verre<\/p>\n<p><span style=\"font-size: 16px;\">contient 4 bouteilles de La Chouffe Blonde 33 cl et un verre original. Les bouteilles et le verre pr\u00e9sentent un design exclusif c\u00e9l\u00e9brant la bi\u00e8re du gnome au chapeau rouge. Dans ce design th\u00e9matique, le gnome Marcel troque son monocycle habituel contre un tambour, dont il joue pour participer \u00e0 la f\u00eate.<\/span><\/p><\/blockquote>\n<p>Le carton de la bo\u00eete est d\u00e9cor\u00e9 de moments importants de l'histoire de la Brasserie d'Achouffe. C'est un cadeau id\u00e9al pour tout amateur de bi\u00e8re belge. En plus de ce coffret, la Brasserie d'Achouffe a \u00e9galement lanc\u00e9 la Chouffe 40, une bi\u00e8re \u00e0 th\u00e8me, sp\u00e9cialement con\u00e7ue pour c\u00e9l\u00e9brer l'anniversaire de la brasserie belge.<\/p>\n<p>La Chouffe Blonde<\/p>\n<p>La Chouffe Blonde est une Belgian Strong Ale de couleur dor\u00e9e, brass\u00e9e par fermentation haute avec une fermentation secondaire en bouteille. Elle n'est pas filtr\u00e9e et pr\u00e9sente donc un aspect trouble caract\u00e9ristique. Cette bi\u00e8re belge a un profil fort, un ar\u00f4me fruit\u00e9 avec des notes de coriandre et un go\u00fbt caract\u00e9ristique, l\u00e9g\u00e8rement fruit\u00e9 et \u00e9pic\u00e9 avec une pointe de houblon. Teneur en alcool : 8 degr\u00e9s.<\/p>\n<p>Brasserie d'Achouffe<\/p>\n<p>La Brasserie d'Achouffe est une brasserie belge situ\u00e9e au c\u0153ur des Ardennes belges. Elle a \u00e9t\u00e9 fond\u00e9e par Pierre Gobron et son beau-fr\u00e8re Chris Bauweraerts, qui ont commenc\u00e9 \u00e0 brasser de la bi\u00e8re en tant que hobby dans les ann\u00e9es 1970. Avec un budget de moins de 5000 euros, ils lancent leur premi\u00e8re bi\u00e8re en 1982 : La Chouffe.<\/p>\n<p>Cette bi\u00e8re a connu un \u00e9norme succ\u00e8s et les bi\u00e8res Chouffe ont progressivement pris une place de plus en plus importante sur la sc\u00e8ne des bi\u00e8res artisanales belges. Fin 2006, le groupe brassicole Duvel Moortgat a rachet\u00e9 la Brasserie d'Achouffe, dont les bi\u00e8res sont aujourd'hui disponibles dans plus de 40 pays.<\/p>","protected":false},"excerpt":{"rendered":"<p>La Chouffe 4 Bi\u00e8res 1 Verre contient 4 bouteilles de La Chouffe Blonde 33 cl et un verre original. Les bouteilles et le verre pr\u00e9sentent un design exclusif c\u00e9l\u00e9brant la bi\u00e8re du gnome \u00e0 la casquette rouge. Dans ce design th\u00e9matique, le gnome Marcel troque son monocycle habituel pour un tambour, dont il joue ...<\/p>\n<p class=\"read-more\"> <a class=\"\" href=\"https:\/\/encinardeljamon.com\/fr\/product\/chouffe-4-cervezas-1-vaso-no-pack\/\"> <span class=\"screen-reader-text\">Chouffe 4 Bi\u00e8res 1 Verre (NO PACK)<\/span> Lire la suite \"<\/a><\/p>","protected":false},"featured_media":2681,"comment_status":"closed","ping_status":"closed","template":"","meta":{"site-sidebar-layout":"default","site-content-layout":"default","ast-site-content-layout":"default","site-content-style":"default","site-sidebar-style":"default","ast-global-header-display":"","ast-banner-title-visibility":"","ast-main-header-display":"","ast-hfb-above-header-display":"","ast-hfb-below-header-display":"","ast-hfb-mobile-header-display":"","site-post-title":"","ast-breadcrumbs-content":"","ast-featured-img":"","footer-sml-layout":"","theme-transparent-header-meta":"default","adv-header-id-meta":"","stick-header-meta":"","header-above-stick-meta":"","header-main-stick-meta":"","header-below-stick-meta":"","astra-migrate-meta-layouts":"set","_joinchat":[]},"product_brand":[],"product_cat":[27,29],"product_tag":[],"yst_prominent_words":[],"class_list":{"0":"post-2680","1":"product","2":"type-product","3":"status-publish","4":"has-post-thumbnail","6":"product_cat-licores-vinos-y-cervezas","7":"product_cat-eventos-especiales","8":"desktop-align-left","9":"tablet-align-left","10":"mobile-align-left","12":"first","13":"instock","14":"taxable","15":"shipping-taxable","16":"purchasable","17":"product-type-simple"},"_links":{"self":[{"href":"https:\/\/encinardeljamon.com\/fr\/wp-json\/wp\/v2\/product\/2680","targetHints":{"allow":["GET"]}}],"collection":[{"href":"https:\/\/encinardeljamon.com\/fr\/wp-json\/wp\/v2\/product"}],"about":[{"href":"https:\/\/encinardeljamon.com\/fr\/wp-json\/wp\/v2\/types\/product"}],"replies":[{"embeddable":true,"href":"https:\/\/encinardeljamon.com\/fr\/wp-json\/wp\/v2\/comments?post=2680"}],"wp:featuredmedia":[{"embeddable":true,"href":"https:\/\/encinardeljamon.com\/fr\/wp-json\/wp\/v2\/media\/2681"}],"wp:attachment":[{"href":"https:\/\/encinardeljamon.com\/fr\/wp-json\/wp\/v2\/media?parent=2680"}],"wp:term":[{"taxonomy":"product_brand","embeddable":true,"href":"https:\/\/encinardeljamon.com\/fr\/wp-json\/wp\/v2\/product_brand?post=2680"},{"taxonomy":"product_cat","embeddable":true,"href":"https:\/\/encinardeljamon.com\/fr\/wp-json\/wp\/v2\/product_cat?post=2680"},{"taxonomy":"product_tag","embeddable":true,"href":"https:\/\/encinardeljamon.com\/fr\/wp-json\/wp\/v2\/product_tag?post=2680"},{"taxonomy":"yst_prominent_words","embeddable":true,"href":"https:\/\/encinardeljamon.com\/fr\/wp-json\/wp\/v2\/yst_prominent_words?post=2680"}],"curies":[{"name":"wp","href":"https:\/\/api.w.org\/{rel}","templated":true}]}}