{"id":1459,"date":"2022-08-01T14:17:05","date_gmt":"2022-08-01T14:17:05","guid":{"rendered":"https:\/\/encinardeljamon.com\/?post_type=product&#038;p=1459"},"modified":"2025-11-07T23:27:04","modified_gmt":"2025-11-07T23:27:04","slug":"paleta-gran-reserva-10-meses-curacion-natural4-5-5-kg-aprox","status":"publish","type":"product","link":"https:\/\/encinardeljamon.com\/fr\/product\/paleta-gran-reserva-10-meses-curacion-natural4-5-5-kg-aprox\/","title":{"rendered":"Paleta Gran Reserva +10 mois de maturation naturelle (4,5-5 kg. approx.)"},"content":{"rendered":"<p>Paleta Gran Reserva +10 mois de maturation naturelle<\/p>\n<p>Jambon d'\u00e9paule Gran Reserva Alpujarra avec plus de 10 mois de maturation naturelle \u00e0 une altitude de 1250 m\u00e8tres dans le parc naturel de Sierra Nevada.<br \/>\nSans additifs ni conservateurs, teneur en sel r\u00e9duite, sans gluten ni lactose.<br \/>\nCertifi\u00e9 par la marque de garantie Alpujarra.<br \/>\nIngr\u00e9dients : Jambon et sel de mer. Origine espagnole<\/p>","protected":false},"excerpt":{"rendered":"<p>Paleta Gran Reserva +10 mois de maturation naturelle Paleta en Gran Reserva Alpujarra avec plus de 10 mois de maturation naturelle \u00e0 1250 m\u00e8tres d'altitude dans le parc naturel de la Sierra Nevada. Sans additifs ni conservateurs, \u00e0 teneur r\u00e9duite en sel, sans gluten ni lactose. Certifi\u00e9 par la marque de garantie Alpujarra. ...<\/p>\n<p class=\"read-more\"> <a class=\"\" href=\"https:\/\/encinardeljamon.com\/fr\/product\/paleta-gran-reserva-10-meses-curacion-natural4-5-5-kg-aprox\/\"> <span class=\"screen-reader-text\">Paleta Gran Reserva +10 mois de maturation naturelle (4,5-5 kg. approx.)<\/span> Lire la suite \"<\/a><\/p>","protected":false},"featured_media":1462,"comment_status":"closed","ping_status":"closed","template":"","meta":{"site-sidebar-layout":"default","site-content-layout":"","ast-site-content-layout":"default","site-content-style":"default","site-sidebar-style":"default","ast-global-header-display":"","ast-banner-title-visibility":"","ast-main-header-display":"","ast-hfb-above-header-display":"","ast-hfb-below-header-display":"","ast-hfb-mobile-header-display":"","site-post-title":"","ast-breadcrumbs-content":"","ast-featured-img":"","footer-sml-layout":"","theme-transparent-header-meta":"default","adv-header-id-meta":"","stick-header-meta":"","header-above-stick-meta":"","header-main-stick-meta":"","header-below-stick-meta":"","astra-migrate-meta-layouts":"set","_joinchat":[]},"product_brand":[],"product_cat":[17],"product_tag":[],"yst_prominent_words":[],"class_list":{"0":"post-1459","1":"product","2":"type-product","3":"status-publish","4":"has-post-thumbnail","6":"product_cat-jamones-y-paletas","7":"desktop-align-left","8":"tablet-align-left","9":"mobile-align-left","11":"first","12":"instock","13":"taxable","14":"shipping-taxable","15":"purchasable","16":"product-type-variable"},"_links":{"self":[{"href":"https:\/\/encinardeljamon.com\/fr\/wp-json\/wp\/v2\/product\/1459","targetHints":{"allow":["GET"]}}],"collection":[{"href":"https:\/\/encinardeljamon.com\/fr\/wp-json\/wp\/v2\/product"}],"about":[{"href":"https:\/\/encinardeljamon.com\/fr\/wp-json\/wp\/v2\/types\/product"}],"replies":[{"embeddable":true,"href":"https:\/\/encinardeljamon.com\/fr\/wp-json\/wp\/v2\/comments?post=1459"}],"wp:featuredmedia":[{"embeddable":true,"href":"https:\/\/encinardeljamon.com\/fr\/wp-json\/wp\/v2\/media\/1462"}],"wp:attachment":[{"href":"https:\/\/encinardeljamon.com\/fr\/wp-json\/wp\/v2\/media?parent=1459"}],"wp:term":[{"taxonomy":"product_brand","embeddable":true,"href":"https:\/\/encinardeljamon.com\/fr\/wp-json\/wp\/v2\/product_brand?post=1459"},{"taxonomy":"product_cat","embeddable":true,"href":"https:\/\/encinardeljamon.com\/fr\/wp-json\/wp\/v2\/product_cat?post=1459"},{"taxonomy":"product_tag","embeddable":true,"href":"https:\/\/encinardeljamon.com\/fr\/wp-json\/wp\/v2\/product_tag?post=1459"},{"taxonomy":"yst_prominent_words","embeddable":true,"href":"https:\/\/encinardeljamon.com\/fr\/wp-json\/wp\/v2\/yst_prominent_words?post=1459"}],"curies":[{"name":"wp","href":"https:\/\/api.w.org\/{rel}","templated":true}]}}