{"id":1441,"date":"2022-08-01T13:57:30","date_gmt":"2022-08-01T13:57:30","guid":{"rendered":"https:\/\/encinardeljamon.com\/?post_type=product&#038;p=1441"},"modified":"2025-11-07T23:32:55","modified_gmt":"2025-11-07T23:32:55","slug":"paleta-bellota-50-24-meses-curacion-natural-45-5-kg-aprox","status":"publish","type":"product","link":"https:\/\/encinardeljamon.com\/fr\/product\/paleta-bellota-50-24-meses-curacion-natural-45-5-kg-aprox\/","title":{"rendered":"Paleta Bellota 50% +24 mois de maturation naturelle (4,5-5 kg environ)"},"content":{"rendered":"<p>Paleta Bellota ib\u00e9rique 50% nourrie au gland + 24 mois de s\u00e9chage naturel<\/p>\n<p>Jambon d'\u00e9paule BELLOTA IB\u00c9RICA 50% ou 75% RAZA IB\u00c9RICA. 100% naturel avec plus de 24 mois de maturation dans le parc naturel de la Sierra Nevada. Sans additifs ni conservateurs, teneur en sel r\u00e9duite, sans gluten ni lactose, porcs \u00e9lev\u00e9s en libert\u00e9 dans les meilleurs p\u00e2turages et nourris aux glands.<br \/>\nCertifi\u00e9 par la norme du jambon ib\u00e9rique R.D.4\/2014<br \/>\nIngr\u00e9dients : Jambon ib\u00e9rique nourri au gland et sel marin. Origine espagnole<\/p>","protected":false},"excerpt":{"rendered":"<p>Paleta BELLOTA IB\u00c9RICA 50% Ib\u00e9rica +24 mois de maturation naturelle Paleta sur patte BELLOTA IB\u00c9RICA 50% ou 75% RAZA IB\u00c9RICA. 100% naturel avec plus de 24 mois de maturation dans le parc naturel de la Sierra Nevada. Sans additifs ni conservateurs, \u00e0 teneur r\u00e9duite en sel, sans gluten ni lactose, avec des porcs \u00e9lev\u00e9s en libert\u00e9 dans les meilleurs p\u00e2turages et dans ...<\/p>\n<p class=\"read-more\"> <a class=\"\" href=\"https:\/\/encinardeljamon.com\/fr\/product\/paleta-bellota-50-24-meses-curacion-natural-45-5-kg-aprox\/\"> <span class=\"screen-reader-text\">Paleta Bellota 50% +24 mois de maturation naturelle (4,5-5 kg environ)<\/span> Lire la suite \"<\/a><\/p>","protected":false},"featured_media":1446,"comment_status":"closed","ping_status":"closed","template":"","meta":{"site-sidebar-layout":"default","site-content-layout":"","ast-site-content-layout":"default","site-content-style":"default","site-sidebar-style":"default","ast-global-header-display":"","ast-banner-title-visibility":"","ast-main-header-display":"","ast-hfb-above-header-display":"","ast-hfb-below-header-display":"","ast-hfb-mobile-header-display":"","site-post-title":"","ast-breadcrumbs-content":"","ast-featured-img":"","footer-sml-layout":"","theme-transparent-header-meta":"default","adv-header-id-meta":"","stick-header-meta":"","header-above-stick-meta":"","header-main-stick-meta":"","header-below-stick-meta":"","astra-migrate-meta-layouts":"set","_joinchat":[]},"product_brand":[],"product_cat":[17],"product_tag":[],"yst_prominent_words":[],"class_list":{"0":"post-1441","1":"product","2":"type-product","3":"status-publish","4":"has-post-thumbnail","6":"product_cat-jamones-y-paletas","7":"desktop-align-left","8":"tablet-align-left","9":"mobile-align-left","11":"first","12":"instock","13":"taxable","14":"shipping-taxable","15":"purchasable","16":"product-type-variable"},"_links":{"self":[{"href":"https:\/\/encinardeljamon.com\/fr\/wp-json\/wp\/v2\/product\/1441","targetHints":{"allow":["GET"]}}],"collection":[{"href":"https:\/\/encinardeljamon.com\/fr\/wp-json\/wp\/v2\/product"}],"about":[{"href":"https:\/\/encinardeljamon.com\/fr\/wp-json\/wp\/v2\/types\/product"}],"replies":[{"embeddable":true,"href":"https:\/\/encinardeljamon.com\/fr\/wp-json\/wp\/v2\/comments?post=1441"}],"wp:featuredmedia":[{"embeddable":true,"href":"https:\/\/encinardeljamon.com\/fr\/wp-json\/wp\/v2\/media\/1446"}],"wp:attachment":[{"href":"https:\/\/encinardeljamon.com\/fr\/wp-json\/wp\/v2\/media?parent=1441"}],"wp:term":[{"taxonomy":"product_brand","embeddable":true,"href":"https:\/\/encinardeljamon.com\/fr\/wp-json\/wp\/v2\/product_brand?post=1441"},{"taxonomy":"product_cat","embeddable":true,"href":"https:\/\/encinardeljamon.com\/fr\/wp-json\/wp\/v2\/product_cat?post=1441"},{"taxonomy":"product_tag","embeddable":true,"href":"https:\/\/encinardeljamon.com\/fr\/wp-json\/wp\/v2\/product_tag?post=1441"},{"taxonomy":"yst_prominent_words","embeddable":true,"href":"https:\/\/encinardeljamon.com\/fr\/wp-json\/wp\/v2\/yst_prominent_words?post=1441"}],"curies":[{"name":"wp","href":"https:\/\/api.w.org\/{rel}","templated":true}]}}