{"id":1435,"date":"2022-08-01T12:06:43","date_gmt":"2022-08-01T12:06:43","guid":{"rendered":"https:\/\/encinardeljamon.com\/?post_type=product&#038;p=1435"},"modified":"2025-10-04T18:11:10","modified_gmt":"2025-10-04T18:11:10","slug":"paletilla-gran-reserva45-a-5-kg-aprox","status":"publish","type":"product","link":"https:\/\/encinardeljamon.com\/fr\/product\/paletilla-gran-reserva45-a-5-kg-aprox\/","title":{"rendered":"Paletilla Gran Reserva(4,5 a 5 kg aprox)"},"content":{"rendered":"<h1 style=\"text-align: center;\"><\/h1>\n<blockquote>\n<ol>\n<li>PALETA cruce k cerdo blanco Duroc con peso de 4,5 a 5 kilos\u00a0 aprox.<\/li>\n<\/ol>\n<\/blockquote>\n<p>Patte avant (\u00e9paule), provenant de porcs ayant subi un processus de salage, de s\u00e9chage et de maturation, avec une dur\u00e9e minimale de maturation comme indiqu\u00e9 dans le tableau.<br \/>\nProduit<br \/>\nTemps de cicatrisation min.<br \/>\nIngr\u00e9dients<br \/>\nFormats des produits<br \/>\nPartie<br \/>\nCoupe au couteau<br \/>\nD\u00e9sossage<\/p>\n<p>Palette<br \/>\n365 jours<br \/>\nEpaule de porc (98%), sel (1,97%), r\u00e9gulateur d'acidit\u00e9 E-331iii, conservateurs E-252 (0,015%) et E-250 (0,0099%).<\/p>\n<p>Allerg\u00e8nes : Ne contient aucun ingr\u00e9dient, tel que sp\u00e9cifi\u00e9 dans l'ANNEXE II du r\u00e8glement 1169\/2011, susceptible de provoquer des allergies ou des intol\u00e9rances.<br \/>\nPropri\u00e9t\u00e9s nutritionnelles :<\/p>\n<p>Palette<br \/>\nValeur \u00e9nerg\u00e9tique<br \/>\nKJ : 1267 Kcal : 303<br \/>\nKJ : 1267 Kcal : 303<br \/>\nGraisses<br \/>\n19,2<br \/>\n19,2<br \/>\ng\/100g<br \/>\nDont :<br \/>\nAcides gras satur\u00e9s 7,81 7,81 g\/100g<br \/>\nGlucides 0,1 0,1 g\/100g<br \/>\nDont :<br \/>\nSucres<br \/>\n0<br \/>\n0<br \/>\ng\/100g<br \/>\nFibres alimentaires.<br \/>\n0<br \/>\n0<br \/>\ng\/100g<br \/>\nProt\u00e9ines<br \/>\n32,3<br \/>\n32,3<br \/>\ng\/100g<br \/>\nSel<br \/>\n4,85<br \/>\n4,85<br \/>\ng\/100g<br \/>\nSource : base de donn\u00e9es BEDCA<br \/>\nCaract\u00e9ristiques organoleptiques :<br \/>\nMicrobiologique : physico-chimique :<br \/>\nCouleur<br \/>\nTypique du jambon cru. Avec un filet de graisse blanc nacr\u00e9.<br \/>\nAroma<br \/>\nAgr\u00e9able et caract\u00e9ristique<br \/>\nGo\u00fbter<br \/>\nViande s\u00e9ch\u00e9e l\u00e9g\u00e8rement sal\u00e9e<br \/>\nTexture<br \/>\nHomog\u00e8ne<\/p>\n<p>Fiche technique Date:20\/03\/2023-Rev:6<br \/>\nTenir cette fiche \u00e0 jour en permanence<br \/>\nEscherichia coli<br \/>\n1 x 102 ufc\/g<br \/>\nSalmonelle<br \/>\nAbsence \/ 25 g<br \/>\nListeria monocytogenes<br \/>\nAbsence \/ 25 g<\/p>","protected":false},"excerpt":{"rendered":"<p>PALETA cruce k cerdo blanco Duroc con peso de 4,5 a 5 kilos\u00a0 aprox. Extremidad anterior (Paleta), procedentes de cerdos, sometidos a un proceso de salaz\u00f3n, secado y madurado, con un tiempo m\u00ednimo de curaci\u00f3n seg\u00fan se indica en la tabla. Producto Tiempo m\u00edn. de curaci\u00f3n Ingredientes Formatos de productos Pieza Corte a cuchillo Deshuesado &hellip;<\/p>\n<p class=\"read-more\"> <a class=\"\" href=\"https:\/\/encinardeljamon.com\/fr\/product\/paletilla-gran-reserva45-a-5-kg-aprox\/\"> <span class=\"screen-reader-text\">Paletilla Gran Reserva(4,5 a 5 kg aprox)<\/span> Lire la suite \"<\/a><\/p>","protected":false},"featured_media":3160,"comment_status":"closed","ping_status":"closed","template":"","meta":{"site-sidebar-layout":"default","site-content-layout":"","ast-site-content-layout":"default","site-content-style":"default","site-sidebar-style":"default","ast-global-header-display":"","ast-banner-title-visibility":"","ast-main-header-display":"","ast-hfb-above-header-display":"","ast-hfb-below-header-display":"","ast-hfb-mobile-header-display":"","site-post-title":"","ast-breadcrumbs-content":"","ast-featured-img":"","footer-sml-layout":"","theme-transparent-header-meta":"default","adv-header-id-meta":"","stick-header-meta":"","header-above-stick-meta":"","header-main-stick-meta":"","header-below-stick-meta":"","astra-migrate-meta-layouts":"set","_joinchat":[]},"product_brand":[],"product_cat":[17,39],"product_tag":[],"yst_prominent_words":[],"class_list":{"0":"post-1435","1":"product","2":"type-product","3":"status-publish","4":"has-post-thumbnail","6":"product_cat-jamones-y-paletas","7":"product_cat-ofertas-y-novedades","8":"desktop-align-left","9":"tablet-align-left","10":"mobile-align-left","12":"first","13":"instock","14":"sale","15":"taxable","16":"shipping-taxable","17":"purchasable","18":"product-type-variable"},"_links":{"self":[{"href":"https:\/\/encinardeljamon.com\/fr\/wp-json\/wp\/v2\/product\/1435","targetHints":{"allow":["GET"]}}],"collection":[{"href":"https:\/\/encinardeljamon.com\/fr\/wp-json\/wp\/v2\/product"}],"about":[{"href":"https:\/\/encinardeljamon.com\/fr\/wp-json\/wp\/v2\/types\/product"}],"replies":[{"embeddable":true,"href":"https:\/\/encinardeljamon.com\/fr\/wp-json\/wp\/v2\/comments?post=1435"}],"wp:featuredmedia":[{"embeddable":true,"href":"https:\/\/encinardeljamon.com\/fr\/wp-json\/wp\/v2\/media\/3160"}],"wp:attachment":[{"href":"https:\/\/encinardeljamon.com\/fr\/wp-json\/wp\/v2\/media?parent=1435"}],"wp:term":[{"taxonomy":"product_brand","embeddable":true,"href":"https:\/\/encinardeljamon.com\/fr\/wp-json\/wp\/v2\/product_brand?post=1435"},{"taxonomy":"product_cat","embeddable":true,"href":"https:\/\/encinardeljamon.com\/fr\/wp-json\/wp\/v2\/product_cat?post=1435"},{"taxonomy":"product_tag","embeddable":true,"href":"https:\/\/encinardeljamon.com\/fr\/wp-json\/wp\/v2\/product_tag?post=1435"},{"taxonomy":"yst_prominent_words","embeddable":true,"href":"https:\/\/encinardeljamon.com\/fr\/wp-json\/wp\/v2\/yst_prominent_words?post=1435"}],"curies":[{"name":"wp","href":"https:\/\/api.w.org\/{rel}","templated":true}]}}