{"id":1315,"date":"2022-08-01T07:53:03","date_gmt":"2022-08-01T07:53:03","guid":{"rendered":"https:\/\/encinardeljamon.com\/?post_type=product&#038;p=1315"},"modified":"2026-02-14T10:05:53","modified_gmt":"2026-02-14T10:05:53","slug":"jamon-gran-reserva-18-meses-curacion-8kg-aprox","status":"publish","type":"product","link":"https:\/\/encinardeljamon.com\/fr\/product\/jamon-gran-reserva-18-meses-curacion-8kg-aprox\/","title":{"rendered":"Jam\u00f3n Gran Reserva +18 meses curaci\u00f3n (8Kg. Aprox.)"},"content":{"rendered":"<p>Jambon Gran Reserva avec plus de 18 mois d'affinage, pi\u00e8ces d'environ 7 kg. Comme le jambon de r\u00e9serve, ce jambon est sal\u00e9 dans notre s\u00e9choir et ensuite affin\u00e9 de mani\u00e8re naturelle.<\/p>\n<p>Le seul ingr\u00e9dient est le sel et en faible teneur en sel. Plusieurs couches de saindoux et d'huile assurent un s\u00e9chage aussi homog\u00e8ne que possible. Et le reste du travail est fait par le merveilleux climat et l'air de notre Sierra.<\/p>\n<p>Depuis 2006, ce produit est reconnu comme un produit artisanal de la marque Parc Naturel d'Andalousie. Cette reconnaissance est accord\u00e9e aux produits fabriqu\u00e9s dans nos parcs naturels. Dans ce cas, le parc naturel de la Sierra Nevada.<\/p>","protected":false},"excerpt":{"rendered":"<p>Jambon Gran Reserva avec plus de 18 mois d'affinage, pi\u00e8ces d'environ 7 kg. Comme le jambon de r\u00e9serve, ce jambon est sal\u00e9 dans notre s\u00e9choir et nous proc\u00e9dons ensuite au processus d'affinage naturel. Le seul ingr\u00e9dient est le sel et \u00e0 faible teneur en sel. Plusieurs couches de saindoux et d'huile, permettent au jambon de ...<\/p>\n<p class=\"read-more\"> <a class=\"\" href=\"https:\/\/encinardeljamon.com\/fr\/product\/jamon-gran-reserva-18-meses-curacion-8kg-aprox\/\"> <span class=\"screen-reader-text\">Jam\u00f3n Gran Reserva +18 meses curaci\u00f3n (8Kg. Aprox.)<\/span> Lire la suite \"<\/a><\/p>","protected":false},"featured_media":1316,"comment_status":"closed","ping_status":"closed","template":"","meta":{"site-sidebar-layout":"default","site-content-layout":"","ast-site-content-layout":"default","site-content-style":"default","site-sidebar-style":"default","ast-global-header-display":"","ast-banner-title-visibility":"","ast-main-header-display":"","ast-hfb-above-header-display":"","ast-hfb-below-header-display":"","ast-hfb-mobile-header-display":"","site-post-title":"","ast-breadcrumbs-content":"","ast-featured-img":"","footer-sml-layout":"","theme-transparent-header-meta":"default","adv-header-id-meta":"","stick-header-meta":"","header-above-stick-meta":"","header-main-stick-meta":"","header-below-stick-meta":"","astra-migrate-meta-layouts":"set","_joinchat":[]},"product_brand":[],"product_cat":[17],"product_tag":[],"yst_prominent_words":[],"class_list":{"0":"post-1315","1":"product","2":"type-product","3":"status-publish","4":"has-post-thumbnail","6":"product_cat-jamones-y-paletas","7":"desktop-align-left","8":"tablet-align-left","9":"mobile-align-left","11":"first","12":"instock","13":"taxable","14":"shipping-taxable","15":"purchasable","16":"product-type-variable"},"_links":{"self":[{"href":"https:\/\/encinardeljamon.com\/fr\/wp-json\/wp\/v2\/product\/1315","targetHints":{"allow":["GET"]}}],"collection":[{"href":"https:\/\/encinardeljamon.com\/fr\/wp-json\/wp\/v2\/product"}],"about":[{"href":"https:\/\/encinardeljamon.com\/fr\/wp-json\/wp\/v2\/types\/product"}],"replies":[{"embeddable":true,"href":"https:\/\/encinardeljamon.com\/fr\/wp-json\/wp\/v2\/comments?post=1315"}],"wp:featuredmedia":[{"embeddable":true,"href":"https:\/\/encinardeljamon.com\/fr\/wp-json\/wp\/v2\/media\/1316"}],"wp:attachment":[{"href":"https:\/\/encinardeljamon.com\/fr\/wp-json\/wp\/v2\/media?parent=1315"}],"wp:term":[{"taxonomy":"product_brand","embeddable":true,"href":"https:\/\/encinardeljamon.com\/fr\/wp-json\/wp\/v2\/product_brand?post=1315"},{"taxonomy":"product_cat","embeddable":true,"href":"https:\/\/encinardeljamon.com\/fr\/wp-json\/wp\/v2\/product_cat?post=1315"},{"taxonomy":"product_tag","embeddable":true,"href":"https:\/\/encinardeljamon.com\/fr\/wp-json\/wp\/v2\/product_tag?post=1315"},{"taxonomy":"yst_prominent_words","embeddable":true,"href":"https:\/\/encinardeljamon.com\/fr\/wp-json\/wp\/v2\/yst_prominent_words?post=1315"}],"curies":[{"name":"wp","href":"https:\/\/api.w.org\/{rel}","templated":true}]}}