{"id":4752,"date":"2025-02-08T20:07:40","date_gmt":"2025-02-08T20:07:40","guid":{"rendered":"https:\/\/encinardeljamon.com\/?post_type=product&#038;p=4752"},"modified":"2025-03-10T10:42:21","modified_gmt":"2025-03-10T10:42:21","slug":"licor-naranja-arancello-federica","status":"publish","type":"product","link":"https:\/\/encinardeljamon.com\/es\/product\/licor-naranja-arancello-federica\/","title":{"rendered":"Licor Naranja Arancello Federica"},"content":{"rendered":"<h5>INGREDIENTES:<\/h5>\n<p class=\"p1\">Alcohol, extracto natural de naranjas, az\u00facar de ca\u00f1a.<\/p>\n<h5>C\u00d3MO TOMAR:<\/h5>\n<p class=\"p1\">Perfecto para c\u00f3cteles. Servir del frigor\u00edfico seco o con hielo entre 4\u00b0 y 6\u00b0C.<\/p>\n<h5>NOTAS DE CATA:<\/h5>\n<p class=\"p1\">Su presencia es atractiva de un marcado color naranja cristalino. Olfativamente destaca el aroma de naranja con recuerdos tostados, en boca se nota su sedosidad y equilibrio entre el dulce de los aromas a caramelo y el \u00e1cido del c\u00edtrico. En boca es sabroso, largo y fresco.<\/p>\n<h5>CARACTER\u00cdSTICAS:<\/h5>\n<p class=\"p1\">Producto artesanal no filtrado para para preservar las caracter\u00edsticas organol\u00e9pticas del licor. Bajo nivel de az\u00facar.<\/p>\n<h5>ELABORADO POR:<\/h5>\n<p>RS 30.10913\/V<\/p>\n","protected":false},"excerpt":{"rendered":"<p>Federica es el arancello de Val\u00e8ncia, la tierra de las mejores naranjas del mundo.<br \/>\nUn sabroso licor hecho con ingredientes naturales que siempre dibujar\u00e1 en tu cara una sonrisa optimista y de alegr\u00eda<\/p>\n","protected":false},"featured_media":4756,"comment_status":"closed","ping_status":"closed","template":"","meta":{"site-sidebar-layout":"default","site-content-layout":"","ast-site-content-layout":"default","site-content-style":"default","site-sidebar-style":"default","ast-global-header-display":"","ast-banner-title-visibility":"","ast-main-header-display":"","ast-hfb-above-header-display":"","ast-hfb-below-header-display":"","ast-hfb-mobile-header-display":"","site-post-title":"","ast-breadcrumbs-content":"","ast-featured-img":"","footer-sml-layout":"","theme-transparent-header-meta":"default","adv-header-id-meta":"","stick-header-meta":"","header-above-stick-meta":"","header-main-stick-meta":"","header-below-stick-meta":"","astra-migrate-meta-layouts":"set","_joinchat":[]},"product_brand":[],"product_cat":[27,39],"product_tag":[],"yst_prominent_words":[],"class_list":{"0":"post-4752","1":"product","2":"type-product","3":"status-publish","4":"has-post-thumbnail","6":"product_cat-licores-vinos-y-cervezas","7":"product_cat-ofertas-y-novedades","8":"desktop-align-left","9":"tablet-align-left","10":"mobile-align-left","12":"first","13":"instock","14":"taxable","15":"shipping-taxable","16":"purchasable","17":"product-type-variable"},"_links":{"self":[{"href":"https:\/\/encinardeljamon.com\/es\/wp-json\/wp\/v2\/product\/4752","targetHints":{"allow":["GET"]}}],"collection":[{"href":"https:\/\/encinardeljamon.com\/es\/wp-json\/wp\/v2\/product"}],"about":[{"href":"https:\/\/encinardeljamon.com\/es\/wp-json\/wp\/v2\/types\/product"}],"replies":[{"embeddable":true,"href":"https:\/\/encinardeljamon.com\/es\/wp-json\/wp\/v2\/comments?post=4752"}],"wp:featuredmedia":[{"embeddable":true,"href":"https:\/\/encinardeljamon.com\/es\/wp-json\/wp\/v2\/media\/4756"}],"wp:attachment":[{"href":"https:\/\/encinardeljamon.com\/es\/wp-json\/wp\/v2\/media?parent=4752"}],"wp:term":[{"taxonomy":"product_brand","embeddable":true,"href":"https:\/\/encinardeljamon.com\/es\/wp-json\/wp\/v2\/product_brand?post=4752"},{"taxonomy":"product_cat","embeddable":true,"href":"https:\/\/encinardeljamon.com\/es\/wp-json\/wp\/v2\/product_cat?post=4752"},{"taxonomy":"product_tag","embeddable":true,"href":"https:\/\/encinardeljamon.com\/es\/wp-json\/wp\/v2\/product_tag?post=4752"},{"taxonomy":"yst_prominent_words","embeddable":true,"href":"https:\/\/encinardeljamon.com\/es\/wp-json\/wp\/v2\/yst_prominent_words?post=4752"}],"curies":[{"name":"wp","href":"https:\/\/api.w.org\/{rel}","templated":true}]}}