{"id":3557,"date":"2024-11-10T20:07:37","date_gmt":"2024-11-10T20:07:37","guid":{"rendered":"https:\/\/encinardeljamon.com\/?post_type=product&#038;p=3557"},"modified":"2025-04-12T10:57:43","modified_gmt":"2025-04-12T10:57:43","slug":"pack-torta-del-casar-dop","status":"publish","type":"product","link":"https:\/\/encinardeljamon.com\/es\/product\/pack-torta-del-casar-dop\/","title":{"rendered":"Pack Torta del Casar DOP"},"content":{"rendered":"<p>La Torta del Casar es un queso natural, elaborado mediante m\u00e9todos tradicionales a base de leche cruda de oveja procedente de ganader\u00edas controladas, cuajo vegetal y sal.<\/p>\n<p>El uso de este cuajo vegetal extra\u00eddo del cardo Cynara Cardunculus\u00a0junto con el saber de los maestros queseros, genera durante el proceso de maduraci\u00f3n una intensa prote\u00f3lisis cuando la corteza a\u00fan no est\u00e1 plenamente formada, lo que hace que los quesos no soporten su propio peso, tendiendo a aplastarse y a abombarse por los lados, y adquiriendo una forma at\u00edpica que a los queseros del Casar de C\u00e1ceres les recordaba una \u201ctorta de pan\u201d, de donde deriva el nombre Torta del Casar.<\/p>\n","protected":false},"excerpt":{"rendered":"<div class=\"text-break\">\n<p>Pack especial que contiene tres de los productos m\u00e1s demandados de nuestro cat\u00e1logo.<br \/>\nIncluye una Torta del Casar D.O.P de 400 gr, Torta del Casar D.O.P.\u00a0de 250gr y una tarrina de Crema de Torta del Casar D.O.P. de 100 gr.<\/p>\n<p>Todo ello en una caja premium, resistente al frio y muy agradable a la vista.<\/p>\n<p>El regalo perfecto como presente de cortes\u00eda o para los paladares m\u00e1s queseros.<\/p>\n<\/div>\n","protected":false},"featured_media":3558,"comment_status":"closed","ping_status":"closed","template":"","meta":{"site-sidebar-layout":"default","site-content-layout":"","ast-site-content-layout":"default","site-content-style":"default","site-sidebar-style":"default","ast-global-header-display":"","ast-banner-title-visibility":"","ast-main-header-display":"","ast-hfb-above-header-display":"","ast-hfb-below-header-display":"","ast-hfb-mobile-header-display":"","site-post-title":"","ast-breadcrumbs-content":"","ast-featured-img":"","footer-sml-layout":"","theme-transparent-header-meta":"default","adv-header-id-meta":"","stick-header-meta":"","header-above-stick-meta":"","header-main-stick-meta":"","header-below-stick-meta":"","astra-migrate-meta-layouts":"set","_joinchat":[]},"product_brand":[],"product_cat":[20,28],"product_tag":[],"yst_prominent_words":[],"class_list":{"0":"post-3557","1":"product","2":"type-product","3":"status-publish","4":"has-post-thumbnail","6":"product_cat-aceites-quesos-y-embutidos","7":"product_cat-lotes-para-regalar","8":"desktop-align-left","9":"tablet-align-left","10":"mobile-align-left","12":"first","13":"instock","14":"taxable","15":"shipping-taxable","16":"purchasable","17":"product-type-simple"},"_links":{"self":[{"href":"https:\/\/encinardeljamon.com\/es\/wp-json\/wp\/v2\/product\/3557","targetHints":{"allow":["GET"]}}],"collection":[{"href":"https:\/\/encinardeljamon.com\/es\/wp-json\/wp\/v2\/product"}],"about":[{"href":"https:\/\/encinardeljamon.com\/es\/wp-json\/wp\/v2\/types\/product"}],"replies":[{"embeddable":true,"href":"https:\/\/encinardeljamon.com\/es\/wp-json\/wp\/v2\/comments?post=3557"}],"wp:featuredmedia":[{"embeddable":true,"href":"https:\/\/encinardeljamon.com\/es\/wp-json\/wp\/v2\/media\/3558"}],"wp:attachment":[{"href":"https:\/\/encinardeljamon.com\/es\/wp-json\/wp\/v2\/media?parent=3557"}],"wp:term":[{"taxonomy":"product_brand","embeddable":true,"href":"https:\/\/encinardeljamon.com\/es\/wp-json\/wp\/v2\/product_brand?post=3557"},{"taxonomy":"product_cat","embeddable":true,"href":"https:\/\/encinardeljamon.com\/es\/wp-json\/wp\/v2\/product_cat?post=3557"},{"taxonomy":"product_tag","embeddable":true,"href":"https:\/\/encinardeljamon.com\/es\/wp-json\/wp\/v2\/product_tag?post=3557"},{"taxonomy":"yst_prominent_words","embeddable":true,"href":"https:\/\/encinardeljamon.com\/es\/wp-json\/wp\/v2\/yst_prominent_words?post=3557"}],"curies":[{"name":"wp","href":"https:\/\/api.w.org\/{rel}","templated":true}]}}