{"id":3546,"date":"2024-11-10T19:13:12","date_gmt":"2024-11-10T19:13:12","guid":{"rendered":"https:\/\/encinardeljamon.com\/?post_type=product&#038;p=3546"},"modified":"2025-04-12T10:53:14","modified_gmt":"2025-04-12T10:53:14","slug":"cremoso-de-oveja-extremeno-620gr","status":"publish","type":"product","link":"https:\/\/encinardeljamon.com\/es\/product\/cremoso-de-oveja-extremeno-620gr\/","title":{"rendered":"Cremoso de Oveja Extreme\u00f1o 620gr"},"content":{"rendered":"<div class=\"container\">\n<div class=\"row\">\n<div class=\"col my-5 text-break\">\n<p>Para su elaboraci\u00f3n, de forma artesana, con productos 100% naturales, se emplea el mismo proceso de elaboraci\u00f3n que la Torta del Casar, pero con una maduraci\u00f3n superior al tiempo de \u00e9sta.<\/p>\n<p>De textura suave y untuosa en boca; aspecto color blanco marfil y aroma delicado.<\/p>\n<h2>Sugerencias de consumo<\/h2>\n<ul>\n<li>Comb\u00ednalo con frutas frescas como las uvas, los higos o los frutos rojos.<\/li>\n<li>Acomp\u00e1\u00f1alo tambi\u00e9n con cualquier clase de frutos secos.<\/li>\n<li>Atr\u00e9vete a maridarlo con destilados, como el brandy.<\/li>\n<\/ul>\n<\/div>\n<\/div>\n<\/div>\n<div class=\"container\">\n<div class=\"row justify-content-center mt-5 mb-0 mb-md-5 listado-productos\">\n<div class=\"col-12 col-md-6 col-lg-3  mb-5 \">\n<div class=\"card border-0 bg-white rounded-0 text-center\"><\/div>\n<\/div>\n<\/div>\n<\/div>\n","protected":false},"excerpt":{"rendered":"<p class=\"h2 fw-bold mb-4\"><span style=\"font-size: 16px;\">Queso de corteza ligera y fina, semidura, su principal caracter\u00edstica es su\u00a0<\/span><em style=\"font-size: 16px;\">textura altamente cremosa<\/em><span style=\"font-size: 16px;\">, que hace que en determinados momentos de la maduraci\u00f3n debe ser vendado para evitar que la pasta, de color entre blanco y marfil, se derrama\u00a0a trav\u00e9s de las grietas de la aun blanda corteza. Con aromas l\u00e1cticos y vegetales, y un gusto intenso y desarrollado, resulta fundente al paladar, muy poco salado y ligeramente amargo, esta caracter\u00edstica se debe al uso de cuajo vegetal.<\/span><\/p>\n<div class=\"text-break\">\n<p>Formato de 620gr. aprox.<\/p>\n<\/div>\n","protected":false},"featured_media":3547,"comment_status":"closed","ping_status":"closed","template":"","meta":{"site-sidebar-layout":"default","site-content-layout":"","ast-site-content-layout":"default","site-content-style":"default","site-sidebar-style":"default","ast-global-header-display":"","ast-banner-title-visibility":"","ast-main-header-display":"","ast-hfb-above-header-display":"","ast-hfb-below-header-display":"","ast-hfb-mobile-header-display":"","site-post-title":"","ast-breadcrumbs-content":"","ast-featured-img":"","footer-sml-layout":"","theme-transparent-header-meta":"default","adv-header-id-meta":"","stick-header-meta":"","header-above-stick-meta":"","header-main-stick-meta":"","header-below-stick-meta":"","astra-migrate-meta-layouts":"set","_joinchat":[]},"product_brand":[],"product_cat":[20,39],"product_tag":[],"yst_prominent_words":[],"class_list":{"0":"post-3546","1":"product","2":"type-product","3":"status-publish","4":"has-post-thumbnail","6":"product_cat-aceites-quesos-y-embutidos","7":"product_cat-ofertas-y-novedades","8":"desktop-align-left","9":"tablet-align-left","10":"mobile-align-left","12":"first","13":"instock","14":"taxable","15":"shipping-taxable","16":"purchasable","17":"product-type-simple"},"_links":{"self":[{"href":"https:\/\/encinardeljamon.com\/es\/wp-json\/wp\/v2\/product\/3546","targetHints":{"allow":["GET"]}}],"collection":[{"href":"https:\/\/encinardeljamon.com\/es\/wp-json\/wp\/v2\/product"}],"about":[{"href":"https:\/\/encinardeljamon.com\/es\/wp-json\/wp\/v2\/types\/product"}],"replies":[{"embeddable":true,"href":"https:\/\/encinardeljamon.com\/es\/wp-json\/wp\/v2\/comments?post=3546"}],"wp:featuredmedia":[{"embeddable":true,"href":"https:\/\/encinardeljamon.com\/es\/wp-json\/wp\/v2\/media\/3547"}],"wp:attachment":[{"href":"https:\/\/encinardeljamon.com\/es\/wp-json\/wp\/v2\/media?parent=3546"}],"wp:term":[{"taxonomy":"product_brand","embeddable":true,"href":"https:\/\/encinardeljamon.com\/es\/wp-json\/wp\/v2\/product_brand?post=3546"},{"taxonomy":"product_cat","embeddable":true,"href":"https:\/\/encinardeljamon.com\/es\/wp-json\/wp\/v2\/product_cat?post=3546"},{"taxonomy":"product_tag","embeddable":true,"href":"https:\/\/encinardeljamon.com\/es\/wp-json\/wp\/v2\/product_tag?post=3546"},{"taxonomy":"yst_prominent_words","embeddable":true,"href":"https:\/\/encinardeljamon.com\/es\/wp-json\/wp\/v2\/yst_prominent_words?post=3546"}],"curies":[{"name":"wp","href":"https:\/\/api.w.org\/{rel}","templated":true}]}}