{"id":3543,"date":"2024-11-10T18:56:38","date_gmt":"2024-11-10T18:56:38","guid":{"rendered":"https:\/\/encinardeljamon.com\/?post_type=product&#038;p=3543"},"modified":"2025-04-12T10:53:37","modified_gmt":"2025-04-12T10:53:37","slug":"queso-madurado-de-cabra-600gr","status":"publish","type":"product","link":"https:\/\/encinardeljamon.com\/es\/product\/queso-madurado-de-cabra-600gr\/","title":{"rendered":"Queso Madurado de Cabra 600gr"},"content":{"rendered":"<div class=\"text-break\">\n<p>Los quesos de cabra contienen una variedad de matices que permiten disfrutar de diferentes sensaciones en boca. Desde el sabor intenso del natural, pasando por los suaves matices de la variedad piment\u00f3n o los sabores intensos de los de tomillo o romero.<\/p>\n<p>Desde el sabor intenso de los Madurados, pasando por los suaves del Piment\u00f3n o los matices de caza de los de Tomillo o Romero hasta llegar al sabor intenso, agradable y diferente del S\u00fammum, elaborado con corteza comestible\u00a0de penicilium, que completan una gama variada, compensada y complementaria para disfrutar del placer de su degustaci\u00f3n.<\/p>\n<h2>Sugerencias de consumo<\/h2>\n<ul>\n<li>Acomp\u00e1\u00f1alo de frutas como los higos, las uvas, los frutos rojos, el pl\u00e1tano, el albaricoque o el melocot\u00f3n.<\/li>\n<li>Ponlo sobre tostas de pan con frutos secos y miel.<\/li>\n<li>Comb\u00ednalo con membrillo y r\u00facula en una ensalada.<\/li>\n<\/ul>\n<\/div>\n","protected":false},"excerpt":{"rendered":"<div class=\"text-break\">\n<p>Queso elaborado mediante leche de cabra, madurado el tiempo necesario para lograr un tacto suave que aporta a su vez un sabor con personalidad e intensidad.<\/p>\n<p>De consumo agradable, su gusto equilibrado satisface a todo tipo de paladares.<\/p>\n<p>Presentaci\u00f3n de 600gr envasado al vac\u00edo.<\/p>\n<\/div>\n","protected":false},"featured_media":3544,"comment_status":"closed","ping_status":"closed","template":"","meta":{"site-sidebar-layout":"default","site-content-layout":"","ast-site-content-layout":"default","site-content-style":"default","site-sidebar-style":"default","ast-global-header-display":"","ast-banner-title-visibility":"","ast-main-header-display":"","ast-hfb-above-header-display":"","ast-hfb-below-header-display":"","ast-hfb-mobile-header-display":"","site-post-title":"","ast-breadcrumbs-content":"","ast-featured-img":"","footer-sml-layout":"","theme-transparent-header-meta":"default","adv-header-id-meta":"","stick-header-meta":"","header-above-stick-meta":"","header-main-stick-meta":"","header-below-stick-meta":"","astra-migrate-meta-layouts":"set","_joinchat":[]},"product_brand":[],"product_cat":[20,39],"product_tag":[],"yst_prominent_words":[],"class_list":{"0":"post-3543","1":"product","2":"type-product","3":"status-publish","4":"has-post-thumbnail","6":"product_cat-aceites-quesos-y-embutidos","7":"product_cat-ofertas-y-novedades","8":"desktop-align-left","9":"tablet-align-left","10":"mobile-align-left","12":"first","13":"instock","14":"taxable","15":"shipping-taxable","16":"purchasable","17":"product-type-simple"},"_links":{"self":[{"href":"https:\/\/encinardeljamon.com\/es\/wp-json\/wp\/v2\/product\/3543","targetHints":{"allow":["GET"]}}],"collection":[{"href":"https:\/\/encinardeljamon.com\/es\/wp-json\/wp\/v2\/product"}],"about":[{"href":"https:\/\/encinardeljamon.com\/es\/wp-json\/wp\/v2\/types\/product"}],"replies":[{"embeddable":true,"href":"https:\/\/encinardeljamon.com\/es\/wp-json\/wp\/v2\/comments?post=3543"}],"wp:featuredmedia":[{"embeddable":true,"href":"https:\/\/encinardeljamon.com\/es\/wp-json\/wp\/v2\/media\/3544"}],"wp:attachment":[{"href":"https:\/\/encinardeljamon.com\/es\/wp-json\/wp\/v2\/media?parent=3543"}],"wp:term":[{"taxonomy":"product_brand","embeddable":true,"href":"https:\/\/encinardeljamon.com\/es\/wp-json\/wp\/v2\/product_brand?post=3543"},{"taxonomy":"product_cat","embeddable":true,"href":"https:\/\/encinardeljamon.com\/es\/wp-json\/wp\/v2\/product_cat?post=3543"},{"taxonomy":"product_tag","embeddable":true,"href":"https:\/\/encinardeljamon.com\/es\/wp-json\/wp\/v2\/product_tag?post=3543"},{"taxonomy":"yst_prominent_words","embeddable":true,"href":"https:\/\/encinardeljamon.com\/es\/wp-json\/wp\/v2\/yst_prominent_words?post=3543"}],"curies":[{"name":"wp","href":"https:\/\/api.w.org\/{rel}","templated":true}]}}