{"id":3514,"date":"2024-11-07T23:57:08","date_gmt":"2024-11-07T23:57:08","guid":{"rendered":"https:\/\/encinardeljamon.com\/?post_type=product&#038;p=3514"},"modified":"2025-11-07T22:26:01","modified_gmt":"2025-11-07T22:26:01","slug":"jamon-bellota-100-iberico-100-natural","status":"publish","type":"product","link":"https:\/\/encinardeljamon.com\/es\/product\/jamon-bellota-100-iberico-100-natural\/","title":{"rendered":"Jam\u00f3n bellota 100% ib\u00e9rico 100% natural"},"content":{"rendered":"<p><strong>Ingredientes<br \/>\n<\/strong>Jam\u00f3n de cerdo de bellota 100 % ib\u00e9rico y sal marina<\/p>\n<table class=\"woocommerce-product-attributes shop_attributes\">\n<tbody>\n<tr class=\"woocommerce-product-attributes-item woocommerce-product-attributes-item--attribute_pa_curacion\">\n<th class=\"woocommerce-product-attributes-item__label\">Curacion<\/th>\n<td class=\"woocommerce-product-attributes-item__value\">+De 36 meses en secaderos y curaci\u00f3n natural<\/td>\n<\/tr>\n<\/tbody>\n<\/table>\n<p><strong>Presentaci\u00f3n<\/strong><br \/>\nPieza entera. 8-9 kg.<\/p>\n<p><strong>Instrucciones de Conservaci\u00f3n<br \/>\n<\/strong>Conserve el jam\u00f3n entero y fuera de su envoltorio, en lugar seco, a temperatura ambiente (aprox.20\u00ba C\/25\u00ba C).<\/p>\n<p>&nbsp;<\/p>\n<p>El jam\u00f3n ib\u00e9rico es un\u00a0 producto excelente\u00a0 que tiene unas magn\u00edficas propiedades beneficiosas para la salud.<br \/>\nLa grasa de este jam\u00f3n contiene un \u00a0porcentaje elevado de \u00e1cidos grasos monoinsaturados en \u00e1cido oleico y esta reconocido como uno de los productos con niveles prote\u00ednicos m\u00e1s elevados, por eso recomendamos este jam\u00f3n, porque su grasa contiene una mayor calidad de grasa insaturada.<br \/>\nNuestros jamones ib\u00e9ricos se caracterizan por su contenido reducido en sal, por la alimentaci\u00f3n del cerdo a base de bellotas, hierbas y cereales, se cr\u00edan en el campo en libertad, poseen la justa grasa, un aroma y un sabor extraordinarios. A lo largo de los a\u00f1os hemos adquirido una experiencia que, junto a la raza seleccionada y \u00fanica, determina la excepcional calidad de nuestros jamones. Todo esto m\u00e1s la esmerada atenci\u00f3n al cliente, hace de nuestros productos una elecci\u00f3n totalmente acertada, digna de los paladares m\u00e1s exigentes y caprichosos.<\/p>\n<p><strong>Informaci\u00f3n nutricional<\/strong><br \/>\nValores aproximados por 100 g.<\/p>\n<table>\n<tbody>\n<tr>\n<td width=\"219\">Valor energ\u00e9tico:<\/td>\n<td width=\"219\">1695,3 KJ\/ 404,9 Kcal<\/td>\n<\/tr>\n<tr>\n<td width=\"219\">Grasas:<\/td>\n<td width=\"219\">31,71 g<\/td>\n<\/tr>\n<tr>\n<td width=\"219\">De las cuales saturadas<\/td>\n<td width=\"219\">12,87 g<\/td>\n<\/tr>\n<tr>\n<td width=\"219\">Hidratos de carbono<\/td>\n<td width=\"219\">0,48 g<\/td>\n<\/tr>\n<tr>\n<td width=\"219\">De los cuales azucares<\/td>\n<td width=\"219\">0,24 g<\/td>\n<\/tr>\n<tr>\n<td width=\"219\">Prote\u00ednas<\/td>\n<td width=\"219\">29,39 g<\/td>\n<\/tr>\n<tr>\n<td width=\"219\">Sal<\/td>\n<td width=\"219\">3,52 g<\/td>\n<\/tr>\n<\/tbody>\n<\/table>\n<p>&nbsp;<\/p>\n","protected":false},"excerpt":{"rendered":"<p><strong>Ingredientes<br \/>\n<\/strong>Jam\u00f3n de cerdo de bellota 100 % ib\u00e9rico y sal marina<\/p>\n<table class=\"woocommerce-product-attributes shop_attributes\">\n<tbody>\n<tr class=\"woocommerce-product-attributes-item woocommerce-product-attributes-item--attribute_pa_curacion\">\n<th class=\"woocommerce-product-attributes-item__label\">Curacion<\/th>\n<td class=\"woocommerce-product-attributes-item__value\">+De 36 meses en secaderos y curaci\u00f3n natural<\/td>\n<\/tr>\n<\/tbody>\n<\/table>\n<p><strong>Presentaci\u00f3n<\/strong><br \/>\nPieza entera. 8-9 kg.<\/p>\n<p><strong>Instrucciones de Conservaci\u00f3n<br \/>\n<\/strong>Conserve el jam\u00f3n entero y fuera de su envoltorio, en lugar seco, a temperatura ambiente (aprox.20\u00ba C\/25\u00ba C).<\/p>\n<p>&nbsp;<\/p>\n<p>&nbsp;<\/p>\n","protected":false},"featured_media":3515,"comment_status":"closed","ping_status":"closed","template":"","meta":{"site-sidebar-layout":"default","site-content-layout":null,"ast-site-content-layout":"default","site-content-style":"default","site-sidebar-style":"default","ast-global-header-display":"","ast-banner-title-visibility":"","ast-main-header-display":"","ast-hfb-above-header-display":null,"ast-hfb-below-header-display":null,"ast-hfb-mobile-header-display":"","site-post-title":"","ast-breadcrumbs-content":null,"ast-featured-img":"","footer-sml-layout":"","theme-transparent-header-meta":"default","adv-header-id-meta":null,"stick-header-meta":null,"header-above-stick-meta":null,"header-main-stick-meta":null,"header-below-stick-meta":null,"astra-migrate-meta-layouts":"set","_joinchat":[]},"product_brand":[],"product_cat":[17],"product_tag":[],"yst_prominent_words":[],"class_list":{"0":"post-3514","1":"product","2":"type-product","3":"status-publish","4":"has-post-thumbnail","6":"product_cat-jamones-y-paletas","7":"desktop-align-left","8":"tablet-align-left","9":"mobile-align-left","11":"first","12":"instock","13":"taxable","14":"shipping-taxable","15":"purchasable","16":"product-type-simple"},"_links":{"self":[{"href":"https:\/\/encinardeljamon.com\/es\/wp-json\/wp\/v2\/product\/3514","targetHints":{"allow":["GET"]}}],"collection":[{"href":"https:\/\/encinardeljamon.com\/es\/wp-json\/wp\/v2\/product"}],"about":[{"href":"https:\/\/encinardeljamon.com\/es\/wp-json\/wp\/v2\/types\/product"}],"replies":[{"embeddable":true,"href":"https:\/\/encinardeljamon.com\/es\/wp-json\/wp\/v2\/comments?post=3514"}],"wp:featuredmedia":[{"embeddable":true,"href":"https:\/\/encinardeljamon.com\/es\/wp-json\/wp\/v2\/media\/3515"}],"wp:attachment":[{"href":"https:\/\/encinardeljamon.com\/es\/wp-json\/wp\/v2\/media?parent=3514"}],"wp:term":[{"taxonomy":"product_brand","embeddable":true,"href":"https:\/\/encinardeljamon.com\/es\/wp-json\/wp\/v2\/product_brand?post=3514"},{"taxonomy":"product_cat","embeddable":true,"href":"https:\/\/encinardeljamon.com\/es\/wp-json\/wp\/v2\/product_cat?post=3514"},{"taxonomy":"product_tag","embeddable":true,"href":"https:\/\/encinardeljamon.com\/es\/wp-json\/wp\/v2\/product_tag?post=3514"},{"taxonomy":"yst_prominent_words","embeddable":true,"href":"https:\/\/encinardeljamon.com\/es\/wp-json\/wp\/v2\/yst_prominent_words?post=3514"}],"curies":[{"name":"wp","href":"https:\/\/api.w.org\/{rel}","templated":true}]}}